{"id":110,"date":"2020-01-07T21:16:32","date_gmt":"2020-01-07T21:16:32","guid":{"rendered":"https:\/\/www.lreply.com\/?page_id=110"},"modified":"2024-10-13T15:45:22","modified_gmt":"2024-10-13T15:45:22","slug":"platform","status":"publish","type":"page","link":"https:\/\/www.lreply.com\/de\/plattform\/","title":{"rendered":"Plattform"},"content":{"rendered":"<h1 class=\"has-text-align-center\">KI-basierte Plattform zur Produktdifferenzierung<\/h1>\n\n\n\n<p class=\"has-white-background-color has-background has-normal-font-size\"> Zahlreiche Studien belegen \u00fcbereinstimmend, dass ein positiver Zusammenhang zwischen Differenzierung und Unternehmensleistung besteht. Wir ergreifen unerforschte Chancen im Bereich der Konsumg\u00fcter und Dienstleistungen und erm\u00f6glichen es au\u00dfergew\u00f6hnlichen Unternehmen, ihre besten und k\u00fchnsten Ideen zu verfolgen. Wir sind davon \u00fcberzeugt, dass die Tiefe, Breite und der Umfang unserer quantitativen Forschung konkurrenzlos ist.<\/p>\n\n\n\n<p class=\"has-white-background-color has-background has-normal-font-size\">Unser quantitatives Forschungsteam, das in unsere KI-basierte Plattform zur Produktdifferenzierung investiert, kombiniert mathematisches Talent mit Unternehmergeist, um wertsch\u00f6pfende Merkmale in Ihren Produkten zu entdecken. Mithilfe fortschrittlicher Berechnungs- und Simulationsfunktionen erstellen unsere Spezialisten f\u00fcr quantitative Forschung leistungsstarke Modelle, um den Wert Ihrer Produkte zu ermitteln. Unsere KI-basierte quantitative Analyseplattform nutzt Ihre Produktdaten (Merkmale), um Marktchancen aufzudecken, die f\u00fcr die Verbraucher wertvoller sind.<\/p>\n\n\n\n<div class=\"wp-block-image\"><figure class=\"aligncenter size-full\"><img loading=\"lazy\" width=\"1000\" height=\"524\" src=\"https:\/\/www.lreply.com\/wp-content\/uploads\/2024\/10\/DataScientists_together_iN_oFFICE-1.png\" alt=\"\" class=\"wp-image-5039\" srcset=\"https:\/\/www.lreply.com\/wp-content\/uploads\/2024\/10\/DataScientists_together_iN_oFFICE-1.png 1000w, https:\/\/www.lreply.com\/wp-content\/uploads\/2024\/10\/DataScientists_together_iN_oFFICE-1-300x157.png 300w, https:\/\/www.lreply.com\/wp-content\/uploads\/2024\/10\/DataScientists_together_iN_oFFICE-1-768x402.png 768w, https:\/\/www.lreply.com\/wp-content\/uploads\/2024\/10\/DataScientists_together_iN_oFFICE-1-18x9.png 18w\" sizes=\"(max-width: 1000px) 100vw, 1000px\" \/><\/figure><\/div>\n\n\n\n<p class=\"has-white-background-color has-background has-normal-font-size\">To deliver a better customer experience and gain a competitive advantage, consumer products companies are pursuing omnichannel sales and e-commerce, in addition to deploying big data, analytics and artificial intelligence (AI) solutions. In addition, Internet of Things (IoT) devices and 3D printing technology are enabling consumer products companies to improve direct distribution to meet rising customer expectations. To meet these challenges, consumer involvement in product development is essential, with online and physical testing becoming increasingly important in product research.<\/p>\n\n\n\n<h2 class=\"has-text-align-center\">Ein genauerer Blick auf unsere Plattform<\/h2>\n\n\n\n<p class=\"has-white-background-color has-background\">Die vielen Unternehmen im FMCG-Sektor geh\u00f6ren zu den innovativsten Unternehmen der letzten Generation. Eine Handvoll Branchenf\u00fchrer reiht sich schnell in diese Riege ein, indem sie ihr Kerngesch\u00e4ft rund um Daten und Digitaltechnik neu erfinden, indem sie den Verbraucher w\u00e4hrend des gesamten Produktentstehungsprozesses, von der Markteinf\u00fchrung bis zur Vermarktung, einbeziehen.<\/p>\n\n\n\n<p class=\"has-white-background-color has-background\">Die modulare Rechenkonfiguration unserer Plattform erm\u00f6glicht es FMCG-Unternehmen, unabh\u00e4ngig von ihrer Gr\u00f6\u00dfe schneller und innovativer zu werden. Sie sind in der Lage, zu experimentieren, zu scheitern, zu lernen und sich schnell weiterzuentwickeln: Sie k\u00f6nnen ihre Produkte schneller auf den Markt bringen als ihre gr\u00f6\u00dferen Konkurrenten (in Wochen statt Monaten). Mit dieser Art von Geschwindigkeit und Flexibilit\u00e4t k\u00f6nnen und sollten Produkttests (physisch und online) zu einer Achse f\u00fcr Innovation und Wachstum werden.<\/p>\n\n\n\n<div class=\"wp-block-image\"><figure class=\"aligncenter size-full\"><img loading=\"lazy\" width=\"800\" height=\"651\" src=\"https:\/\/www.lreply.com\/wp-content\/uploads\/2023\/02\/user_experience_monitoring.jpg\" alt=\"\" class=\"wp-image-3571\" srcset=\"https:\/\/www.lreply.com\/wp-content\/uploads\/2023\/02\/user_experience_monitoring.jpg 800w, https:\/\/www.lreply.com\/wp-content\/uploads\/2023\/02\/user_experience_monitoring-300x244.jpg 300w, https:\/\/www.lreply.com\/wp-content\/uploads\/2023\/02\/user_experience_monitoring-768x625.jpg 768w, https:\/\/www.lreply.com\/wp-content\/uploads\/2023\/02\/user_experience_monitoring-15x12.jpg 15w\" sizes=\"(max-width: 800px) 100vw, 800px\" \/><figcaption>Digital generated image of popsicles organized into circular pattern on beige background.<\/figcaption><\/figure><\/div>\n\n\n\n<h2 class=\"has-text-align-center\">Vorteile<\/h2>\n\n\n\n<p class=\"has-white-background-color has-background\">Die vielen Unternehmen im FMCG-Sektor geh\u00f6ren zu den innovativsten Unternehmen der letzten Generation. Eine Handvoll Branchenf\u00fchrer reiht sich schnell in diese Riege ein, indem sie ihr Kerngesch\u00e4ft rund um Daten und Digitaltechnik neu erfinden, indem sie den Verbraucher w\u00e4hrend des gesamten Produktentstehungsprozesses, von der Markteinf\u00fchrung bis zur Vermarktung, einbeziehen.<\/p>\n\n\n\n<p class=\"has-white-background-color has-background\">Diese Unternehmen zeichnen sich dadurch aus, dass sie dank ihrer Technologie schneller, flexibler und in gr\u00f6\u00dferem Umfang agieren k\u00f6nnen als ihre Konkurrenten. All diese Funktionalit\u00e4ten sind in der LReply-Plattform vorhanden.<\/p>\n\n\n\n<p class=\"has-white-background-color has-background\">Unsere Plattform besteht aus einer logischen Reihe von Aktivit\u00e4ten und zugeh\u00f6rigen Technologien, die auf bestimmte Unternehmensziele ausgerichtet sind: Steigerung der Rentabilit\u00e4t Ihres Unternehmens und Verbesserung Ihrer Produkte, die digital oder physisch sein k\u00f6nnen. Unsere Plattform kann einzeln oder als Gruppe verwaltet werden, die Module k\u00f6nnen ausgetauscht werden, und wenn sie zusammengef\u00fcgt sind, bilden sie das R\u00fcckgrat unserer technologischen Leistungsf\u00e4higkeit. Wichtig ist auch, dass die Gesch\u00e4fts- und Technikteams im Unternehmen eng zusammenarbeiten und die Entscheidungsbefugnis haben, schnell zu handeln.<\/p>\n\n\n\n<div class=\"wp-block-image\"><figure class=\"aligncenter size-full\"><img loading=\"lazy\" width=\"1021\" height=\"562\" src=\"https:\/\/www.lreply.com\/wp-content\/uploads\/2022\/10\/lreply-platforme-test.jpg\" alt=\"\" class=\"wp-image-3280\" srcset=\"https:\/\/www.lreply.com\/wp-content\/uploads\/2022\/10\/lreply-platforme-test.jpg 1021w, https:\/\/www.lreply.com\/wp-content\/uploads\/2022\/10\/lreply-platforme-test-300x165.jpg 300w, https:\/\/www.lreply.com\/wp-content\/uploads\/2022\/10\/lreply-platforme-test-768x423.jpg 768w, https:\/\/www.lreply.com\/wp-content\/uploads\/2022\/10\/lreply-platforme-test-18x10.jpg 18w\" sizes=\"(max-width: 1021px) 100vw, 1021px\" \/><\/figure><\/div>\n\n\n\n<p class=\"has-white-background-color has-background\">Die modulare Rechenkonfiguration unserer Plattform erm\u00f6glicht es FMCG-Unternehmen, unabh\u00e4ngig von ihrer Gr\u00f6\u00dfe schneller und innovativer zu werden. Sie sind in der Lage, zu experimentieren, zu scheitern, zu lernen und sich schnell weiterzuentwickeln: Sie k\u00f6nnen ihre Produkte schneller auf den Markt bringen als ihre gr\u00f6\u00dferen Konkurrenten (in Wochen statt Monaten). Mit dieser Art von Geschwindigkeit und Flexibilit\u00e4t k\u00f6nnen und sollten Produkttests (physisch und online) zu einer Achse f\u00fcr Innovation und Wachstum werden.<\/p>\n\n\n\n<h2 class=\"has-text-align-center\">Wie der Plattformbetrieb in der Praxis in einem Unternehmen aussieht<\/h2>\n\n\n\n<p class=\"has-white-background-color has-background\">Die Plattform von LReply konzentriert sich auf Gesch\u00e4ftsl\u00f6sungen (Sustainability Customer Experience, Digitalisierung, E-Commerce von Konsumg\u00fctern, Big Data und Analytics, Artificial Intelligence Analytics, K\u00fcnstliche Intelligenz, Direktvertrieb, Internet der Dinge, Blockchain, kurz gesagt, Verbesserung der Produktqualit\u00e4t), um Kunden (intern oder extern) zu bedienen. Die Module arbeiten intern als unabh\u00e4ngige Einheiten, die die Aktivit\u00e4ten der Kunden durch Technologie, Governance und Prozesse zusammenf\u00fchren. Sie werden von der LReply GmbH gef\u00fchrt, die die End-to-End-Verantwortung f\u00fcr die Bereitstellung der Daten und deren Betrieb als Service \u00fcbernimmt.<\/p>\n\n\n\n<div class=\"wp-block-image\"><figure class=\"aligncenter size-full\"><img loading=\"lazy\" width=\"1021\" height=\"562\" src=\"https:\/\/www.lreply.com\/wp-content\/uploads\/2022\/10\/spaguetti-motor.jpg\" alt=\"\" class=\"wp-image-3282\" srcset=\"https:\/\/www.lreply.com\/wp-content\/uploads\/2022\/10\/spaguetti-motor.jpg 1021w, https:\/\/www.lreply.com\/wp-content\/uploads\/2022\/10\/spaguetti-motor-300x165.jpg 300w, https:\/\/www.lreply.com\/wp-content\/uploads\/2022\/10\/spaguetti-motor-768x423.jpg 768w, https:\/\/www.lreply.com\/wp-content\/uploads\/2022\/10\/spaguetti-motor-18x10.jpg 18w\" sizes=\"(max-width: 1021px) 100vw, 1021px\" \/><\/figure><\/div>\n\n\n\n<h2 class=\"has-text-align-center\">Kontrolle<\/h2>\n\n\n\n<p class=\"has-black-color has-white-background-color has-text-color has-background\">Unsere Plattform besteht aus vielen verschiedenen Einheiten\/Modulen (u. a. Forschungs-Tools, CX-Tools, Umfrage-Tools, Panel-Angebote, Reporting-Tools usw.), deren Wert jedoch in der Effektivit\u00e4t der Zusammenarbeit zwischen LReply und dem Kunden liegt.<\/p>\n\n\n\n<div class=\"wp-block-image\"><figure class=\"aligncenter size-full\"><img loading=\"lazy\" width=\"1024\" height=\"679\" src=\"https:\/\/www.lreply.com\/wp-content\/uploads\/2022\/10\/prototype-bg-lreply.jpg\" alt=\"\" class=\"wp-image-3276\" srcset=\"https:\/\/www.lreply.com\/wp-content\/uploads\/2022\/10\/prototype-bg-lreply.jpg 1024w, https:\/\/www.lreply.com\/wp-content\/uploads\/2022\/10\/prototype-bg-lreply-300x199.jpg 300w, https:\/\/www.lreply.com\/wp-content\/uploads\/2022\/10\/prototype-bg-lreply-768x509.jpg 768w, https:\/\/www.lreply.com\/wp-content\/uploads\/2022\/10\/prototype-bg-lreply-18x12.jpg 18w\" sizes=\"(max-width: 1024px) 100vw, 1024px\" \/><\/figure><\/div>\n\n\n\n<p class=\"has-white-background-color has-background\">Viele Unternehmen haben in der Vergangenheit \u00fcbersehen, wie wichtig es ist, dass alles zusammenspielt, und wie wichtig die Transparenz des Datenreportings bei Kampagnen ist. Heute k\u00f6nnen wir mit LReply den gesamten physischen Prozess der Datenverwertung \u00fcber unsere Plattform transparent verfolgen.<\/p>","protected":false},"excerpt":{"rendered":"<p>AI-based product differentiation platform According to numerous studies, there is a general consensus on the existence of a positive relationship between differentiation and organizational performance. We seize unexplored opportunities in consumer products and services, enabling exceptional companies to pursue their [&hellip;]<\/p>","protected":false},"author":1,"featured_media":3202,"parent":0,"menu_order":0,"comment_status":"closed","ping_status":"closed","template":"","meta":{"content-type":"","_monsterinsights_skip_tracking":false,"_monsterinsights_sitenote_active":false,"_monsterinsights_sitenote_note":"","_monsterinsights_sitenote_category":0},"yoast_head":"<!-- This site is optimized with the Yoast SEO plugin v19.4 - https:\/\/yoast.com\/wordpress\/plugins\/seo\/ -->\n<title>Our AI-based platform for product differentiation<\/title>\n<meta name=\"description\" content=\"Manage all your data from a single, secure platform. We provide the infrastructure to help you grow your business.\" \/>\n<meta name=\"robots\" content=\"index, follow, max-snippet:-1, max-image-preview:large, max-video-preview:-1\" \/>\n<link rel=\"canonical\" href=\"https:\/\/www.lreply.com\/de\/plattform\/\" \/>\n<meta property=\"og:locale\" content=\"de_DE\" \/>\n<meta property=\"og:type\" content=\"article\" \/>\n<meta property=\"og:title\" content=\"Our AI-based platform for product differentiation\" \/>\n<meta property=\"og:description\" content=\"Manage all your data from a single, secure platform. We provide the infrastructure to help you grow your business.\" \/>\n<meta property=\"og:url\" content=\"https:\/\/www.lreply.com\/de\/plattform\/\" \/>\n<meta property=\"og:site_name\" content=\"LReply\" \/>\n<meta property=\"article:modified_time\" content=\"2024-10-13T15:45:22+00:00\" \/>\n<meta property=\"og:image\" content=\"https:\/\/www.lreply.com\/wp-content\/uploads\/2022\/10\/gemeinsam.jpg\" \/>\n\t<meta property=\"og:image:width\" content=\"1500\" \/>\n\t<meta property=\"og:image:height\" content=\"991\" \/>\n\t<meta property=\"og:image:type\" content=\"image\/jpeg\" \/>\n<meta name=\"twitter:card\" content=\"summary_large_image\" \/>\n<meta name=\"twitter:label1\" content=\"Est. reading time\" \/>\n\t<meta name=\"twitter:data1\" content=\"5 minutes\" \/>\n<script type=\"application\/ld+json\" class=\"yoast-schema-graph\">{\"@context\":\"https:\/\/schema.org\",\"@graph\":[{\"@type\":\"Organization\",\"@id\":\"https:\/\/www.lreply.com\/#organization\",\"name\":\"LReply\",\"url\":\"https:\/\/www.lreply.com\/\",\"sameAs\":[],\"logo\":{\"@type\":\"ImageObject\",\"inLanguage\":\"de-DE-formal\",\"@id\":\"https:\/\/www.lreply.com\/#\/schema\/logo\/image\/\",\"url\":\"https:\/\/www.lreply.com\/wp-content\/uploads\/2021\/09\/Logo-LReply-Standart.png\",\"contentUrl\":\"https:\/\/www.lreply.com\/wp-content\/uploads\/2021\/09\/Logo-LReply-Standart.png\",\"width\":512,\"height\":512,\"caption\":\"LReply\"},\"image\":{\"@id\":\"https:\/\/www.lreply.com\/#\/schema\/logo\/image\/\"}},{\"@type\":\"WebSite\",\"@id\":\"https:\/\/www.lreply.com\/#website\",\"url\":\"https:\/\/www.lreply.com\/\",\"name\":\"LReply\",\"description\":\"Marketing success through differentiation\",\"publisher\":{\"@id\":\"https:\/\/www.lreply.com\/#organization\"},\"potentialAction\":[{\"@type\":\"SearchAction\",\"target\":{\"@type\":\"EntryPoint\",\"urlTemplate\":\"https:\/\/www.lreply.com\/?s={search_term_string}\"},\"query-input\":\"required name=search_term_string\"}],\"inLanguage\":\"de-DE-formal\"},{\"@type\":\"WebPage\",\"@id\":\"https:\/\/www.lreply.com\/platform\/\",\"url\":\"https:\/\/www.lreply.com\/platform\/\",\"name\":\"Our AI-based platform for product differentiation\",\"isPartOf\":{\"@id\":\"https:\/\/www.lreply.com\/#website\"},\"datePublished\":\"2020-01-07T21:16:32+00:00\",\"dateModified\":\"2024-10-13T15:45:22+00:00\",\"description\":\"Manage all your data from a single, secure platform. We provide the infrastructure to help you grow your business.\",\"breadcrumb\":{\"@id\":\"https:\/\/www.lreply.com\/platform\/#breadcrumb\"},\"inLanguage\":\"de-DE-formal\",\"potentialAction\":[{\"@type\":\"ReadAction\",\"target\":[\"https:\/\/www.lreply.com\/platform\/\"]}]},{\"@type\":\"BreadcrumbList\",\"@id\":\"https:\/\/www.lreply.com\/platform\/#breadcrumb\",\"itemListElement\":[{\"@type\":\"ListItem\",\"position\":1,\"name\":\"Home\",\"item\":\"https:\/\/www.lreply.com\/\"},{\"@type\":\"ListItem\",\"position\":2,\"name\":\"Platform\"}]}]}<\/script>\n<!-- \/ Yoast SEO plugin. -->","yoast_head_json":{"title":"Our AI-based platform for product differentiation","description":"Manage all your data from a single, secure platform. We provide the infrastructure to help you grow your business.","robots":{"index":"index","follow":"follow","max-snippet":"max-snippet:-1","max-image-preview":"max-image-preview:large","max-video-preview":"max-video-preview:-1"},"canonical":"https:\/\/www.lreply.com\/de\/plattform\/","og_locale":"de_DE","og_type":"article","og_title":"Our AI-based platform for product differentiation","og_description":"Manage all your data from a single, secure platform. We provide the infrastructure to help you grow your business.","og_url":"https:\/\/www.lreply.com\/de\/plattform\/","og_site_name":"LReply","article_modified_time":"2024-10-13T15:45:22+00:00","og_image":[{"width":1500,"height":991,"url":"https:\/\/www.lreply.com\/wp-content\/uploads\/2022\/10\/gemeinsam.jpg","type":"image\/jpeg"}],"twitter_card":"summary_large_image","twitter_misc":{"Est. reading time":"5 minutes"},"schema":{"@context":"https:\/\/schema.org","@graph":[{"@type":"Organization","@id":"https:\/\/www.lreply.com\/#organization","name":"LReply","url":"https:\/\/www.lreply.com\/","sameAs":[],"logo":{"@type":"ImageObject","inLanguage":"de-DE-formal","@id":"https:\/\/www.lreply.com\/#\/schema\/logo\/image\/","url":"https:\/\/www.lreply.com\/wp-content\/uploads\/2021\/09\/Logo-LReply-Standart.png","contentUrl":"https:\/\/www.lreply.com\/wp-content\/uploads\/2021\/09\/Logo-LReply-Standart.png","width":512,"height":512,"caption":"LReply"},"image":{"@id":"https:\/\/www.lreply.com\/#\/schema\/logo\/image\/"}},{"@type":"WebSite","@id":"https:\/\/www.lreply.com\/#website","url":"https:\/\/www.lreply.com\/","name":"LReply","description":"Marketing success through differentiation","publisher":{"@id":"https:\/\/www.lreply.com\/#organization"},"potentialAction":[{"@type":"SearchAction","target":{"@type":"EntryPoint","urlTemplate":"https:\/\/www.lreply.com\/?s={search_term_string}"},"query-input":"required name=search_term_string"}],"inLanguage":"de-DE-formal"},{"@type":"WebPage","@id":"https:\/\/www.lreply.com\/platform\/","url":"https:\/\/www.lreply.com\/platform\/","name":"Our AI-based platform for product differentiation","isPartOf":{"@id":"https:\/\/www.lreply.com\/#website"},"datePublished":"2020-01-07T21:16:32+00:00","dateModified":"2024-10-13T15:45:22+00:00","description":"Manage all your data from a single, secure platform. We provide the infrastructure to help you grow your business.","breadcrumb":{"@id":"https:\/\/www.lreply.com\/platform\/#breadcrumb"},"inLanguage":"de-DE-formal","potentialAction":[{"@type":"ReadAction","target":["https:\/\/www.lreply.com\/platform\/"]}]},{"@type":"BreadcrumbList","@id":"https:\/\/www.lreply.com\/platform\/#breadcrumb","itemListElement":[{"@type":"ListItem","position":1,"name":"Home","item":"https:\/\/www.lreply.com\/"},{"@type":"ListItem","position":2,"name":"Platform"}]}]}},"_links":{"self":[{"href":"https:\/\/www.lreply.com\/de\/wp-json\/wp\/v2\/pages\/110"}],"collection":[{"href":"https:\/\/www.lreply.com\/de\/wp-json\/wp\/v2\/pages"}],"about":[{"href":"https:\/\/www.lreply.com\/de\/wp-json\/wp\/v2\/types\/page"}],"author":[{"embeddable":true,"href":"https:\/\/www.lreply.com\/de\/wp-json\/wp\/v2\/users\/1"}],"replies":[{"embeddable":true,"href":"https:\/\/www.lreply.com\/de\/wp-json\/wp\/v2\/comments?post=110"}],"version-history":[{"count":5,"href":"https:\/\/www.lreply.com\/de\/wp-json\/wp\/v2\/pages\/110\/revisions"}],"predecessor-version":[{"id":5041,"href":"https:\/\/www.lreply.com\/de\/wp-json\/wp\/v2\/pages\/110\/revisions\/5041"}],"wp:featuredmedia":[{"embeddable":true,"href":"https:\/\/www.lreply.com\/de\/wp-json\/wp\/v2\/media\/3202"}],"wp:attachment":[{"href":"https:\/\/www.lreply.com\/de\/wp-json\/wp\/v2\/media?parent=110"}],"curies":[{"name":"wp","href":"https:\/\/api.w.org\/{rel}","templated":true}]}}