{"id":139,"date":"2020-01-08T16:54:12","date_gmt":"2020-01-08T16:54:12","guid":{"rendered":"https:\/\/www.lreply.com\/?page_id=139"},"modified":"2024-09-19T01:09:30","modified_gmt":"2024-09-19T01:09:30","slug":"ai-tools","status":"publish","type":"page","link":"https:\/\/www.lreply.com\/de\/plattform\/content-erstellung\/","title":{"rendered":"AI &#8211; Tools"},"content":{"rendered":"<h2 class=\"has-text-align-center\">Organisieren Sie alle Ihre Inhalte, die durch den Dialog generiert werden<\/h2>\n\n\n\n<p class=\"has-text-align-left\">Wir schaffen einen formalen Kanal zwischen dem Endverbraucher und der Marke, der einen direkten Einfluss auf das Produkt oder die Dienstleistung haben soll. <a href=\"https:\/\/www.lreply.com\/de\/plattform\/gespraeche\/\">Dank dieser Gespr\u00e4che erhalten wir Informationen dar\u00fcber, was der Verbraucher \u00fcber die Produkte des Unternehmens und seiner Konkurrenten denkt.<\/a>? Wie kann das Produkt ihrer Meinung nach verbessert werden? Wie ist die Einstellung der Kunden zum Produkt und zur Werbung daf\u00fcr? Was ist die Rolle des Kunden in seiner Familie? Die Forschung zum Verbraucherverhalten legt nahe, dass Art und Umfang der Dialogaktivit\u00e4ten durch den jeweiligen Kontext bedingt sind.<\/p>\n\n\n\n<div class=\"wp-block-image\"><figure class=\"aligncenter\"><img loading=\"lazy\" width=\"900\" height=\"423\" src=\"https:\/\/www.lreply.com\/wp-content\/uploads\/2022\/09\/sansoya.png\" alt=\"\" class=\"wp-image-3131\" srcset=\"https:\/\/www.lreply.com\/wp-content\/uploads\/2022\/09\/sansoya.png 900w, https:\/\/www.lreply.com\/wp-content\/uploads\/2022\/09\/sansoya-300x141.png 300w, https:\/\/www.lreply.com\/wp-content\/uploads\/2022\/09\/sansoya-768x361.png 768w, https:\/\/www.lreply.com\/wp-content\/uploads\/2022\/09\/sansoya-18x8.png 18w\" sizes=\"(max-width: 900px) 100vw, 900px\" \/><\/figure><\/div>\n\n\n\n<p class=\"has-text-align-left\">Die Inhalte, die wir auf unserer Plattform generieren, haben die Kraft, Ihr Produkt zu ver\u00e4ndern und dessen Qualit\u00e4t bei Ihrer Zielgruppe zu verbessern. Diese Art von Wirkung kann nur durch eine starke Community (unsere Datenbank enth\u00e4lt Daten von Personen mit hohem Lebenszeitwert und Kundenempfehlungen) f\u00fcr Produkttests erzielt werden.<br>Au\u00dferdem reicht es nicht aus, diese Daten zuf\u00e4llig und sporadisch auszuw\u00e4hlen.<br>Dank der hohen Lebenszeit- und Weiterempfehlungswerte sowie der Identifizierung spezifischer Ziele k\u00f6nnen wir wertvolle Botschaften erstellen, die mit diesen Zielen \u00fcbereinstimmen, und Inhalte verteilen. Dann k\u00f6nnen wir die Ergebnisse messen und die Strategie mit der Zeit verfeinern.<\/p>\n\n\n\n<p>Die Strategien, die wir anwenden, um aus den Inhalten der Produkttests Kapital zu schlagen, variieren je nach Sektor des Kunden. Es gibt jedoch bestimmte Schritte, die wir befolgen, um einen Plan zu entwickeln, der nachhaltig ist und zur Verbesserung Ihres Produkts und Ihres Unternehmens beitr\u00e4gt.<\/p>\n\n\n\n<h2>Spezifizierung der Ziele<\/h2>\n\n\n\n<p>Je nach dem vom Kunden gew\u00e4hlten Kampagnenformat legen wir von Anfang an die inhaltlichen Ziele fest. Diese Ziele helfen uns bei der Planung der Art der zu erstellenden Inhalte (durch Umfragen zu Produkttests).<\/p>\n\n\n\n<p>Dieser Prozess erfordert, dass wir die Werte Ihres Produkts eingehend untersuchen und Ihre Zielgruppe erforschen.<\/p>\n\n\n\n<p>Wir beginnen mit einer transparenten Definition Ihrer allgemeinen Marketingziele und wie Sie Ihre <a href=\"https:\/\/de.wikipedia.org\/wiki\/Content_marketing\">Content-Marketing-Strategie<\/a> um diese Ziele zu erreichen.<br>Je spezifischer Ihre Marketingziele sind, desto besser k\u00f6nnen wir die Inhalte auf diese Ziele abstimmen.<\/p>\n\n\n\n<h2>Planung<\/h2>\n\n\n\n<p>Sobald Ihre Ziele gekl\u00e4rt sind, geht die Plattform zu einer \u00dcberpr\u00fcfung der bisher erstellten Inhalte \u00fcber. Wir sehen uns an, was funktioniert hat, was nicht und was auf unserer Plattform ver\u00f6ffentlicht worden ist. Dies kann ganz einfach \u00fcber Berichte oder in Echtzeit auf unserer Plattform erfolgen. Sie k\u00f6nnen Berichte erstellen, um einen \u00dcberblick \u00fcber die Leistung aller Ihrer Inhalte zu erhalten.<\/p>\n\n\n\n<p>Auch ohne unsere digitale Plattform k\u00f6nnen Sie die Analyse Ihrer Daten einsehen, indem Sie sie \u00fcber Ihre E-Mail-Adresse exportieren. \u00dcber Ihr Konto k\u00f6nnen Sie ganz einfach die Statistiken der direkt von der Plattform generierten Ver\u00f6ffentlichungen exportieren. Das, wonach wir bei der Pr\u00fcfung suchen, sollte direkt auf die inhaltlichen Ziele abgestimmt sein. Wenn zum Beispiel eines der Ziele darin besteht, die Markenbekanntheit zu verbessern, schauen wir uns das an. <\/p>\n\n\n\n<p>Eine Inhaltsdiagnose hilft uns, das, was Sie f\u00fcr wirkungsvoll halten, mit quantitativen Daten zu belegen, um die Leistung der einzelnen Beitr\u00e4ge zu messen.<\/p>\n\n\n\n<p>Die Planung der Inhalte erfolgt bei der Vorbereitung der Kampagne auf der Plattform. Die Art der Inhalte kann konfiguriert werden. Scheuen Sie sich bei der Planung von Inhalten nicht davor, diese wiederzuverwenden und auf verschiedenen Social-Media-Plattformen zu ver\u00f6ffentlichen, um den gr\u00f6\u00dftm\u00f6glichen Nutzen daraus zu ziehen. Ber\u00fccksichtigen Sie bei der Entscheidung, wo Sie Ihre Inhalte ver\u00f6ffentlichen, auch die Arten von Inhalten, die auf der jeweiligen Plattform gut funktionieren, basierend auf Ihrem Audit. Bei der Planung ber\u00fccksichtigen wir, dass es Best Practices f\u00fcr die besten Zeiten (um die beste Reichweite zu erzielen) f\u00fcr das Posten und Versenden von Newslettern auf der jeweiligen Plattform gibt.<\/p>\n\n\n\n<h2>Regelm\u00e4\u00dfige Planung der Inhalte<\/h2>\n\n\n\n<p>Sobald Sie wissen, welche Inhalte am besten funktionieren und Sie Ihre Hauptziele festgelegt haben, ist es an der Zeit, einen Inhaltsplan zu erstellen. Ein Kalender, der in unserer Plattform f\u00fcr Produkttests enthalten ist, erm\u00f6glicht Ihnen einen ganzheitlichen Ansatz f\u00fcr die Planung von Inhalten. Er hilft Ihnen, Ihre Ideen zu visualisieren und sie so zu organisieren, dass die Umsetzung der Strategie einfacher wird. Der LReply-Content-Kalender wird zur Drehscheibe f\u00fcr alles, was Sie ver\u00f6ffentlichen.<\/p>\n\n\n\n<p><\/p>\n\n\n\n<div class=\"wp-block-group\"><div class=\"wp-block-group__inner-container\">\n<div class=\"wp-block-columns are-vertically-aligned-center\">\n<div class=\"wp-block-column is-vertically-aligned-center\" style=\"flex-basis:100%\">\n<div class=\"wp-block-columns\">\n<div class=\"wp-block-column\" style=\"flex-basis:100%\">\n<div class=\"wp-block-image\"><figure class=\"aligncenter\"><img loading=\"lazy\" width=\"1024\" height=\"396\" src=\"https:\/\/www.lreply.com\/wp-content\/uploads\/2022\/09\/contentcreator-for-lreply-1024x396.jpg\" alt=\"\" class=\"wp-image-3138\" srcset=\"https:\/\/www.lreply.com\/wp-content\/uploads\/2022\/09\/contentcreator-for-lreply-1024x396.jpg 1024w, https:\/\/www.lreply.com\/wp-content\/uploads\/2022\/09\/contentcreator-for-lreply-300x116.jpg 300w, https:\/\/www.lreply.com\/wp-content\/uploads\/2022\/09\/contentcreator-for-lreply-768x297.jpg 768w, https:\/\/www.lreply.com\/wp-content\/uploads\/2022\/09\/contentcreator-for-lreply-18x7.jpg 18w, https:\/\/www.lreply.com\/wp-content\/uploads\/2022\/09\/contentcreator-for-lreply.jpg 1500w\" sizes=\"(max-width: 1024px) 100vw, 1024px\" \/><\/figure><\/div>\n\n\n\n<p><\/p>\n<\/div>\n<\/div>\n<\/div>\n<\/div>\n<\/div><\/div>\n\n\n\n<h2>Gemessene Ergebnisse<\/h2>\n\n\n\n<p>Der letzte Schritt in unserer effektiven Content-Strategie besteht darin, die Ergebnisse auf der LReply-Plattform zu lesen. Eine korrekte Nachverfolgung ist f\u00fcr die Entwicklung einer nachhaltigen Strategie unerl\u00e4sslich. Detaillierte Statistiken helfen dabei, Ihren Plan mit der Zeit anzupassen und zu optimieren. Idealerweise sollten wir die Inhalte regelm\u00e4\u00dfig analysieren, um zu verfolgen, was funktioniert und gute Ergebnisse liefert. Bei der Datenanalyse sollten Sie sich einen \u00dcberblick \u00fcber Ihre Inhalte \u00fcber einen bestimmten Zeitraum verschaffen. Betrachten Sie die Leistung jedes einzelnen Inhalts und die Variablen, die zum Erfolg beigetragen haben. Beurteilen Sie, wie gut der Inhalt zu den allgemeinen Inhaltszielen beigetragen hat, die Sie in Schritt eins festgelegt haben. Diese Ergebnisse lassen sich auch in grafischen und exportierbaren Form.<\/p>\n\n\n\n<p>Zusammengefasst haben Sie die folgenden Punkte:<br><a href=\"https:\/\/en.wikipedia.org\/wiki\/Aware_(disambiguation)\">Awareness<\/a> - Die Anzahl der Zugriffe auf Ihre Inhalte, angegeben durch Impressionen und Reichweite<br><a href=\"https:\/\/de.wikipedia.org\/wiki\/Aware_(disambiguation)\">Commitments<\/a> - Die Anzahl der Reaktionen, Kommentare, Klicks und Likes, die Ihr Inhalt erh\u00e4lt<br><a href=\"https:\/\/de.wikipedia.org\/wiki\/Content_marketing\">ROI<\/a> - Umsetzungen und Verweise<\/p>\n\n\n\n<p>Wie wir Ihnen beim Content Audit gezeigt haben, h\u00e4ngen die Analysen ganz von Ihren Zielen als Kunde ab. Wenn Sie Ihre Ziele als Anker verwenden, k\u00f6nnen Sie Ihre Strategie feinabstimmen. Wenn Sie die Analysen jeden Monat messen, m\u00fcssen Sie nur kleine \u00c4nderungen vornehmen, um Ihre Inhaltsstrategie weiter zu optimieren.<\/p>\n\n\n\n<p>Die Planung einer effektiven Inhaltsstrategie f\u00fcr Produkttests ist ein fortlaufender, aber flexibler Zyklus. Wir planen den Prozess mit Ihren Ideen und befolgen diese wesentlichen Schritte, um einen Inhaltsplan zu entwickeln, der einen strategischen Ansatz f\u00fcr Ihre Ziele priorisiert.<\/p>","protected":false},"excerpt":{"rendered":"<p>Organize all your content, generated by the dialogue We create a Formal channel between the end user and the brand intended to have a direct influence on the product or service. Thanks to these conversations we can have information about [&hellip;]<\/p>","protected":false},"author":1,"featured_media":0,"parent":110,"menu_order":0,"comment_status":"closed","ping_status":"closed","template":"","meta":{"content-type":"","_monsterinsights_skip_tracking":false,"_monsterinsights_sitenote_active":false,"_monsterinsights_sitenote_note":"","_monsterinsights_sitenote_category":0},"yoast_head":"<!-- This site is optimized with the Yoast SEO plugin v19.4 - https:\/\/yoast.com\/wordpress\/plugins\/seo\/ -->\n<title>Content Creation Process<\/title>\n<meta name=\"description\" content=\"We provide easy to use Content-Writing Tools for Your target audience. We build Content Creation.\" \/>\n<meta name=\"robots\" content=\"index, follow, max-snippet:-1, max-image-preview:large, max-video-preview:-1\" \/>\n<link rel=\"canonical\" href=\"https:\/\/www.lreply.com\/de\/plattform\/content-erstellung\/\" \/>\n<meta property=\"og:locale\" content=\"de_DE\" \/>\n<meta property=\"og:type\" content=\"article\" \/>\n<meta property=\"og:title\" content=\"Content Creation Process\" \/>\n<meta property=\"og:description\" content=\"We provide easy to use Content-Writing Tools for Your target audience. We build Content Creation.\" \/>\n<meta property=\"og:url\" content=\"https:\/\/www.lreply.com\/de\/plattform\/content-erstellung\/\" \/>\n<meta property=\"og:site_name\" content=\"LReply\" \/>\n<meta property=\"article:modified_time\" content=\"2024-09-19T01:09:30+00:00\" \/>\n<meta property=\"og:image\" content=\"https:\/\/www.lreply.com\/wp-content\/uploads\/2022\/09\/sansoya.png\" \/>\n<meta name=\"twitter:card\" content=\"summary_large_image\" \/>\n<meta name=\"twitter:label1\" content=\"Est. reading time\" \/>\n\t<meta name=\"twitter:data1\" content=\"5 minutes\" \/>\n<script type=\"application\/ld+json\" class=\"yoast-schema-graph\">{\"@context\":\"https:\/\/schema.org\",\"@graph\":[{\"@type\":\"Organization\",\"@id\":\"https:\/\/www.lreply.com\/#organization\",\"name\":\"LReply\",\"url\":\"https:\/\/www.lreply.com\/\",\"sameAs\":[],\"logo\":{\"@type\":\"ImageObject\",\"inLanguage\":\"de-DE-formal\",\"@id\":\"https:\/\/www.lreply.com\/#\/schema\/logo\/image\/\",\"url\":\"https:\/\/www.lreply.com\/wp-content\/uploads\/2021\/09\/Logo-LReply-Standart.png\",\"contentUrl\":\"https:\/\/www.lreply.com\/wp-content\/uploads\/2021\/09\/Logo-LReply-Standart.png\",\"width\":512,\"height\":512,\"caption\":\"LReply\"},\"image\":{\"@id\":\"https:\/\/www.lreply.com\/#\/schema\/logo\/image\/\"}},{\"@type\":\"WebSite\",\"@id\":\"https:\/\/www.lreply.com\/#website\",\"url\":\"https:\/\/www.lreply.com\/\",\"name\":\"LReply\",\"description\":\"Marketing success through differentiation\",\"publisher\":{\"@id\":\"https:\/\/www.lreply.com\/#organization\"},\"potentialAction\":[{\"@type\":\"SearchAction\",\"target\":{\"@type\":\"EntryPoint\",\"urlTemplate\":\"https:\/\/www.lreply.com\/?s={search_term_string}\"},\"query-input\":\"required name=search_term_string\"}],\"inLanguage\":\"de-DE-formal\"},{\"@type\":\"WebPage\",\"@id\":\"https:\/\/www.lreply.com\/platform\/ai-tools\/\",\"url\":\"https:\/\/www.lreply.com\/platform\/ai-tools\/\",\"name\":\"Content Creation Process\",\"isPartOf\":{\"@id\":\"https:\/\/www.lreply.com\/#website\"},\"datePublished\":\"2020-01-08T16:54:12+00:00\",\"dateModified\":\"2024-09-19T01:09:30+00:00\",\"description\":\"We provide easy to use Content-Writing Tools for Your target audience. We build Content Creation.\",\"breadcrumb\":{\"@id\":\"https:\/\/www.lreply.com\/platform\/ai-tools\/#breadcrumb\"},\"inLanguage\":\"de-DE-formal\",\"potentialAction\":[{\"@type\":\"ReadAction\",\"target\":[\"https:\/\/www.lreply.com\/platform\/ai-tools\/\"]}]},{\"@type\":\"BreadcrumbList\",\"@id\":\"https:\/\/www.lreply.com\/platform\/ai-tools\/#breadcrumb\",\"itemListElement\":[{\"@type\":\"ListItem\",\"position\":1,\"name\":\"Home\",\"item\":\"https:\/\/www.lreply.com\/\"},{\"@type\":\"ListItem\",\"position\":2,\"name\":\"Platform\",\"item\":\"https:\/\/www.lreply.com\/platform\/\"},{\"@type\":\"ListItem\",\"position\":3,\"name\":\"AI &#8211; Tools\"}]}]}<\/script>\n<!-- \/ Yoast SEO plugin. -->","yoast_head_json":{"title":"Content Creation Process","description":"We provide easy to use Content-Writing Tools for Your target audience. We build Content Creation.","robots":{"index":"index","follow":"follow","max-snippet":"max-snippet:-1","max-image-preview":"max-image-preview:large","max-video-preview":"max-video-preview:-1"},"canonical":"https:\/\/www.lreply.com\/de\/plattform\/content-erstellung\/","og_locale":"de_DE","og_type":"article","og_title":"Content Creation Process","og_description":"We provide easy to use Content-Writing Tools for Your target audience. We build Content Creation.","og_url":"https:\/\/www.lreply.com\/de\/plattform\/content-erstellung\/","og_site_name":"LReply","article_modified_time":"2024-09-19T01:09:30+00:00","og_image":[{"url":"https:\/\/www.lreply.com\/wp-content\/uploads\/2022\/09\/sansoya.png"}],"twitter_card":"summary_large_image","twitter_misc":{"Est. reading time":"5 minutes"},"schema":{"@context":"https:\/\/schema.org","@graph":[{"@type":"Organization","@id":"https:\/\/www.lreply.com\/#organization","name":"LReply","url":"https:\/\/www.lreply.com\/","sameAs":[],"logo":{"@type":"ImageObject","inLanguage":"de-DE-formal","@id":"https:\/\/www.lreply.com\/#\/schema\/logo\/image\/","url":"https:\/\/www.lreply.com\/wp-content\/uploads\/2021\/09\/Logo-LReply-Standart.png","contentUrl":"https:\/\/www.lreply.com\/wp-content\/uploads\/2021\/09\/Logo-LReply-Standart.png","width":512,"height":512,"caption":"LReply"},"image":{"@id":"https:\/\/www.lreply.com\/#\/schema\/logo\/image\/"}},{"@type":"WebSite","@id":"https:\/\/www.lreply.com\/#website","url":"https:\/\/www.lreply.com\/","name":"LReply","description":"Marketing success through differentiation","publisher":{"@id":"https:\/\/www.lreply.com\/#organization"},"potentialAction":[{"@type":"SearchAction","target":{"@type":"EntryPoint","urlTemplate":"https:\/\/www.lreply.com\/?s={search_term_string}"},"query-input":"required name=search_term_string"}],"inLanguage":"de-DE-formal"},{"@type":"WebPage","@id":"https:\/\/www.lreply.com\/platform\/ai-tools\/","url":"https:\/\/www.lreply.com\/platform\/ai-tools\/","name":"Content Creation Process","isPartOf":{"@id":"https:\/\/www.lreply.com\/#website"},"datePublished":"2020-01-08T16:54:12+00:00","dateModified":"2024-09-19T01:09:30+00:00","description":"We provide easy to use Content-Writing Tools for Your target audience. We build Content Creation.","breadcrumb":{"@id":"https:\/\/www.lreply.com\/platform\/ai-tools\/#breadcrumb"},"inLanguage":"de-DE-formal","potentialAction":[{"@type":"ReadAction","target":["https:\/\/www.lreply.com\/platform\/ai-tools\/"]}]},{"@type":"BreadcrumbList","@id":"https:\/\/www.lreply.com\/platform\/ai-tools\/#breadcrumb","itemListElement":[{"@type":"ListItem","position":1,"name":"Home","item":"https:\/\/www.lreply.com\/"},{"@type":"ListItem","position":2,"name":"Platform","item":"https:\/\/www.lreply.com\/platform\/"},{"@type":"ListItem","position":3,"name":"AI &#8211; Tools"}]}]}},"_links":{"self":[{"href":"https:\/\/www.lreply.com\/de\/wp-json\/wp\/v2\/pages\/139"}],"collection":[{"href":"https:\/\/www.lreply.com\/de\/wp-json\/wp\/v2\/pages"}],"about":[{"href":"https:\/\/www.lreply.com\/de\/wp-json\/wp\/v2\/types\/page"}],"author":[{"embeddable":true,"href":"https:\/\/www.lreply.com\/de\/wp-json\/wp\/v2\/users\/1"}],"replies":[{"embeddable":true,"href":"https:\/\/www.lreply.com\/de\/wp-json\/wp\/v2\/comments?post=139"}],"version-history":[{"count":5,"href":"https:\/\/www.lreply.com\/de\/wp-json\/wp\/v2\/pages\/139\/revisions"}],"predecessor-version":[{"id":5007,"href":"https:\/\/www.lreply.com\/de\/wp-json\/wp\/v2\/pages\/139\/revisions\/5007"}],"up":[{"embeddable":true,"href":"https:\/\/www.lreply.com\/de\/wp-json\/wp\/v2\/pages\/110"}],"wp:attachment":[{"href":"https:\/\/www.lreply.com\/de\/wp-json\/wp\/v2\/media?parent=139"}],"curies":[{"name":"wp","href":"https:\/\/api.w.org\/{rel}","templated":true}]}}