{"id":141,"date":"2020-01-08T16:54:55","date_gmt":"2020-01-08T16:54:55","guid":{"rendered":"https:\/\/www.lreply.com\/?page_id=141"},"modified":"2024-09-19T00:17:44","modified_gmt":"2024-09-19T00:17:44","slug":"conversation","status":"publish","type":"page","link":"https:\/\/www.lreply.com\/de\/plattform\/gespraeche\/","title":{"rendered":"Konversation"},"content":{"rendered":"<h2 class=\"has-text-align-center\">Wir erm\u00f6glichen es Testern, den Wert Ihres Produkts in ihrem Netzwerk zu besprechen und bekannt zu machen.<\/h2>\n\n\n\n<p class=\"has-text-align-left\">Wir erstellen eine Konversations-\/Dialogmetrik, die Marken dabei hilft, Vor- und Nachteile zu erkennen. Sie kann verwendet werden, um die Zuweisung von Budgets f\u00fcr Marketinginitiativen zu rechtfertigen, die darauf abzielen, Verbrauchergespr\u00e4che zu generieren. Der Wert einer Konversationsmetrik kann als ROI-basierter Leistungsnachweis f\u00fcr andere Marketinginitiativen verwendet werden.<\/p>\n\n\n\n<p><\/p>\n\n\n\n<p class=\"has-text-align-left\">Unsere Systeme analysieren den Prozess, durch den ein Individuum Informationen empf\u00e4ngt, betreut, interpretiert und speichert, um ein aussagekr\u00e4ftiges Bild der Welt zu erstellen.<\/p>","protected":false},"excerpt":{"rendered":"<p>We allow testers to popularize the value of your product through conversations in their netwerk. We create a conversation (dialogue) metric to helps brands to recognize the positive or negative. It can be used to justify allocating budget to marketing [&hellip;]<\/p>","protected":false},"author":1,"featured_media":0,"parent":110,"menu_order":5,"comment_status":"closed","ping_status":"closed","template":"","meta":{"content-type":"","_monsterinsights_skip_tracking":false,"_monsterinsights_sitenote_active":false,"_monsterinsights_sitenote_note":"","_monsterinsights_sitenote_category":0},"yoast_head":"<!-- This site is optimized with the Yoast SEO plugin v19.4 - https:\/\/yoast.com\/wordpress\/plugins\/seo\/ -->\n<title>Conversation: We Collect and Analyze Feedback<\/title>\n<meta name=\"description\" content=\"We create more-effective conversations with your Target Audience. We analyze the conversation and Feedback about your products.\" \/>\n<meta name=\"robots\" content=\"index, follow, max-snippet:-1, max-image-preview:large, max-video-preview:-1\" \/>\n<link rel=\"canonical\" href=\"https:\/\/www.lreply.com\/de\/plattform\/gespraeche\/\" \/>\n<meta property=\"og:locale\" content=\"de_DE\" \/>\n<meta property=\"og:type\" content=\"article\" \/>\n<meta property=\"og:title\" content=\"Conversation: We Collect and Analyze Feedback\" \/>\n<meta property=\"og:description\" content=\"We create more-effective conversations with your Target Audience. We analyze the conversation and Feedback about your products.\" \/>\n<meta property=\"og:url\" content=\"https:\/\/www.lreply.com\/de\/plattform\/gespraeche\/\" \/>\n<meta property=\"og:site_name\" content=\"LReply\" \/>\n<meta property=\"article:modified_time\" content=\"2024-09-19T00:17:44+00:00\" \/>\n<meta name=\"twitter:card\" content=\"summary_large_image\" \/>\n<meta name=\"twitter:label1\" content=\"Est. reading time\" \/>\n\t<meta name=\"twitter:data1\" content=\"1 minute\" \/>\n<script type=\"application\/ld+json\" class=\"yoast-schema-graph\">{\"@context\":\"https:\/\/schema.org\",\"@graph\":[{\"@type\":\"Organization\",\"@id\":\"https:\/\/www.lreply.com\/#organization\",\"name\":\"LReply\",\"url\":\"https:\/\/www.lreply.com\/\",\"sameAs\":[],\"logo\":{\"@type\":\"ImageObject\",\"inLanguage\":\"de-DE-formal\",\"@id\":\"https:\/\/www.lreply.com\/#\/schema\/logo\/image\/\",\"url\":\"https:\/\/www.lreply.com\/wp-content\/uploads\/2021\/09\/Logo-LReply-Standart.png\",\"contentUrl\":\"https:\/\/www.lreply.com\/wp-content\/uploads\/2021\/09\/Logo-LReply-Standart.png\",\"width\":512,\"height\":512,\"caption\":\"LReply\"},\"image\":{\"@id\":\"https:\/\/www.lreply.com\/#\/schema\/logo\/image\/\"}},{\"@type\":\"WebSite\",\"@id\":\"https:\/\/www.lreply.com\/#website\",\"url\":\"https:\/\/www.lreply.com\/\",\"name\":\"LReply\",\"description\":\"Marketing success through differentiation\",\"publisher\":{\"@id\":\"https:\/\/www.lreply.com\/#organization\"},\"potentialAction\":[{\"@type\":\"SearchAction\",\"target\":{\"@type\":\"EntryPoint\",\"urlTemplate\":\"https:\/\/www.lreply.com\/?s={search_term_string}\"},\"query-input\":\"required name=search_term_string\"}],\"inLanguage\":\"de-DE-formal\"},{\"@type\":\"WebPage\",\"@id\":\"https:\/\/www.lreply.com\/platform\/conversation\/\",\"url\":\"https:\/\/www.lreply.com\/platform\/conversation\/\",\"name\":\"Conversation: We Collect and Analyze Feedback\",\"isPartOf\":{\"@id\":\"https:\/\/www.lreply.com\/#website\"},\"datePublished\":\"2020-01-08T16:54:55+00:00\",\"dateModified\":\"2024-09-19T00:17:44+00:00\",\"description\":\"We create more-effective conversations with your Target Audience. We analyze the conversation and Feedback about your products.\",\"breadcrumb\":{\"@id\":\"https:\/\/www.lreply.com\/platform\/conversation\/#breadcrumb\"},\"inLanguage\":\"de-DE-formal\",\"potentialAction\":[{\"@type\":\"ReadAction\",\"target\":[\"https:\/\/www.lreply.com\/platform\/conversation\/\"]}]},{\"@type\":\"BreadcrumbList\",\"@id\":\"https:\/\/www.lreply.com\/platform\/conversation\/#breadcrumb\",\"itemListElement\":[{\"@type\":\"ListItem\",\"position\":1,\"name\":\"Home\",\"item\":\"https:\/\/www.lreply.com\/\"},{\"@type\":\"ListItem\",\"position\":2,\"name\":\"Platform\",\"item\":\"https:\/\/www.lreply.com\/platform\/\"},{\"@type\":\"ListItem\",\"position\":3,\"name\":\"Conversation\"}]}]}<\/script>\n<!-- \/ Yoast SEO plugin. -->","yoast_head_json":{"title":"Conversation: We Collect and Analyze Feedback","description":"We create more-effective conversations with your Target Audience. We analyze the conversation and Feedback about your products.","robots":{"index":"index","follow":"follow","max-snippet":"max-snippet:-1","max-image-preview":"max-image-preview:large","max-video-preview":"max-video-preview:-1"},"canonical":"https:\/\/www.lreply.com\/de\/plattform\/gespraeche\/","og_locale":"de_DE","og_type":"article","og_title":"Conversation: We Collect and Analyze Feedback","og_description":"We create more-effective conversations with your Target Audience. We analyze the conversation and Feedback about your products.","og_url":"https:\/\/www.lreply.com\/de\/plattform\/gespraeche\/","og_site_name":"LReply","article_modified_time":"2024-09-19T00:17:44+00:00","twitter_card":"summary_large_image","twitter_misc":{"Est. reading time":"1 minute"},"schema":{"@context":"https:\/\/schema.org","@graph":[{"@type":"Organization","@id":"https:\/\/www.lreply.com\/#organization","name":"LReply","url":"https:\/\/www.lreply.com\/","sameAs":[],"logo":{"@type":"ImageObject","inLanguage":"de-DE-formal","@id":"https:\/\/www.lreply.com\/#\/schema\/logo\/image\/","url":"https:\/\/www.lreply.com\/wp-content\/uploads\/2021\/09\/Logo-LReply-Standart.png","contentUrl":"https:\/\/www.lreply.com\/wp-content\/uploads\/2021\/09\/Logo-LReply-Standart.png","width":512,"height":512,"caption":"LReply"},"image":{"@id":"https:\/\/www.lreply.com\/#\/schema\/logo\/image\/"}},{"@type":"WebSite","@id":"https:\/\/www.lreply.com\/#website","url":"https:\/\/www.lreply.com\/","name":"LReply","description":"Marketing success through differentiation","publisher":{"@id":"https:\/\/www.lreply.com\/#organization"},"potentialAction":[{"@type":"SearchAction","target":{"@type":"EntryPoint","urlTemplate":"https:\/\/www.lreply.com\/?s={search_term_string}"},"query-input":"required name=search_term_string"}],"inLanguage":"de-DE-formal"},{"@type":"WebPage","@id":"https:\/\/www.lreply.com\/platform\/conversation\/","url":"https:\/\/www.lreply.com\/platform\/conversation\/","name":"Conversation: We Collect and Analyze Feedback","isPartOf":{"@id":"https:\/\/www.lreply.com\/#website"},"datePublished":"2020-01-08T16:54:55+00:00","dateModified":"2024-09-19T00:17:44+00:00","description":"We create more-effective conversations with your Target Audience. We analyze the conversation and Feedback about your products.","breadcrumb":{"@id":"https:\/\/www.lreply.com\/platform\/conversation\/#breadcrumb"},"inLanguage":"de-DE-formal","potentialAction":[{"@type":"ReadAction","target":["https:\/\/www.lreply.com\/platform\/conversation\/"]}]},{"@type":"BreadcrumbList","@id":"https:\/\/www.lreply.com\/platform\/conversation\/#breadcrumb","itemListElement":[{"@type":"ListItem","position":1,"name":"Home","item":"https:\/\/www.lreply.com\/"},{"@type":"ListItem","position":2,"name":"Platform","item":"https:\/\/www.lreply.com\/platform\/"},{"@type":"ListItem","position":3,"name":"Conversation"}]}]}},"_links":{"self":[{"href":"https:\/\/www.lreply.com\/de\/wp-json\/wp\/v2\/pages\/141"}],"collection":[{"href":"https:\/\/www.lreply.com\/de\/wp-json\/wp\/v2\/pages"}],"about":[{"href":"https:\/\/www.lreply.com\/de\/wp-json\/wp\/v2\/types\/page"}],"author":[{"embeddable":true,"href":"https:\/\/www.lreply.com\/de\/wp-json\/wp\/v2\/users\/1"}],"replies":[{"embeddable":true,"href":"https:\/\/www.lreply.com\/de\/wp-json\/wp\/v2\/comments?post=141"}],"version-history":[{"count":6,"href":"https:\/\/www.lreply.com\/de\/wp-json\/wp\/v2\/pages\/141\/revisions"}],"predecessor-version":[{"id":5002,"href":"https:\/\/www.lreply.com\/de\/wp-json\/wp\/v2\/pages\/141\/revisions\/5002"}],"up":[{"embeddable":true,"href":"https:\/\/www.lreply.com\/de\/wp-json\/wp\/v2\/pages\/110"}],"wp:attachment":[{"href":"https:\/\/www.lreply.com\/de\/wp-json\/wp\/v2\/media?parent=141"}],"curies":[{"name":"wp","href":"https:\/\/api.w.org\/{rel}","templated":true}]}}