{"id":145,"date":"2020-01-08T16:55:59","date_gmt":"2020-01-08T16:55:59","guid":{"rendered":"https:\/\/www.lreply.com\/?page_id=145"},"modified":"2024-09-19T00:56:17","modified_gmt":"2024-09-19T00:56:17","slug":"modelling","status":"publish","type":"page","link":"https:\/\/www.lreply.com\/de\/plattform\/sicherheit\/","title":{"rendered":"Modellierung"},"content":{"rendered":"<h2 class=\"has-text-align-center\">Unsere Plattform befolgt die Sicherheits- und Compliance-Regeln. W\u00e4hrend der gesamten Kampagne gew\u00e4hrleisten wir die Sicherheit der Inhalte.<\/h2>\n\n\n\n<p class=\"has-text-align-center\">Erfahren Sie, warum LReplys Kooperations-, Sicherheits- und Integrationsfunktionen es zur f\u00fchrenden L\u00f6sung f\u00fcr Organisationen aller Gr\u00f6\u00dfen machen.<\/p>","protected":false},"excerpt":{"rendered":"<p>Our platform obeys security and compliance rules. Throughout the campaign we ensure the security of the content. See why LReply&#8217;s collaboration, security, and integration features make it the leading solution for organizations of all sizes.<\/p>","protected":false},"author":1,"featured_media":0,"parent":110,"menu_order":7,"comment_status":"closed","ping_status":"closed","template":"","meta":{"content-type":"","_monsterinsights_skip_tracking":false,"_monsterinsights_sitenote_active":false,"_monsterinsights_sitenote_note":"","_monsterinsights_sitenote_category":0},"yoast_head":"<!-- This site is optimized with the Yoast SEO plugin v19.4 - https:\/\/yoast.com\/wordpress\/plugins\/seo\/ -->\n<title>Platform Security, Privacy, and Compliance<\/title>\n<meta name=\"description\" content=\"Elevate Application Security: Our applications are secured with new technologies. It protect the applications.\" \/>\n<meta name=\"robots\" content=\"index, follow, max-snippet:-1, max-image-preview:large, max-video-preview:-1\" \/>\n<link rel=\"canonical\" href=\"https:\/\/www.lreply.com\/de\/plattform\/sicherheit\/\" \/>\n<meta property=\"og:locale\" content=\"de_DE\" \/>\n<meta property=\"og:type\" content=\"article\" \/>\n<meta property=\"og:title\" content=\"Platform Security, Privacy, and Compliance\" \/>\n<meta property=\"og:description\" content=\"Elevate Application Security: Our applications are secured with new technologies. It protect the applications.\" \/>\n<meta property=\"og:url\" content=\"https:\/\/www.lreply.com\/de\/plattform\/sicherheit\/\" \/>\n<meta property=\"og:site_name\" content=\"LReply\" \/>\n<meta property=\"article:modified_time\" content=\"2024-09-19T00:56:17+00:00\" \/>\n<meta name=\"twitter:card\" content=\"summary_large_image\" \/>\n<meta name=\"twitter:label1\" content=\"Est. reading time\" \/>\n\t<meta name=\"twitter:data1\" content=\"1 minute\" \/>\n<script type=\"application\/ld+json\" class=\"yoast-schema-graph\">{\"@context\":\"https:\/\/schema.org\",\"@graph\":[{\"@type\":\"Organization\",\"@id\":\"https:\/\/www.lreply.com\/#organization\",\"name\":\"LReply\",\"url\":\"https:\/\/www.lreply.com\/\",\"sameAs\":[],\"logo\":{\"@type\":\"ImageObject\",\"inLanguage\":\"de-DE-formal\",\"@id\":\"https:\/\/www.lreply.com\/#\/schema\/logo\/image\/\",\"url\":\"https:\/\/www.lreply.com\/wp-content\/uploads\/2021\/09\/Logo-LReply-Standart.png\",\"contentUrl\":\"https:\/\/www.lreply.com\/wp-content\/uploads\/2021\/09\/Logo-LReply-Standart.png\",\"width\":512,\"height\":512,\"caption\":\"LReply\"},\"image\":{\"@id\":\"https:\/\/www.lreply.com\/#\/schema\/logo\/image\/\"}},{\"@type\":\"WebSite\",\"@id\":\"https:\/\/www.lreply.com\/#website\",\"url\":\"https:\/\/www.lreply.com\/\",\"name\":\"LReply\",\"description\":\"Marketing success through differentiation\",\"publisher\":{\"@id\":\"https:\/\/www.lreply.com\/#organization\"},\"potentialAction\":[{\"@type\":\"SearchAction\",\"target\":{\"@type\":\"EntryPoint\",\"urlTemplate\":\"https:\/\/www.lreply.com\/?s={search_term_string}\"},\"query-input\":\"required name=search_term_string\"}],\"inLanguage\":\"de-DE-formal\"},{\"@type\":\"WebPage\",\"@id\":\"https:\/\/www.lreply.com\/platform\/modelling\/\",\"url\":\"https:\/\/www.lreply.com\/platform\/modelling\/\",\"name\":\"Platform Security, Privacy, and Compliance\",\"isPartOf\":{\"@id\":\"https:\/\/www.lreply.com\/#website\"},\"datePublished\":\"2020-01-08T16:55:59+00:00\",\"dateModified\":\"2024-09-19T00:56:17+00:00\",\"description\":\"Elevate Application Security: Our applications are secured with new technologies. It protect the applications.\",\"breadcrumb\":{\"@id\":\"https:\/\/www.lreply.com\/platform\/modelling\/#breadcrumb\"},\"inLanguage\":\"de-DE-formal\",\"potentialAction\":[{\"@type\":\"ReadAction\",\"target\":[\"https:\/\/www.lreply.com\/platform\/modelling\/\"]}]},{\"@type\":\"BreadcrumbList\",\"@id\":\"https:\/\/www.lreply.com\/platform\/modelling\/#breadcrumb\",\"itemListElement\":[{\"@type\":\"ListItem\",\"position\":1,\"name\":\"Home\",\"item\":\"https:\/\/www.lreply.com\/\"},{\"@type\":\"ListItem\",\"position\":2,\"name\":\"Platform\",\"item\":\"https:\/\/www.lreply.com\/platform\/\"},{\"@type\":\"ListItem\",\"position\":3,\"name\":\"Modelling\"}]}]}<\/script>\n<!-- \/ Yoast SEO plugin. -->","yoast_head_json":{"title":"Platform Security, Privacy, and Compliance","description":"Elevate Application Security: Our applications are secured with new technologies. It protect the applications.","robots":{"index":"index","follow":"follow","max-snippet":"max-snippet:-1","max-image-preview":"max-image-preview:large","max-video-preview":"max-video-preview:-1"},"canonical":"https:\/\/www.lreply.com\/de\/plattform\/sicherheit\/","og_locale":"de_DE","og_type":"article","og_title":"Platform Security, Privacy, and Compliance","og_description":"Elevate Application Security: Our applications are secured with new technologies. It protect the applications.","og_url":"https:\/\/www.lreply.com\/de\/plattform\/sicherheit\/","og_site_name":"LReply","article_modified_time":"2024-09-19T00:56:17+00:00","twitter_card":"summary_large_image","twitter_misc":{"Est. reading time":"1 minute"},"schema":{"@context":"https:\/\/schema.org","@graph":[{"@type":"Organization","@id":"https:\/\/www.lreply.com\/#organization","name":"LReply","url":"https:\/\/www.lreply.com\/","sameAs":[],"logo":{"@type":"ImageObject","inLanguage":"de-DE-formal","@id":"https:\/\/www.lreply.com\/#\/schema\/logo\/image\/","url":"https:\/\/www.lreply.com\/wp-content\/uploads\/2021\/09\/Logo-LReply-Standart.png","contentUrl":"https:\/\/www.lreply.com\/wp-content\/uploads\/2021\/09\/Logo-LReply-Standart.png","width":512,"height":512,"caption":"LReply"},"image":{"@id":"https:\/\/www.lreply.com\/#\/schema\/logo\/image\/"}},{"@type":"WebSite","@id":"https:\/\/www.lreply.com\/#website","url":"https:\/\/www.lreply.com\/","name":"LReply","description":"Marketing success through differentiation","publisher":{"@id":"https:\/\/www.lreply.com\/#organization"},"potentialAction":[{"@type":"SearchAction","target":{"@type":"EntryPoint","urlTemplate":"https:\/\/www.lreply.com\/?s={search_term_string}"},"query-input":"required name=search_term_string"}],"inLanguage":"de-DE-formal"},{"@type":"WebPage","@id":"https:\/\/www.lreply.com\/platform\/modelling\/","url":"https:\/\/www.lreply.com\/platform\/modelling\/","name":"Platform Security, Privacy, and Compliance","isPartOf":{"@id":"https:\/\/www.lreply.com\/#website"},"datePublished":"2020-01-08T16:55:59+00:00","dateModified":"2024-09-19T00:56:17+00:00","description":"Elevate Application Security: Our applications are secured with new technologies. It protect the applications.","breadcrumb":{"@id":"https:\/\/www.lreply.com\/platform\/modelling\/#breadcrumb"},"inLanguage":"de-DE-formal","potentialAction":[{"@type":"ReadAction","target":["https:\/\/www.lreply.com\/platform\/modelling\/"]}]},{"@type":"BreadcrumbList","@id":"https:\/\/www.lreply.com\/platform\/modelling\/#breadcrumb","itemListElement":[{"@type":"ListItem","position":1,"name":"Home","item":"https:\/\/www.lreply.com\/"},{"@type":"ListItem","position":2,"name":"Platform","item":"https:\/\/www.lreply.com\/platform\/"},{"@type":"ListItem","position":3,"name":"Modelling"}]}]}},"_links":{"self":[{"href":"https:\/\/www.lreply.com\/de\/wp-json\/wp\/v2\/pages\/145"}],"collection":[{"href":"https:\/\/www.lreply.com\/de\/wp-json\/wp\/v2\/pages"}],"about":[{"href":"https:\/\/www.lreply.com\/de\/wp-json\/wp\/v2\/types\/page"}],"author":[{"embeddable":true,"href":"https:\/\/www.lreply.com\/de\/wp-json\/wp\/v2\/users\/1"}],"replies":[{"embeddable":true,"href":"https:\/\/www.lreply.com\/de\/wp-json\/wp\/v2\/comments?post=145"}],"version-history":[{"count":5,"href":"https:\/\/www.lreply.com\/de\/wp-json\/wp\/v2\/pages\/145\/revisions"}],"predecessor-version":[{"id":4997,"href":"https:\/\/www.lreply.com\/de\/wp-json\/wp\/v2\/pages\/145\/revisions\/4997"}],"up":[{"embeddable":true,"href":"https:\/\/www.lreply.com\/de\/wp-json\/wp\/v2\/pages\/110"}],"wp:attachment":[{"href":"https:\/\/www.lreply.com\/de\/wp-json\/wp\/v2\/media?parent=145"}],"curies":[{"name":"wp","href":"https:\/\/api.w.org\/{rel}","templated":true}]}}