{"id":259,"date":"2020-01-12T15:23:44","date_gmt":"2020-01-12T15:23:44","guid":{"rendered":"https:\/\/www.lreply.com\/?page_id=259"},"modified":"2022-10-17T09:08:41","modified_gmt":"2022-10-17T09:08:41","slug":"industries","status":"publish","type":"page","link":"https:\/\/www.lreply.com\/de\/unsere-firma\/industries\/","title":{"rendered":"Industries"},"content":{"rendered":"<h2 class=\"has-text-align-center\">LReply hat der globalen Marke Industries geholfen. Dazu geh\u00f6ren insbesondere die sogenannten schnelllebigen Konsumg\u00fcter oder kurz FMCG in allen wichtigen Branchen.<\/h2>\n\n\n\n<p class=\"has-text-align-left\" style=\"padding-buttom: 20px\"> In diesen beispiellosen Zeiten ist es die oberste Priorit\u00e4t von LReply, sich um unsere Mitarbeiter und ihre Familien, unsere Kunden und Gesch\u00e4ftspartner zu k\u00fcmmern. Wir sind bestrebt, den besten Service zu bieten und die Jeweiligen situationen unserer Kunden zu erf\u00fcllen.  dies kann w\u00e4hrend der physischen Produkteinf\u00fchrung erfolgen. Auch wenn wir vielleicht eine sichere physische Distanz wahren m\u00fcssen, war es f\u00fcr uns noch nie so wichtig, starke soziale Verbindungen zu gew\u00e4hrleisten, weil Beziehungen heute wichtiger denn je sind.  <\/p><p><\/p>\n\n\n\n<figure class=\"wp-block-image size-large\"><img loading=\"lazy\" width=\"1024\" height=\"679\" src=\"https:\/\/www.lreply.com\/wp-content\/uploads\/2020\/10\/prototype-test-boutelle-1024x679.png\" alt=\"\" class=\"wp-image-2157\" srcset=\"https:\/\/www.lreply.com\/wp-content\/uploads\/2020\/10\/prototype-test-boutelle-1024x679.png 1024w, https:\/\/www.lreply.com\/wp-content\/uploads\/2020\/10\/prototype-test-boutelle-300x199.png 300w, https:\/\/www.lreply.com\/wp-content\/uploads\/2020\/10\/prototype-test-boutelle-768x509.png 768w, https:\/\/www.lreply.com\/wp-content\/uploads\/2020\/10\/prototype-test-boutelle-1536x1018.png 1536w, https:\/\/www.lreply.com\/wp-content\/uploads\/2020\/10\/prototype-test-boutelle-600x398.png 600w\" sizes=\"(max-width: 1024px) 100vw, 1024px\" \/><\/figure>\n\n\n\n<p>Die digitale Transformation, einst eine notwendige Reise, ist heute eine dringende Priorit\u00e4t f\u00fcr Konsumg\u00fctermarken. Ausgehend von einem tiefen Verst\u00e4ndnis Ihres Unternehmens und der Konsumg\u00fcterindustrie helfen wir Ihnen, die richtigen Anwendungsf\u00e4lle zu finden, um die digitalen F\u00e4higkeiten zu entwickeln, die verbraucherorientierte Innovationen vorantreiben.<\/p>\n\n\n\n<p>Die Beherrschung der Digitalisierung mit Produkttests kann ein gro\u00dfes Aufholspiel bedeuten, das sich auf Ihre Wertsch\u00f6pfungskette, Ihren Kanalmix und Ihre Position im breiteren Einzelhandels\u00f6kosystem auswirkt. Wir beginnen unsere Dienstleistungen damit, dass wir mit Ihnen zusammenarbeiten, um zu definieren, zu testen und zu beweisen, wie eine erweiterte Datenerfassung und Analyse weiterer Verbesserungen einen Mehrwert schaffen, bevor wir diese Funktionen erweitern oder in Ihr Betriebsmodell integrieren .<\/p>\n\n\n\n<figure class=\"wp-block-image size-large\"><img loading=\"lazy\" width=\"1024\" height=\"630\" src=\"https:\/\/www.lreply.com\/wp-content\/uploads\/2022\/10\/LReply-API-Web_Jesterday_Euxmeme-1024x630.png\" alt=\"\" class=\"wp-image-3265\" srcset=\"https:\/\/www.lreply.com\/wp-content\/uploads\/2022\/10\/LReply-API-Web_Jesterday_Euxmeme-1024x630.png 1024w, https:\/\/www.lreply.com\/wp-content\/uploads\/2022\/10\/LReply-API-Web_Jesterday_Euxmeme-300x185.png 300w, https:\/\/www.lreply.com\/wp-content\/uploads\/2022\/10\/LReply-API-Web_Jesterday_Euxmeme-768x473.png 768w, https:\/\/www.lreply.com\/wp-content\/uploads\/2022\/10\/LReply-API-Web_Jesterday_Euxmeme-1536x946.png 1536w, https:\/\/www.lreply.com\/wp-content\/uploads\/2022\/10\/LReply-API-Web_Jesterday_Euxmeme-18x12.png 18w\" sizes=\"(max-width: 1024px) 100vw, 1024px\" \/><\/figure>\n\n\n\n<p>FMCGs sind Produkte, die sich schnell verkaufen und eine kurze Haltbarkeit haben, entweder aufgrund einer hohen Verbrauchernachfrage oder weil sich das Produkt schnell verschlechtert. Im Allgemeinen ist der Gewinn pro Artikel relativ gering, aber da sie in gro\u00dfen Mengen verkauft werden, kann der kumulierte Gewinn erheblich sein. In dieser Arbeit ist es wichtig, den Begriff zu verstehen, da sich die Marketingimplikationen von denen langlebigerer G\u00fcter unterscheiden k\u00f6nnen.<\/p>","protected":false},"excerpt":{"rendered":"<p>LReply has helped global brand Industries. That includes especially the so-called fast moving consumer goods or FMCG for short across all major industries. During these unprecedented times, in your physical product life cycle, LReply\u2019s number one priority is to look [&hellip;]<\/p>","protected":false},"author":1,"featured_media":0,"parent":114,"menu_order":2,"comment_status":"closed","ping_status":"closed","template":"","meta":{"content-type":"","_monsterinsights_skip_tracking":false,"_monsterinsights_sitenote_active":false,"_monsterinsights_sitenote_note":"","_monsterinsights_sitenote_category":0},"yoast_head":"<!-- This site is optimized with the Yoast SEO plugin v19.4 - https:\/\/yoast.com\/wordpress\/plugins\/seo\/ -->\n<title>The Industries that work with us<\/title>\n<meta name=\"description\" content=\"LReply has helped global brand Industries. hat includes especially the so-called fast moving consumer goods or FMCG for short across all major industries.\" \/>\n<meta name=\"robots\" content=\"index, follow, max-snippet:-1, max-image-preview:large, max-video-preview:-1\" \/>\n<link rel=\"canonical\" href=\"https:\/\/www.lreply.com\/de\/unsere-firma\/industries\/\" \/>\n<meta property=\"og:locale\" content=\"de_DE\" \/>\n<meta property=\"og:type\" content=\"article\" \/>\n<meta property=\"og:title\" content=\"The Industries that work with us\" \/>\n<meta property=\"og:description\" content=\"LReply has helped global brand Industries. hat includes especially the so-called fast moving consumer goods or FMCG for short across all major industries.\" \/>\n<meta property=\"og:url\" content=\"https:\/\/www.lreply.com\/de\/unsere-firma\/industries\/\" \/>\n<meta property=\"og:site_name\" content=\"LReply\" \/>\n<meta property=\"article:modified_time\" content=\"2022-10-17T09:08:41+00:00\" \/>\n<meta property=\"og:image\" content=\"https:\/\/www.lreply.com\/wp-content\/uploads\/2020\/10\/prototype-test-boutelle-1024x679.png\" \/>\n<meta name=\"twitter:card\" content=\"summary_large_image\" \/>\n<meta name=\"twitter:label1\" content=\"Est. reading time\" \/>\n\t<meta name=\"twitter:data1\" content=\"2 minutes\" \/>\n<script type=\"application\/ld+json\" class=\"yoast-schema-graph\">{\"@context\":\"https:\/\/schema.org\",\"@graph\":[{\"@type\":\"Organization\",\"@id\":\"https:\/\/www.lreply.com\/#organization\",\"name\":\"LReply\",\"url\":\"https:\/\/www.lreply.com\/\",\"sameAs\":[],\"logo\":{\"@type\":\"ImageObject\",\"inLanguage\":\"de-DE-formal\",\"@id\":\"https:\/\/www.lreply.com\/#\/schema\/logo\/image\/\",\"url\":\"https:\/\/www.lreply.com\/wp-content\/uploads\/2021\/09\/Logo-LReply-Standart.png\",\"contentUrl\":\"https:\/\/www.lreply.com\/wp-content\/uploads\/2021\/09\/Logo-LReply-Standart.png\",\"width\":512,\"height\":512,\"caption\":\"LReply\"},\"image\":{\"@id\":\"https:\/\/www.lreply.com\/#\/schema\/logo\/image\/\"}},{\"@type\":\"WebSite\",\"@id\":\"https:\/\/www.lreply.com\/#website\",\"url\":\"https:\/\/www.lreply.com\/\",\"name\":\"LReply\",\"description\":\"Marketing success through differentiation\",\"publisher\":{\"@id\":\"https:\/\/www.lreply.com\/#organization\"},\"potentialAction\":[{\"@type\":\"SearchAction\",\"target\":{\"@type\":\"EntryPoint\",\"urlTemplate\":\"https:\/\/www.lreply.com\/?s={search_term_string}\"},\"query-input\":\"required name=search_term_string\"}],\"inLanguage\":\"de-DE-formal\"},{\"@type\":\"WebPage\",\"@id\":\"https:\/\/www.lreply.com\/our-company\/industries\/\",\"url\":\"https:\/\/www.lreply.com\/our-company\/industries\/\",\"name\":\"The Industries that work with us\",\"isPartOf\":{\"@id\":\"https:\/\/www.lreply.com\/#website\"},\"datePublished\":\"2020-01-12T15:23:44+00:00\",\"dateModified\":\"2022-10-17T09:08:41+00:00\",\"description\":\"LReply has helped global brand Industries. hat includes especially the so-called fast moving consumer goods or FMCG for short across all major industries.\",\"breadcrumb\":{\"@id\":\"https:\/\/www.lreply.com\/our-company\/industries\/#breadcrumb\"},\"inLanguage\":\"de-DE-formal\",\"potentialAction\":[{\"@type\":\"ReadAction\",\"target\":[\"https:\/\/www.lreply.com\/our-company\/industries\/\"]}]},{\"@type\":\"BreadcrumbList\",\"@id\":\"https:\/\/www.lreply.com\/our-company\/industries\/#breadcrumb\",\"itemListElement\":[{\"@type\":\"ListItem\",\"position\":1,\"name\":\"Home\",\"item\":\"https:\/\/www.lreply.com\/\"},{\"@type\":\"ListItem\",\"position\":2,\"name\":\"Our Company\",\"item\":\"https:\/\/www.lreply.com\/our-company\/\"},{\"@type\":\"ListItem\",\"position\":3,\"name\":\"Industries\"}]}]}<\/script>\n<!-- \/ Yoast SEO plugin. -->","yoast_head_json":{"title":"The Industries that work with us","description":"LReply has helped global brand Industries. hat includes especially the so-called fast moving consumer goods or FMCG for short across all major industries.","robots":{"index":"index","follow":"follow","max-snippet":"max-snippet:-1","max-image-preview":"max-image-preview:large","max-video-preview":"max-video-preview:-1"},"canonical":"https:\/\/www.lreply.com\/de\/unsere-firma\/industries\/","og_locale":"de_DE","og_type":"article","og_title":"The Industries that work with us","og_description":"LReply has helped global brand Industries. hat includes especially the so-called fast moving consumer goods or FMCG for short across all major industries.","og_url":"https:\/\/www.lreply.com\/de\/unsere-firma\/industries\/","og_site_name":"LReply","article_modified_time":"2022-10-17T09:08:41+00:00","og_image":[{"url":"https:\/\/www.lreply.com\/wp-content\/uploads\/2020\/10\/prototype-test-boutelle-1024x679.png"}],"twitter_card":"summary_large_image","twitter_misc":{"Est. reading time":"2 minutes"},"schema":{"@context":"https:\/\/schema.org","@graph":[{"@type":"Organization","@id":"https:\/\/www.lreply.com\/#organization","name":"LReply","url":"https:\/\/www.lreply.com\/","sameAs":[],"logo":{"@type":"ImageObject","inLanguage":"de-DE-formal","@id":"https:\/\/www.lreply.com\/#\/schema\/logo\/image\/","url":"https:\/\/www.lreply.com\/wp-content\/uploads\/2021\/09\/Logo-LReply-Standart.png","contentUrl":"https:\/\/www.lreply.com\/wp-content\/uploads\/2021\/09\/Logo-LReply-Standart.png","width":512,"height":512,"caption":"LReply"},"image":{"@id":"https:\/\/www.lreply.com\/#\/schema\/logo\/image\/"}},{"@type":"WebSite","@id":"https:\/\/www.lreply.com\/#website","url":"https:\/\/www.lreply.com\/","name":"LReply","description":"Marketing success through differentiation","publisher":{"@id":"https:\/\/www.lreply.com\/#organization"},"potentialAction":[{"@type":"SearchAction","target":{"@type":"EntryPoint","urlTemplate":"https:\/\/www.lreply.com\/?s={search_term_string}"},"query-input":"required name=search_term_string"}],"inLanguage":"de-DE-formal"},{"@type":"WebPage","@id":"https:\/\/www.lreply.com\/our-company\/industries\/","url":"https:\/\/www.lreply.com\/our-company\/industries\/","name":"The Industries that work with us","isPartOf":{"@id":"https:\/\/www.lreply.com\/#website"},"datePublished":"2020-01-12T15:23:44+00:00","dateModified":"2022-10-17T09:08:41+00:00","description":"LReply has helped global brand Industries. hat includes especially the so-called fast moving consumer goods or FMCG for short across all major industries.","breadcrumb":{"@id":"https:\/\/www.lreply.com\/our-company\/industries\/#breadcrumb"},"inLanguage":"de-DE-formal","potentialAction":[{"@type":"ReadAction","target":["https:\/\/www.lreply.com\/our-company\/industries\/"]}]},{"@type":"BreadcrumbList","@id":"https:\/\/www.lreply.com\/our-company\/industries\/#breadcrumb","itemListElement":[{"@type":"ListItem","position":1,"name":"Home","item":"https:\/\/www.lreply.com\/"},{"@type":"ListItem","position":2,"name":"Our Company","item":"https:\/\/www.lreply.com\/our-company\/"},{"@type":"ListItem","position":3,"name":"Industries"}]}]}},"_links":{"self":[{"href":"https:\/\/www.lreply.com\/de\/wp-json\/wp\/v2\/pages\/259"}],"collection":[{"href":"https:\/\/www.lreply.com\/de\/wp-json\/wp\/v2\/pages"}],"about":[{"href":"https:\/\/www.lreply.com\/de\/wp-json\/wp\/v2\/types\/page"}],"author":[{"embeddable":true,"href":"https:\/\/www.lreply.com\/de\/wp-json\/wp\/v2\/users\/1"}],"replies":[{"embeddable":true,"href":"https:\/\/www.lreply.com\/de\/wp-json\/wp\/v2\/comments?post=259"}],"version-history":[{"count":4,"href":"https:\/\/www.lreply.com\/de\/wp-json\/wp\/v2\/pages\/259\/revisions"}],"predecessor-version":[{"id":3268,"href":"https:\/\/www.lreply.com\/de\/wp-json\/wp\/v2\/pages\/259\/revisions\/3268"}],"up":[{"embeddable":true,"href":"https:\/\/www.lreply.com\/de\/wp-json\/wp\/v2\/pages\/114"}],"wp:attachment":[{"href":"https:\/\/www.lreply.com\/de\/wp-json\/wp\/v2\/media?parent=259"}],"curies":[{"name":"wp","href":"https:\/\/api.w.org\/{rel}","templated":true}]}}