{"id":261,"date":"2020-01-12T15:24:13","date_gmt":"2020-01-12T15:24:13","guid":{"rendered":"https:\/\/www.lreply.com\/?page_id=261"},"modified":"2021-11-06T13:41:08","modified_gmt":"2021-11-06T13:41:08","slug":"training-and-services","status":"publish","type":"page","link":"https:\/\/www.lreply.com\/de\/unsere-firma\/schulungen-und-dienstleistungen\/","title":{"rendered":"Training und Dienstleistungen"},"content":{"rendered":"<h2 class=\"has-text-align-center\">Erhalten Sie die F\u00e4higkeiten und Best Practices, die Sie ben\u00f6tigen, um die LReply-Plattform und alle leistungsstarken Funktionen zu beherrschen.<\/h2>\n\n\n\n<p class=\"has-text-align-center\"> In diesen beispiellosen Zeiten ist es die oberste Priorit\u00e4t von LReply, sich um unsere Mitarbeiter und ihre Familien, unsere Kunden und Gesch\u00e4ftspartner zu k\u00fcmmern. Wir sind bestrebt, den besten Service zu bieten und die Jeweiligen situationen unserer Kunden zu erf\u00fcllen.  dies kann w\u00e4hrend der physischen Produkteinf\u00fchrung erfolgen. Auch wenn wir vielleicht eine sichere physische Distanz wahren m\u00fcssen, war es f\u00fcr uns noch nie so wichtig, starke soziale Verbindungen zu gew\u00e4hrleisten, weil Beziehungen heute wichtiger denn je sind.  <\/p>\n\n\n\n<p class=\"has-text-align-center\">Aufbauend auf diesem Wissen lernen Sie die Grundlagen kennen, um eine Kampagne zu leiten, einschlie\u00dflich Planung, Teilnehmer hinzuzuf\u00fcgen, \u00dcberwachungselemente zu konfigurieren, Statistiken zu verwalten, Konversationen und Interaktionen zwischen Teilnehmern; Verbraucherpsychologie und Kundenverhalten; und wie Sie M\u00f6glichkeiten zur Verbesserung Ihres Produkts ermitteln.<\/p>","protected":false},"excerpt":{"rendered":"<p>Learn the skills and best practices you need to master the LReply platform and all of its powerful features. During these unprecedented times, LReply\u2019s number one priority is to look after our people and their families, our clients and business [&hellip;]<\/p>","protected":false},"author":1,"featured_media":0,"parent":114,"menu_order":5,"comment_status":"closed","ping_status":"closed","template":"","meta":{"content-type":"","_monsterinsights_skip_tracking":false,"_monsterinsights_sitenote_active":false,"_monsterinsights_sitenote_note":"","_monsterinsights_sitenote_category":0},"yoast_head":"<!-- This site is optimized with the Yoast SEO plugin v19.4 - https:\/\/yoast.com\/wordpress\/plugins\/seo\/ -->\n<title>Training, Service and Development<\/title>\n<meta name=\"description\" content=\"Learn the skills and best practices you need to master the LReply platform. We provide training for the use of the platform.\" \/>\n<meta name=\"robots\" content=\"index, follow, max-snippet:-1, max-image-preview:large, max-video-preview:-1\" \/>\n<link rel=\"canonical\" href=\"https:\/\/www.lreply.com\/de\/unsere-firma\/schulungen-und-dienstleistungen\/\" \/>\n<meta property=\"og:locale\" content=\"de_DE\" \/>\n<meta property=\"og:type\" content=\"article\" \/>\n<meta property=\"og:title\" content=\"Training, Service and Development\" \/>\n<meta property=\"og:description\" content=\"Learn the skills and best practices you need to master the LReply platform. We provide training for the use of the platform.\" \/>\n<meta property=\"og:url\" content=\"https:\/\/www.lreply.com\/de\/unsere-firma\/schulungen-und-dienstleistungen\/\" \/>\n<meta property=\"og:site_name\" content=\"LReply\" \/>\n<meta property=\"article:modified_time\" content=\"2021-11-06T13:41:08+00:00\" \/>\n<meta name=\"twitter:card\" content=\"summary_large_image\" \/>\n<meta name=\"twitter:label1\" content=\"Est. reading time\" \/>\n\t<meta name=\"twitter:data1\" content=\"1 minute\" \/>\n<script type=\"application\/ld+json\" class=\"yoast-schema-graph\">{\"@context\":\"https:\/\/schema.org\",\"@graph\":[{\"@type\":\"Organization\",\"@id\":\"https:\/\/www.lreply.com\/#organization\",\"name\":\"LReply\",\"url\":\"https:\/\/www.lreply.com\/\",\"sameAs\":[],\"logo\":{\"@type\":\"ImageObject\",\"inLanguage\":\"de-DE-formal\",\"@id\":\"https:\/\/www.lreply.com\/#\/schema\/logo\/image\/\",\"url\":\"https:\/\/www.lreply.com\/wp-content\/uploads\/2021\/09\/Logo-LReply-Standart.png\",\"contentUrl\":\"https:\/\/www.lreply.com\/wp-content\/uploads\/2021\/09\/Logo-LReply-Standart.png\",\"width\":512,\"height\":512,\"caption\":\"LReply\"},\"image\":{\"@id\":\"https:\/\/www.lreply.com\/#\/schema\/logo\/image\/\"}},{\"@type\":\"WebSite\",\"@id\":\"https:\/\/www.lreply.com\/#website\",\"url\":\"https:\/\/www.lreply.com\/\",\"name\":\"LReply\",\"description\":\"Marketing success through differentiation\",\"publisher\":{\"@id\":\"https:\/\/www.lreply.com\/#organization\"},\"potentialAction\":[{\"@type\":\"SearchAction\",\"target\":{\"@type\":\"EntryPoint\",\"urlTemplate\":\"https:\/\/www.lreply.com\/?s={search_term_string}\"},\"query-input\":\"required name=search_term_string\"}],\"inLanguage\":\"de-DE-formal\"},{\"@type\":\"WebPage\",\"@id\":\"https:\/\/www.lreply.com\/de\/unsere-firma\/schulungen-und-dienstleistungen\/\",\"url\":\"https:\/\/www.lreply.com\/de\/unsere-firma\/schulungen-und-dienstleistungen\/\",\"name\":\"Training, Service and Development\",\"isPartOf\":{\"@id\":\"https:\/\/www.lreply.com\/#website\"},\"datePublished\":\"2020-01-12T15:24:13+00:00\",\"dateModified\":\"2021-11-06T13:41:08+00:00\",\"description\":\"Learn the skills and best practices you need to master the LReply platform. We provide training for the use of the platform.\",\"breadcrumb\":{\"@id\":\"https:\/\/www.lreply.com\/de\/unsere-firma\/schulungen-und-dienstleistungen\/#breadcrumb\"},\"inLanguage\":\"de-DE-formal\",\"potentialAction\":[{\"@type\":\"ReadAction\",\"target\":[\"https:\/\/www.lreply.com\/de\/unsere-firma\/schulungen-und-dienstleistungen\/\"]}]},{\"@type\":\"BreadcrumbList\",\"@id\":\"https:\/\/www.lreply.com\/de\/unsere-firma\/schulungen-und-dienstleistungen\/#breadcrumb\",\"itemListElement\":[{\"@type\":\"ListItem\",\"position\":1,\"name\":\"Home\",\"item\":\"https:\/\/www.lreply.com\/\"},{\"@type\":\"ListItem\",\"position\":2,\"name\":\"Our Company\",\"item\":\"https:\/\/www.lreply.com\/our-company\/\"},{\"@type\":\"ListItem\",\"position\":3,\"name\":\"Training and Services\"}]}]}<\/script>\n<!-- \/ Yoast SEO plugin. -->","yoast_head_json":{"title":"Training, Service and Development","description":"Learn the skills and best practices you need to master the LReply platform. We provide training for the use of the platform.","robots":{"index":"index","follow":"follow","max-snippet":"max-snippet:-1","max-image-preview":"max-image-preview:large","max-video-preview":"max-video-preview:-1"},"canonical":"https:\/\/www.lreply.com\/de\/unsere-firma\/schulungen-und-dienstleistungen\/","og_locale":"de_DE","og_type":"article","og_title":"Training, Service and Development","og_description":"Learn the skills and best practices you need to master the LReply platform. We provide training for the use of the platform.","og_url":"https:\/\/www.lreply.com\/de\/unsere-firma\/schulungen-und-dienstleistungen\/","og_site_name":"LReply","article_modified_time":"2021-11-06T13:41:08+00:00","twitter_card":"summary_large_image","twitter_misc":{"Est. reading time":"1 minute"},"schema":{"@context":"https:\/\/schema.org","@graph":[{"@type":"Organization","@id":"https:\/\/www.lreply.com\/#organization","name":"LReply","url":"https:\/\/www.lreply.com\/","sameAs":[],"logo":{"@type":"ImageObject","inLanguage":"de-DE-formal","@id":"https:\/\/www.lreply.com\/#\/schema\/logo\/image\/","url":"https:\/\/www.lreply.com\/wp-content\/uploads\/2021\/09\/Logo-LReply-Standart.png","contentUrl":"https:\/\/www.lreply.com\/wp-content\/uploads\/2021\/09\/Logo-LReply-Standart.png","width":512,"height":512,"caption":"LReply"},"image":{"@id":"https:\/\/www.lreply.com\/#\/schema\/logo\/image\/"}},{"@type":"WebSite","@id":"https:\/\/www.lreply.com\/#website","url":"https:\/\/www.lreply.com\/","name":"LReply","description":"Marketing success through differentiation","publisher":{"@id":"https:\/\/www.lreply.com\/#organization"},"potentialAction":[{"@type":"SearchAction","target":{"@type":"EntryPoint","urlTemplate":"https:\/\/www.lreply.com\/?s={search_term_string}"},"query-input":"required name=search_term_string"}],"inLanguage":"de-DE-formal"},{"@type":"WebPage","@id":"https:\/\/www.lreply.com\/de\/unsere-firma\/schulungen-und-dienstleistungen\/","url":"https:\/\/www.lreply.com\/de\/unsere-firma\/schulungen-und-dienstleistungen\/","name":"Training, Service and Development","isPartOf":{"@id":"https:\/\/www.lreply.com\/#website"},"datePublished":"2020-01-12T15:24:13+00:00","dateModified":"2021-11-06T13:41:08+00:00","description":"Learn the skills and best practices you need to master the LReply platform. We provide training for the use of the platform.","breadcrumb":{"@id":"https:\/\/www.lreply.com\/de\/unsere-firma\/schulungen-und-dienstleistungen\/#breadcrumb"},"inLanguage":"de-DE-formal","potentialAction":[{"@type":"ReadAction","target":["https:\/\/www.lreply.com\/de\/unsere-firma\/schulungen-und-dienstleistungen\/"]}]},{"@type":"BreadcrumbList","@id":"https:\/\/www.lreply.com\/de\/unsere-firma\/schulungen-und-dienstleistungen\/#breadcrumb","itemListElement":[{"@type":"ListItem","position":1,"name":"Home","item":"https:\/\/www.lreply.com\/"},{"@type":"ListItem","position":2,"name":"Our Company","item":"https:\/\/www.lreply.com\/our-company\/"},{"@type":"ListItem","position":3,"name":"Training and Services"}]}]}},"_links":{"self":[{"href":"https:\/\/www.lreply.com\/de\/wp-json\/wp\/v2\/pages\/261"}],"collection":[{"href":"https:\/\/www.lreply.com\/de\/wp-json\/wp\/v2\/pages"}],"about":[{"href":"https:\/\/www.lreply.com\/de\/wp-json\/wp\/v2\/types\/page"}],"author":[{"embeddable":true,"href":"https:\/\/www.lreply.com\/de\/wp-json\/wp\/v2\/users\/1"}],"replies":[{"embeddable":true,"href":"https:\/\/www.lreply.com\/de\/wp-json\/wp\/v2\/comments?post=261"}],"version-history":[{"count":5,"href":"https:\/\/www.lreply.com\/de\/wp-json\/wp\/v2\/pages\/261\/revisions"}],"predecessor-version":[{"id":2529,"href":"https:\/\/www.lreply.com\/de\/wp-json\/wp\/v2\/pages\/261\/revisions\/2529"}],"up":[{"embeddable":true,"href":"https:\/\/www.lreply.com\/de\/wp-json\/wp\/v2\/pages\/114"}],"wp:attachment":[{"href":"https:\/\/www.lreply.com\/de\/wp-json\/wp\/v2\/media?parent=261"}],"curies":[{"name":"wp","href":"https:\/\/api.w.org\/{rel}","templated":true}]}}