{"id":71,"date":"2020-01-06T19:45:11","date_gmt":"2020-01-06T19:45:11","guid":{"rendered":"https:\/\/www.lreply.com\/?page_id=71"},"modified":"2024-10-14T06:12:54","modified_gmt":"2024-10-14T06:12:54","slug":"home-lreply","status":"publish","type":"page","link":"https:\/\/www.lreply.com\/de\/","title":{"rendered":""},"content":{"rendered":"<h1 class=\"has-text-align-center eltdf-st-title\">KI-basierte Plattform f\u00fcr Produktdifferenzierung<\/h1>\n\n\n\n<h3 class=\"has-text-align-center eltdf-st-title\"><\/h3>\n\n\n\n<h2 class=\"has-text-align-center title-top-message\">Angesichts des sich versch\u00e4rfenden Wettbewerbs ist es von entscheidender Bedeutung, die Quellen eines nachhaltigen Wettbewerbsvorteils zu verstehen. Ein Wettbewerbsvorteilstool wie unser <a href=\"https:\/\/www.lreply.com\/de\/wie-es-funktioniert\/\"><span class=\"has-inline-color has-vivid-red-color\">KI-gest\u00fctzte Plattform zur Produktdifferenzierung<\/span><\/a> bietet den Unternehmen einen gr\u00f6\u00dferen Spielraum f\u00fcr die Herstellung von Produkten mit wertvolleren und begehrenswerteren Eigenschaften, um diese Anforderungen zu erf\u00fcllen.<\/h2>\n\n\n\n<p><\/p>\n\n\n\n<div class=\"wp-block-buttons is-content-justification-center\">\n<div class=\"wp-block-button is-style-fill\"><a class=\"wp-block-button__link has-white-color has-text-color has-background\" href=\"https:\/\/www.lreply.com\/de\/demo-anfrage\/\" style=\"border-radius:6px;border-color:#b53535; background-color:#b53535\">Kostenlose Demo buchen<\/a><\/div>\n<\/div>\n\n\n\n<div style=\"height:29px\" aria-hidden=\"true\" class=\"wp-block-spacer\"><\/div>\n\n\n\n\n\n<h2 class=\"has-text-align-center\"><\/h2>\n\n\n\n<div class=\"wp-block-columns\">\n<div class=\"wp-block-column\" style=\"flex-basis:100%\">\n<p><\/p>\n<\/div>\n<\/div>\n\n\n\n<div class=\"wp-block-media-text alignwide has-media-on-the-right is-stacked-on-mobile is-vertically-aligned-center\" style=\"grid-template-columns:auto 22%\"><figure class=\"wp-block-media-text__media\"><a href=\"https:\/\/dind.info\/auszeichnung\/arbeitgeber-der-zukunft\/\"><img loading=\"lazy\" width=\"632\" height=\"1024\" src=\"https:\/\/www.lreply.com\/wp-content\/uploads\/2024\/09\/ADZ-Siegel_Mini_Format_LReply-GmbH-632x1024.png\" alt=\"\" class=\"wp-image-4993 size-full\" srcset=\"https:\/\/www.lreply.com\/wp-content\/uploads\/2024\/09\/ADZ-Siegel_Mini_Format_LReply-GmbH-632x1024.png 632w, https:\/\/www.lreply.com\/wp-content\/uploads\/2024\/09\/ADZ-Siegel_Mini_Format_LReply-GmbH-185x300.png 185w, https:\/\/www.lreply.com\/wp-content\/uploads\/2024\/09\/ADZ-Siegel_Mini_Format_LReply-GmbH-768x1245.png 768w, https:\/\/www.lreply.com\/wp-content\/uploads\/2024\/09\/ADZ-Siegel_Mini_Format_LReply-GmbH-7x12.png 7w, https:\/\/www.lreply.com\/wp-content\/uploads\/2024\/09\/ADZ-Siegel_Mini_Format_LReply-GmbH.png 800w\" sizes=\"(max-width: 632px) 100vw, 632px\" \/><\/a><\/figure><div class=\"wp-block-media-text__content\">\n<h2>LReply wurde als Arbeitgeber der Zukunft ausgezeichnet.<\/h2>\n\n\n\n<p style=\"font-size:15px\">Schirmherrin der Initiative ist DUP UNTERNEHMER-Verlegerin Brigitte Zypries, Bundeswirtschaftsministerin a.D.. Gemeinsam mit ihr setzen wir uns f\u00fcr den Mittelstand in Deutschland ein. Mit dem Siegel \"Arbeitgeber der Zukunft\" haben wir die M\u00f6glichkeit, im Wettbewerb um wertvolle Mitarbeiter positiv auf uns aufmerksam zu machen. <strong>Der Preis wird am 06.09.2 in Berlin verliehen.<\/strong>4.<\/p>\n\n\n\n<p style=\"font-size:15px\">&nbsp;<\/p>\n\n\n\n<div class=\"wp-block-buttons\">\n<div class=\"wp-block-button\"><a class=\"wp-block-button__link\" href=\"https:\/\/dind.info\/auszeichnung\/arbeitgeber-der-zukunft\/\">Mehr erfahren<\/a><\/div>\n<\/div>\n<\/div><\/div>\n\n\n\n<div style=\"height:33px\" aria-hidden=\"true\" class=\"wp-block-spacer\"><\/div>","protected":false},"excerpt":{"rendered":"<p>AI-based platform for product differentiation In the face of intensifying competition, it is essential to understand the sources of sustainable competitive advantage. A competitive advantage tool such as our AI-powered product differentiation platform offers companies greater leeway to make products [&hellip;]<\/p>","protected":false},"author":1,"featured_media":0,"parent":0,"menu_order":0,"comment_status":"closed","ping_status":"closed","template":"","meta":{"content-type":"","_monsterinsights_skip_tracking":false,"_monsterinsights_sitenote_active":false,"_monsterinsights_sitenote_note":"","_monsterinsights_sitenote_category":0},"yoast_head":"<!-- This site is optimized with the Yoast SEO plugin v19.4 - https:\/\/yoast.com\/wordpress\/plugins\/seo\/ -->\n<title>AI-based product differentiation platform<\/title>\n<meta name=\"description\" content=\"LReply is an AI-based platform for product differentiation to achieve competitive advantages.\" \/>\n<meta name=\"robots\" content=\"index, follow, max-snippet:-1, max-image-preview:large, max-video-preview:-1\" \/>\n<link rel=\"canonical\" href=\"https:\/\/www.lreply.com\/de\/\" \/>\n<meta property=\"og:locale\" content=\"de_DE\" \/>\n<meta property=\"og:type\" content=\"article\" \/>\n<meta property=\"og:title\" content=\"AI-based product differentiation platform\" \/>\n<meta property=\"og:description\" content=\"LReply is an AI-based platform for product differentiation to achieve competitive advantages.\" \/>\n<meta property=\"og:url\" content=\"https:\/\/www.lreply.com\/de\/\" \/>\n<meta property=\"og:site_name\" content=\"LReply\" \/>\n<meta property=\"article:modified_time\" content=\"2024-10-14T06:12:54+00:00\" \/>\n<meta property=\"og:image\" content=\"https:\/\/www.lreply.com\/wp-content\/uploads\/2024\/09\/ADZ-Siegel_Mini_Format_LReply-GmbH-632x1024.png\" \/>\n<meta name=\"twitter:card\" content=\"summary_large_image\" \/>\n<meta name=\"twitter:label1\" content=\"Est. reading time\" \/>\n\t<meta name=\"twitter:data1\" content=\"1 minute\" \/>\n<script type=\"application\/ld+json\" class=\"yoast-schema-graph\">{\"@context\":\"https:\/\/schema.org\",\"@graph\":[{\"@type\":\"Organization\",\"@id\":\"https:\/\/www.lreply.com\/#organization\",\"name\":\"LReply\",\"url\":\"https:\/\/www.lreply.com\/\",\"sameAs\":[],\"logo\":{\"@type\":\"ImageObject\",\"inLanguage\":\"de-DE-formal\",\"@id\":\"https:\/\/www.lreply.com\/#\/schema\/logo\/image\/\",\"url\":\"https:\/\/www.lreply.com\/wp-content\/uploads\/2021\/09\/Logo-LReply-Standart.png\",\"contentUrl\":\"https:\/\/www.lreply.com\/wp-content\/uploads\/2021\/09\/Logo-LReply-Standart.png\",\"width\":512,\"height\":512,\"caption\":\"LReply\"},\"image\":{\"@id\":\"https:\/\/www.lreply.com\/#\/schema\/logo\/image\/\"}},{\"@type\":\"WebSite\",\"@id\":\"https:\/\/www.lreply.com\/#website\",\"url\":\"https:\/\/www.lreply.com\/\",\"name\":\"LReply\",\"description\":\"Marketing success through differentiation\",\"publisher\":{\"@id\":\"https:\/\/www.lreply.com\/#organization\"},\"potentialAction\":[{\"@type\":\"SearchAction\",\"target\":{\"@type\":\"EntryPoint\",\"urlTemplate\":\"https:\/\/www.lreply.com\/?s={search_term_string}\"},\"query-input\":\"required name=search_term_string\"}],\"inLanguage\":\"de-DE-formal\"},{\"@type\":\"WebPage\",\"@id\":\"https:\/\/www.lreply.com\/\",\"url\":\"https:\/\/www.lreply.com\/\",\"name\":\"AI-based product differentiation platform\",\"isPartOf\":{\"@id\":\"https:\/\/www.lreply.com\/#website\"},\"datePublished\":\"2020-01-06T19:45:11+00:00\",\"dateModified\":\"2024-10-14T06:12:54+00:00\",\"description\":\"LReply is an AI-based platform for product differentiation to achieve competitive advantages.\",\"breadcrumb\":{\"@id\":\"https:\/\/www.lreply.com\/#breadcrumb\"},\"inLanguage\":\"de-DE-formal\",\"potentialAction\":[{\"@type\":\"ReadAction\",\"target\":[\"https:\/\/www.lreply.com\/\"]}]},{\"@type\":\"BreadcrumbList\",\"@id\":\"https:\/\/www.lreply.com\/#breadcrumb\",\"itemListElement\":[{\"@type\":\"ListItem\",\"position\":1,\"name\":\"Home\",\"item\":\"https:\/\/www.lreply.com\/\"},{\"@type\":\"ListItem\",\"position\":2,\"name\":\"\"}]}]}<\/script>\n<!-- \/ Yoast SEO plugin. -->","yoast_head_json":{"title":"AI-based product differentiation platform","description":"LReply is an AI-based platform for product differentiation to achieve competitive advantages.","robots":{"index":"index","follow":"follow","max-snippet":"max-snippet:-1","max-image-preview":"max-image-preview:large","max-video-preview":"max-video-preview:-1"},"canonical":"https:\/\/www.lreply.com\/de\/","og_locale":"de_DE","og_type":"article","og_title":"AI-based product differentiation platform","og_description":"LReply is an AI-based platform for product differentiation to achieve competitive advantages.","og_url":"https:\/\/www.lreply.com\/de\/","og_site_name":"LReply","article_modified_time":"2024-10-14T06:12:54+00:00","og_image":[{"url":"https:\/\/www.lreply.com\/wp-content\/uploads\/2024\/09\/ADZ-Siegel_Mini_Format_LReply-GmbH-632x1024.png"}],"twitter_card":"summary_large_image","twitter_misc":{"Est. reading time":"1 minute"},"schema":{"@context":"https:\/\/schema.org","@graph":[{"@type":"Organization","@id":"https:\/\/www.lreply.com\/#organization","name":"LReply","url":"https:\/\/www.lreply.com\/","sameAs":[],"logo":{"@type":"ImageObject","inLanguage":"de-DE-formal","@id":"https:\/\/www.lreply.com\/#\/schema\/logo\/image\/","url":"https:\/\/www.lreply.com\/wp-content\/uploads\/2021\/09\/Logo-LReply-Standart.png","contentUrl":"https:\/\/www.lreply.com\/wp-content\/uploads\/2021\/09\/Logo-LReply-Standart.png","width":512,"height":512,"caption":"LReply"},"image":{"@id":"https:\/\/www.lreply.com\/#\/schema\/logo\/image\/"}},{"@type":"WebSite","@id":"https:\/\/www.lreply.com\/#website","url":"https:\/\/www.lreply.com\/","name":"LReply","description":"Marketing success through differentiation","publisher":{"@id":"https:\/\/www.lreply.com\/#organization"},"potentialAction":[{"@type":"SearchAction","target":{"@type":"EntryPoint","urlTemplate":"https:\/\/www.lreply.com\/?s={search_term_string}"},"query-input":"required name=search_term_string"}],"inLanguage":"de-DE-formal"},{"@type":"WebPage","@id":"https:\/\/www.lreply.com\/","url":"https:\/\/www.lreply.com\/","name":"AI-based product differentiation platform","isPartOf":{"@id":"https:\/\/www.lreply.com\/#website"},"datePublished":"2020-01-06T19:45:11+00:00","dateModified":"2024-10-14T06:12:54+00:00","description":"LReply is an AI-based platform for product differentiation to achieve competitive advantages.","breadcrumb":{"@id":"https:\/\/www.lreply.com\/#breadcrumb"},"inLanguage":"de-DE-formal","potentialAction":[{"@type":"ReadAction","target":["https:\/\/www.lreply.com\/"]}]},{"@type":"BreadcrumbList","@id":"https:\/\/www.lreply.com\/#breadcrumb","itemListElement":[{"@type":"ListItem","position":1,"name":"Home","item":"https:\/\/www.lreply.com\/"},{"@type":"ListItem","position":2,"name":""}]}]}},"_links":{"self":[{"href":"https:\/\/www.lreply.com\/de\/wp-json\/wp\/v2\/pages\/71"}],"collection":[{"href":"https:\/\/www.lreply.com\/de\/wp-json\/wp\/v2\/pages"}],"about":[{"href":"https:\/\/www.lreply.com\/de\/wp-json\/wp\/v2\/types\/page"}],"author":[{"embeddable":true,"href":"https:\/\/www.lreply.com\/de\/wp-json\/wp\/v2\/users\/1"}],"replies":[{"embeddable":true,"href":"https:\/\/www.lreply.com\/de\/wp-json\/wp\/v2\/comments?post=71"}],"version-history":[{"count":5,"href":"https:\/\/www.lreply.com\/de\/wp-json\/wp\/v2\/pages\/71\/revisions"}],"predecessor-version":[{"id":5059,"href":"https:\/\/www.lreply.com\/de\/wp-json\/wp\/v2\/pages\/71\/revisions\/5059"}],"wp:attachment":[{"href":"https:\/\/www.lreply.com\/de\/wp-json\/wp\/v2\/media?parent=71"}],"curies":[{"name":"wp","href":"https:\/\/api.w.org\/{rel}","templated":true}]}}