{"id":110,"date":"2020-01-07T21:16:32","date_gmt":"2020-01-07T21:16:32","guid":{"rendered":"https:\/\/www.lreply.com\/?page_id=110"},"modified":"2024-10-13T15:45:22","modified_gmt":"2024-10-13T15:45:22","slug":"platform","status":"publish","type":"page","link":"https:\/\/www.lreply.com\/fr\/plate-forme\/","title":{"rendered":"Plate-forme"},"content":{"rendered":"<h1 class=\"has-text-align-center\">Plateforme de diff\u00e9renciation des produits bas\u00e9e sur l'IA<\/h1>\n\n\n\n<p class=\"has-white-background-color has-background has-normal-font-size\"> Selon de nombreuses \u00e9tudes, il existe un consensus g\u00e9n\u00e9ral sur l'existence d'une relation positive entre la diff\u00e9renciation et la performance organisationnelle. Nous saisissons des opportunit\u00e9s inexplor\u00e9es dans le domaine des produits de consommation et des services, en permettant \u00e0 des entreprises exceptionnelles de poursuivre leurs id\u00e9es les meilleures et les plus audacieuses. Nous pensons que la profondeur, l'\u00e9tendue et la port\u00e9e de notre recherche quantitative sont in\u00e9gal\u00e9es.<\/p>\n\n\n\n<p class=\"has-white-background-color has-background has-normal-font-size\">Notre \u00e9quipe de recherche quantitative, investie dans notre plateforme de diff\u00e9renciation des produits bas\u00e9e sur l'IA, associe le talent math\u00e9matique \u00e0 l'esprit d'entreprise pour d\u00e9couvrir les caract\u00e9ristiques cr\u00e9atrices de valeur de vos produits. Gr\u00e2ce \u00e0 des capacit\u00e9s de calcul et de simulation avanc\u00e9es, nos sp\u00e9cialistes de la recherche quantitative construisent des mod\u00e8les puissants pour trouver de la valeur dans vos produits. Notre plateforme d'analyse quantitative bas\u00e9e sur l'IA utilise les donn\u00e9es de vos produits (caract\u00e9ristiques) pour d\u00e9couvrir des opportunit\u00e9s de march\u00e9 qui ont plus de valeur pour les consommateurs.<\/p>\n\n\n\n<div class=\"wp-block-image\"><figure class=\"aligncenter size-full\"><img loading=\"lazy\" width=\"1000\" height=\"524\" src=\"https:\/\/www.lreply.com\/wp-content\/uploads\/2024\/10\/DataScientists_together_iN_oFFICE-1.png\" alt=\"\" class=\"wp-image-5039\" srcset=\"https:\/\/www.lreply.com\/wp-content\/uploads\/2024\/10\/DataScientists_together_iN_oFFICE-1.png 1000w, https:\/\/www.lreply.com\/wp-content\/uploads\/2024\/10\/DataScientists_together_iN_oFFICE-1-300x157.png 300w, https:\/\/www.lreply.com\/wp-content\/uploads\/2024\/10\/DataScientists_together_iN_oFFICE-1-768x402.png 768w, https:\/\/www.lreply.com\/wp-content\/uploads\/2024\/10\/DataScientists_together_iN_oFFICE-1-18x9.png 18w\" sizes=\"(max-width: 1000px) 100vw, 1000px\" \/><\/figure><\/div>\n\n\n\n<p class=\"has-white-background-color has-background has-normal-font-size\">To deliver a better customer experience and gain a competitive advantage, consumer products companies are pursuing omnichannel sales and e-commerce, in addition to deploying big data, analytics and artificial intelligence (AI) solutions. In addition, Internet of Things (IoT) devices and 3D printing technology are enabling consumer products companies to improve direct distribution to meet rising customer expectations. To meet these challenges, consumer involvement in product development is essential, with online and physical testing becoming increasingly important in product research.<\/p>\n\n\n\n<h2 class=\"has-text-align-center\">Un regard plus attentif sur notre plateforme<\/h2>\n\n\n\n<p class=\"has-white-background-color has-background\">Les nombreuses entreprises du secteur des produits de grande consommation comptent parmi les entreprises les plus innovantes de la derni\u00e8re g\u00e9n\u00e9ration. Une poign\u00e9e de leaders du secteur rejoignent rapidement leurs rangs en r\u00e9inventant leur c\u0153ur de m\u00e9tier autour des donn\u00e9es et du num\u00e9rique en engageant le consommateur tout au long du processus de cr\u00e9ation du produit, du lancement \u00e0 la commercialisation.<\/p>\n\n\n\n<p class=\"has-white-background-color has-background\">La configuration informatique modulaire de notre plateforme permet aux entreprises de produits de grande consommation d'acc\u00e9l\u00e9rer et d'innover, quelle que soit leur taille. Elles sont en mesure d'exp\u00e9rimenter, d'\u00e9chouer, d'apprendre et d'\u00e9voluer rapidement : elles peuvent mettre leurs produits sur le march\u00e9 plus rapidement que leurs homologues de plus grande taille (en quelques semaines au lieu de quelques mois). Avec ce type de vitesse et de flexibilit\u00e9, les tests de produits (physiques et en ligne) peuvent et doivent devenir un axe d'innovation et de croissance.<\/p>\n\n\n\n<div class=\"wp-block-image\"><figure class=\"aligncenter size-full\"><img loading=\"lazy\" width=\"800\" height=\"651\" src=\"https:\/\/www.lreply.com\/wp-content\/uploads\/2023\/02\/user_experience_monitoring.jpg\" alt=\"\" class=\"wp-image-3571\" srcset=\"https:\/\/www.lreply.com\/wp-content\/uploads\/2023\/02\/user_experience_monitoring.jpg 800w, https:\/\/www.lreply.com\/wp-content\/uploads\/2023\/02\/user_experience_monitoring-300x244.jpg 300w, https:\/\/www.lreply.com\/wp-content\/uploads\/2023\/02\/user_experience_monitoring-768x625.jpg 768w, https:\/\/www.lreply.com\/wp-content\/uploads\/2023\/02\/user_experience_monitoring-15x12.jpg 15w\" sizes=\"(max-width: 800px) 100vw, 800px\" \/><figcaption>Digital generated image of popsicles organized into circular pattern on beige background.<\/figcaption><\/figure><\/div>\n\n\n\n<h2 class=\"has-text-align-center\">Avantages<\/h2>\n\n\n\n<p class=\"has-white-background-color has-background\">Les nombreuses entreprises du secteur des produits de grande consommation comptent parmi les entreprises les plus innovantes de la derni\u00e8re g\u00e9n\u00e9ration. Une poign\u00e9e de leaders du secteur rejoignent rapidement leurs rangs en r\u00e9inventant leur c\u0153ur de m\u00e9tier autour des donn\u00e9es et du num\u00e9rique en engageant le consommateur tout au long du processus de cr\u00e9ation du produit, du lancement \u00e0 la commercialisation.<\/p>\n\n\n\n<p class=\"has-white-background-color has-background\">Ce qui distingue ces entreprises des autres, c'est que leur technologie leur permet d'agir plus rapidement, avec plus de souplesse et \u00e0 plus grande \u00e9chelle que leurs concurrents. Toutes ces fonctionnalit\u00e9s sont pr\u00e9sentes dans la plateforme LReply.<\/p>\n\n\n\n<p class=\"has-white-background-color has-background\">Notre plateforme consiste en un ensemble logique d'activit\u00e9s et de technologies associ\u00e9es qui r\u00e9pondent \u00e0 des objectifs commerciaux sp\u00e9cifiques : Augmenter la rentabilit\u00e9 de votre entreprise et am\u00e9liorer vos produits, qui peuvent \u00eatre num\u00e9riques ou physiques. Notre plateforme est g\u00e9r\u00e9e individuellement ou en groupe, les modules peuvent \u00eatre \u00e9chang\u00e9s et, une fois assembl\u00e9s, ils constituent l'\u00e9pine dorsale de notre capacit\u00e9 technologique. Il est \u00e9galement important que les \u00e9quipes commerciales et techniques de l'entreprise travaillent en \u00e9troite collaboration et disposent du pouvoir de d\u00e9cision n\u00e9cessaire pour agir rapidement.<\/p>\n\n\n\n<div class=\"wp-block-image\"><figure class=\"aligncenter size-full\"><img loading=\"lazy\" width=\"1021\" height=\"562\" src=\"https:\/\/www.lreply.com\/wp-content\/uploads\/2022\/10\/lreply-platforme-test.jpg\" alt=\"\" class=\"wp-image-3280\" srcset=\"https:\/\/www.lreply.com\/wp-content\/uploads\/2022\/10\/lreply-platforme-test.jpg 1021w, https:\/\/www.lreply.com\/wp-content\/uploads\/2022\/10\/lreply-platforme-test-300x165.jpg 300w, https:\/\/www.lreply.com\/wp-content\/uploads\/2022\/10\/lreply-platforme-test-768x423.jpg 768w, https:\/\/www.lreply.com\/wp-content\/uploads\/2022\/10\/lreply-platforme-test-18x10.jpg 18w\" sizes=\"(max-width: 1021px) 100vw, 1021px\" \/><\/figure><\/div>\n\n\n\n<p class=\"has-white-background-color has-background\">La configuration informatique modulaire de notre plateforme permet aux entreprises de produits de grande consommation d'acc\u00e9l\u00e9rer et d'innover, quelle que soit leur taille. Elles sont en mesure d'exp\u00e9rimenter, d'\u00e9chouer, d'apprendre et d'\u00e9voluer rapidement : elles peuvent mettre leurs produits sur le march\u00e9 plus rapidement que leurs homologues de plus grande taille (en quelques semaines au lieu de quelques mois). Avec ce type de vitesse et de flexibilit\u00e9, les tests de produits (physiques et en ligne) peuvent et doivent devenir un axe d'innovation et de croissance.<\/p>\n\n\n\n<h2 class=\"has-text-align-center\">Ce \u00e0 quoi ressemble l'exploitation de la plateforme dans la pratique, dans une entreprise<\/h2>\n\n\n\n<p class=\"has-white-background-color has-background\">La plateforme LReply se concentre sur les solutions commerciales (Exp\u00e9rience client durable, num\u00e9risation, e-commerce de produits de consommation, big data et analytique, intelligence artificielle, distribution directe, internet des objets, blockchain en bref, am\u00e9lioration de la qualit\u00e9 des produits) pour servir les clients (internes ou externes). Les modules fonctionnent en interne comme des entit\u00e9s ind\u00e9pendantes qui regroupent les activit\u00e9s des personnalisateurs par le biais de la technologie, de la gouvernance et des processus. Ils sont dirig\u00e9s par LReply GmbH, qui assume la responsabilit\u00e9 de bout en bout de la fourniture des donn\u00e9es et de leur exploitation en tant que service.<\/p>\n\n\n\n<div class=\"wp-block-image\"><figure class=\"aligncenter size-full\"><img loading=\"lazy\" width=\"1021\" height=\"562\" src=\"https:\/\/www.lreply.com\/wp-content\/uploads\/2022\/10\/spaguetti-motor.jpg\" alt=\"\" class=\"wp-image-3282\" srcset=\"https:\/\/www.lreply.com\/wp-content\/uploads\/2022\/10\/spaguetti-motor.jpg 1021w, https:\/\/www.lreply.com\/wp-content\/uploads\/2022\/10\/spaguetti-motor-300x165.jpg 300w, https:\/\/www.lreply.com\/wp-content\/uploads\/2022\/10\/spaguetti-motor-768x423.jpg 768w, https:\/\/www.lreply.com\/wp-content\/uploads\/2022\/10\/spaguetti-motor-18x10.jpg 18w\" sizes=\"(max-width: 1021px) 100vw, 1021px\" \/><\/figure><\/div>\n\n\n\n<h2 class=\"has-text-align-center\">Contr\u00f4le<\/h2>\n\n\n\n<p class=\"has-black-color has-white-background-color has-text-color has-background\">Notre plateforme est compos\u00e9e de nombreux modules distincts (entre autres, des outils de recherche, des outils CX, des outils d'enqu\u00eate, des offres de panel, des outils de reporting, etc.), mais leur valeur r\u00e9side dans l'efficacit\u00e9 de leur collaboration entre LReply et le client.<\/p>\n\n\n\n<div class=\"wp-block-image\"><figure class=\"aligncenter size-full\"><img loading=\"lazy\" width=\"1024\" height=\"679\" src=\"https:\/\/www.lreply.com\/wp-content\/uploads\/2022\/10\/prototype-bg-lreply.jpg\" alt=\"\" class=\"wp-image-3276\" srcset=\"https:\/\/www.lreply.com\/wp-content\/uploads\/2022\/10\/prototype-bg-lreply.jpg 1024w, https:\/\/www.lreply.com\/wp-content\/uploads\/2022\/10\/prototype-bg-lreply-300x199.jpg 300w, https:\/\/www.lreply.com\/wp-content\/uploads\/2022\/10\/prototype-bg-lreply-768x509.jpg 768w, https:\/\/www.lreply.com\/wp-content\/uploads\/2022\/10\/prototype-bg-lreply-18x12.jpg 18w\" sizes=\"(max-width: 1024px) 100vw, 1024px\" \/><\/figure><\/div>\n\n\n\n<p class=\"has-white-background-color has-background\">Par le pass\u00e9, de nombreuses entreprises ont n\u00e9glig\u00e9 l'importance de faire en sorte que tout fonctionne ensemble, ainsi que la transparence du reporting des donn\u00e9es pendant les campagnes. Aujourd'hui, avec LReply, nous pouvons suivre de mani\u00e8re transparente l'ensemble du processus physique d'exploitation des donn\u00e9es \u00e0 travers notre plateforme.<\/p>","protected":false},"excerpt":{"rendered":"<p>AI-based product differentiation platform According to numerous studies, there is a general consensus on the existence of a positive relationship between differentiation and organizational performance. We seize unexplored opportunities in consumer products and services, enabling exceptional companies to pursue their [&hellip;]<\/p>","protected":false},"author":1,"featured_media":3202,"parent":0,"menu_order":0,"comment_status":"closed","ping_status":"closed","template":"","meta":{"content-type":"","_monsterinsights_skip_tracking":false,"_monsterinsights_sitenote_active":false,"_monsterinsights_sitenote_note":"","_monsterinsights_sitenote_category":0},"yoast_head":"<!-- This site is optimized with the Yoast SEO plugin v19.4 - https:\/\/yoast.com\/wordpress\/plugins\/seo\/ -->\n<title>Our AI-based platform for product differentiation<\/title>\n<meta name=\"description\" content=\"Manage all your data from a single, secure platform. We provide the infrastructure to help you grow your business.\" \/>\n<meta name=\"robots\" content=\"index, follow, max-snippet:-1, max-image-preview:large, max-video-preview:-1\" \/>\n<link rel=\"canonical\" href=\"https:\/\/www.lreply.com\/fr\/plate-forme\/\" \/>\n<meta property=\"og:locale\" content=\"fr_FR\" \/>\n<meta property=\"og:type\" content=\"article\" \/>\n<meta property=\"og:title\" content=\"Our AI-based platform for product differentiation\" \/>\n<meta property=\"og:description\" content=\"Manage all your data from a single, secure platform. We provide the infrastructure to help you grow your business.\" \/>\n<meta property=\"og:url\" content=\"https:\/\/www.lreply.com\/fr\/plate-forme\/\" \/>\n<meta property=\"og:site_name\" content=\"LReply\" \/>\n<meta property=\"article:modified_time\" content=\"2024-10-13T15:45:22+00:00\" \/>\n<meta property=\"og:image\" content=\"https:\/\/www.lreply.com\/wp-content\/uploads\/2022\/10\/gemeinsam.jpg\" \/>\n\t<meta property=\"og:image:width\" content=\"1500\" \/>\n\t<meta property=\"og:image:height\" content=\"991\" \/>\n\t<meta property=\"og:image:type\" content=\"image\/jpeg\" \/>\n<meta name=\"twitter:card\" content=\"summary_large_image\" \/>\n<meta name=\"twitter:label1\" content=\"Est. reading time\" \/>\n\t<meta name=\"twitter:data1\" content=\"5 minutes\" \/>\n<script type=\"application\/ld+json\" class=\"yoast-schema-graph\">{\"@context\":\"https:\/\/schema.org\",\"@graph\":[{\"@type\":\"Organization\",\"@id\":\"https:\/\/www.lreply.com\/#organization\",\"name\":\"LReply\",\"url\":\"https:\/\/www.lreply.com\/\",\"sameAs\":[],\"logo\":{\"@type\":\"ImageObject\",\"inLanguage\":\"fr-FR\",\"@id\":\"https:\/\/www.lreply.com\/#\/schema\/logo\/image\/\",\"url\":\"https:\/\/www.lreply.com\/wp-content\/uploads\/2021\/09\/Logo-LReply-Standart.png\",\"contentUrl\":\"https:\/\/www.lreply.com\/wp-content\/uploads\/2021\/09\/Logo-LReply-Standart.png\",\"width\":512,\"height\":512,\"caption\":\"LReply\"},\"image\":{\"@id\":\"https:\/\/www.lreply.com\/#\/schema\/logo\/image\/\"}},{\"@type\":\"WebSite\",\"@id\":\"https:\/\/www.lreply.com\/#website\",\"url\":\"https:\/\/www.lreply.com\/\",\"name\":\"LReply\",\"description\":\"Marketing success through differentiation\",\"publisher\":{\"@id\":\"https:\/\/www.lreply.com\/#organization\"},\"potentialAction\":[{\"@type\":\"SearchAction\",\"target\":{\"@type\":\"EntryPoint\",\"urlTemplate\":\"https:\/\/www.lreply.com\/?s={search_term_string}\"},\"query-input\":\"required name=search_term_string\"}],\"inLanguage\":\"fr-FR\"},{\"@type\":\"WebPage\",\"@id\":\"https:\/\/www.lreply.com\/platform\/\",\"url\":\"https:\/\/www.lreply.com\/platform\/\",\"name\":\"Our AI-based platform for product differentiation\",\"isPartOf\":{\"@id\":\"https:\/\/www.lreply.com\/#website\"},\"datePublished\":\"2020-01-07T21:16:32+00:00\",\"dateModified\":\"2024-10-13T15:45:22+00:00\",\"description\":\"Manage all your data from a single, secure platform. We provide the infrastructure to help you grow your business.\",\"breadcrumb\":{\"@id\":\"https:\/\/www.lreply.com\/platform\/#breadcrumb\"},\"inLanguage\":\"fr-FR\",\"potentialAction\":[{\"@type\":\"ReadAction\",\"target\":[\"https:\/\/www.lreply.com\/platform\/\"]}]},{\"@type\":\"BreadcrumbList\",\"@id\":\"https:\/\/www.lreply.com\/platform\/#breadcrumb\",\"itemListElement\":[{\"@type\":\"ListItem\",\"position\":1,\"name\":\"Home\",\"item\":\"https:\/\/www.lreply.com\/\"},{\"@type\":\"ListItem\",\"position\":2,\"name\":\"Platform\"}]}]}<\/script>\n<!-- \/ Yoast SEO plugin. -->","yoast_head_json":{"title":"Our AI-based platform for product differentiation","description":"Manage all your data from a single, secure platform. We provide the infrastructure to help you grow your business.","robots":{"index":"index","follow":"follow","max-snippet":"max-snippet:-1","max-image-preview":"max-image-preview:large","max-video-preview":"max-video-preview:-1"},"canonical":"https:\/\/www.lreply.com\/fr\/plate-forme\/","og_locale":"fr_FR","og_type":"article","og_title":"Our AI-based platform for product differentiation","og_description":"Manage all your data from a single, secure platform. We provide the infrastructure to help you grow your business.","og_url":"https:\/\/www.lreply.com\/fr\/plate-forme\/","og_site_name":"LReply","article_modified_time":"2024-10-13T15:45:22+00:00","og_image":[{"width":1500,"height":991,"url":"https:\/\/www.lreply.com\/wp-content\/uploads\/2022\/10\/gemeinsam.jpg","type":"image\/jpeg"}],"twitter_card":"summary_large_image","twitter_misc":{"Est. reading time":"5 minutes"},"schema":{"@context":"https:\/\/schema.org","@graph":[{"@type":"Organization","@id":"https:\/\/www.lreply.com\/#organization","name":"LReply","url":"https:\/\/www.lreply.com\/","sameAs":[],"logo":{"@type":"ImageObject","inLanguage":"fr-FR","@id":"https:\/\/www.lreply.com\/#\/schema\/logo\/image\/","url":"https:\/\/www.lreply.com\/wp-content\/uploads\/2021\/09\/Logo-LReply-Standart.png","contentUrl":"https:\/\/www.lreply.com\/wp-content\/uploads\/2021\/09\/Logo-LReply-Standart.png","width":512,"height":512,"caption":"LReply"},"image":{"@id":"https:\/\/www.lreply.com\/#\/schema\/logo\/image\/"}},{"@type":"WebSite","@id":"https:\/\/www.lreply.com\/#website","url":"https:\/\/www.lreply.com\/","name":"LReply","description":"Marketing success through differentiation","publisher":{"@id":"https:\/\/www.lreply.com\/#organization"},"potentialAction":[{"@type":"SearchAction","target":{"@type":"EntryPoint","urlTemplate":"https:\/\/www.lreply.com\/?s={search_term_string}"},"query-input":"required name=search_term_string"}],"inLanguage":"fr-FR"},{"@type":"WebPage","@id":"https:\/\/www.lreply.com\/platform\/","url":"https:\/\/www.lreply.com\/platform\/","name":"Our AI-based platform for product differentiation","isPartOf":{"@id":"https:\/\/www.lreply.com\/#website"},"datePublished":"2020-01-07T21:16:32+00:00","dateModified":"2024-10-13T15:45:22+00:00","description":"Manage all your data from a single, secure platform. We provide the infrastructure to help you grow your business.","breadcrumb":{"@id":"https:\/\/www.lreply.com\/platform\/#breadcrumb"},"inLanguage":"fr-FR","potentialAction":[{"@type":"ReadAction","target":["https:\/\/www.lreply.com\/platform\/"]}]},{"@type":"BreadcrumbList","@id":"https:\/\/www.lreply.com\/platform\/#breadcrumb","itemListElement":[{"@type":"ListItem","position":1,"name":"Home","item":"https:\/\/www.lreply.com\/"},{"@type":"ListItem","position":2,"name":"Platform"}]}]}},"_links":{"self":[{"href":"https:\/\/www.lreply.com\/fr\/wp-json\/wp\/v2\/pages\/110"}],"collection":[{"href":"https:\/\/www.lreply.com\/fr\/wp-json\/wp\/v2\/pages"}],"about":[{"href":"https:\/\/www.lreply.com\/fr\/wp-json\/wp\/v2\/types\/page"}],"author":[{"embeddable":true,"href":"https:\/\/www.lreply.com\/fr\/wp-json\/wp\/v2\/users\/1"}],"replies":[{"embeddable":true,"href":"https:\/\/www.lreply.com\/fr\/wp-json\/wp\/v2\/comments?post=110"}],"version-history":[{"count":5,"href":"https:\/\/www.lreply.com\/fr\/wp-json\/wp\/v2\/pages\/110\/revisions"}],"predecessor-version":[{"id":5041,"href":"https:\/\/www.lreply.com\/fr\/wp-json\/wp\/v2\/pages\/110\/revisions\/5041"}],"wp:featuredmedia":[{"embeddable":true,"href":"https:\/\/www.lreply.com\/fr\/wp-json\/wp\/v2\/media\/3202"}],"wp:attachment":[{"href":"https:\/\/www.lreply.com\/fr\/wp-json\/wp\/v2\/media?parent=110"}],"curies":[{"name":"wp","href":"https:\/\/api.w.org\/{rel}","templated":true}]}}