{"id":135,"date":"2020-01-08T16:53:02","date_gmt":"2020-01-08T16:53:02","guid":{"rendered":"https:\/\/www.lreply.com\/?page_id=135"},"modified":"2024-09-19T01:22:10","modified_gmt":"2024-09-19T01:22:10","slug":"campaign-management","status":"publish","type":"page","link":"https:\/\/www.lreply.com\/fr\/plate-forme\/planification-campagne\/","title":{"rendered":"Gestion des campagnes"},"content":{"rendered":"<h2 class=\"has-text-align-center\">Gagnez du temps en programmant votre campagne<\/h2>\n\n\n\n<p class=\"has-text-align-center\">Avec notre puissant <a href=\"https:\/\/www.lreply.com\/fr\/plate-forme\/\">outils<\/a>, vous pouvez programmer une campagne au moment optimal.<\/p>\n\n\n\n<p class=\"has-text-align-center\">La derni\u00e8re \u00e9tape de la cr\u00e9ation d\u2019une campagne LReply est la planification. La planification de la campagne d\u00e9pend du type de campagne d\u2019une dur\u00e9e maximale de 6 semaines.<\/p>\n\n\n\n<p><\/p>\n\n\n\n<p><\/p>\n\n\n\n<h2 class=\"has-text-align-center\">Des options de planification sont disponibles<\/h2>\n\n\n\n<p class=\"has-text-align-center\">Plusieurs options de planification sont disponibles, y compris l\u2019envoi au meilleur moment pour les destinataires, la planification d\u2019une date et d\u2019une heure futures, ou le d\u00e9marrage imm\u00e9diat. Avec notre moniteur, il est facile de modifier, d\u2019approuver et de g\u00e9rer les messages planifi\u00e9s \u00e0 la vol\u00e9e, n\u2019importe quand, n\u2019importe o\u00f9. Il est possible de configurer le moniteur pour recevoir des notifications pour les phases de campagne.<\/p>","protected":false},"excerpt":{"rendered":"<p>Save time by scheduling your campaign for analyse With our powerful tools, you can Schedule a campaign at the optimal time. The final stage of creating an LReply campaign is scheduling. The planning of the campaign depends on the type [&hellip;]<\/p>","protected":false},"author":1,"featured_media":424,"parent":110,"menu_order":1,"comment_status":"closed","ping_status":"closed","template":"","meta":{"content-type":"","_monsterinsights_skip_tracking":false,"_monsterinsights_sitenote_active":false,"_monsterinsights_sitenote_note":"","_monsterinsights_sitenote_category":0},"yoast_head":"<!-- This site is optimized with the Yoast SEO plugin v19.4 - https:\/\/yoast.com\/wordpress\/plugins\/seo\/ -->\n<title>Scheduling and configuring a campaign<\/title>\n<meta name=\"description\" content=\"Schedule a campaign at the optimal time. Create and publish campaigns in advance, Plan your campaign.\" \/>\n<meta name=\"robots\" content=\"index, follow, max-snippet:-1, max-image-preview:large, max-video-preview:-1\" \/>\n<link rel=\"canonical\" href=\"https:\/\/www.lreply.com\/fr\/plate-forme\/planification-campagne\/\" \/>\n<meta property=\"og:locale\" content=\"fr_FR\" \/>\n<meta property=\"og:type\" content=\"article\" \/>\n<meta property=\"og:title\" content=\"Scheduling and configuring a campaign\" \/>\n<meta property=\"og:description\" content=\"Schedule a campaign at the optimal time. Create and publish campaigns in advance, Plan your campaign.\" \/>\n<meta property=\"og:url\" content=\"https:\/\/www.lreply.com\/fr\/plate-forme\/planification-campagne\/\" \/>\n<meta property=\"og:site_name\" content=\"LReply\" \/>\n<meta property=\"article:modified_time\" content=\"2024-09-19T01:22:10+00:00\" \/>\n<meta property=\"og:image\" content=\"https:\/\/www.lreply.com\/wp-content\/uploads\/2020\/01\/Timeline-2.gif\" \/>\n\t<meta property=\"og:image:width\" content=\"1200\" \/>\n\t<meta property=\"og:image:height\" content=\"800\" \/>\n\t<meta property=\"og:image:type\" content=\"image\/gif\" \/>\n<meta name=\"twitter:card\" content=\"summary_large_image\" \/>\n<meta name=\"twitter:label1\" content=\"Est. reading time\" \/>\n\t<meta name=\"twitter:data1\" content=\"1 minute\" \/>\n<script type=\"application\/ld+json\" class=\"yoast-schema-graph\">{\"@context\":\"https:\/\/schema.org\",\"@graph\":[{\"@type\":\"Organization\",\"@id\":\"https:\/\/www.lreply.com\/#organization\",\"name\":\"LReply\",\"url\":\"https:\/\/www.lreply.com\/\",\"sameAs\":[],\"logo\":{\"@type\":\"ImageObject\",\"inLanguage\":\"fr-FR\",\"@id\":\"https:\/\/www.lreply.com\/#\/schema\/logo\/image\/\",\"url\":\"https:\/\/www.lreply.com\/wp-content\/uploads\/2021\/09\/Logo-LReply-Standart.png\",\"contentUrl\":\"https:\/\/www.lreply.com\/wp-content\/uploads\/2021\/09\/Logo-LReply-Standart.png\",\"width\":512,\"height\":512,\"caption\":\"LReply\"},\"image\":{\"@id\":\"https:\/\/www.lreply.com\/#\/schema\/logo\/image\/\"}},{\"@type\":\"WebSite\",\"@id\":\"https:\/\/www.lreply.com\/#website\",\"url\":\"https:\/\/www.lreply.com\/\",\"name\":\"LReply\",\"description\":\"Marketing success through differentiation\",\"publisher\":{\"@id\":\"https:\/\/www.lreply.com\/#organization\"},\"potentialAction\":[{\"@type\":\"SearchAction\",\"target\":{\"@type\":\"EntryPoint\",\"urlTemplate\":\"https:\/\/www.lreply.com\/?s={search_term_string}\"},\"query-input\":\"required name=search_term_string\"}],\"inLanguage\":\"fr-FR\"},{\"@type\":\"WebPage\",\"@id\":\"https:\/\/www.lreply.com\/platform\/campaign-management\/\",\"url\":\"https:\/\/www.lreply.com\/platform\/campaign-management\/\",\"name\":\"Scheduling and configuring a campaign\",\"isPartOf\":{\"@id\":\"https:\/\/www.lreply.com\/#website\"},\"datePublished\":\"2020-01-08T16:53:02+00:00\",\"dateModified\":\"2024-09-19T01:22:10+00:00\",\"description\":\"Schedule a campaign at the optimal time. Create and publish campaigns in advance, Plan your campaign.\",\"breadcrumb\":{\"@id\":\"https:\/\/www.lreply.com\/platform\/campaign-management\/#breadcrumb\"},\"inLanguage\":\"fr-FR\",\"potentialAction\":[{\"@type\":\"ReadAction\",\"target\":[\"https:\/\/www.lreply.com\/platform\/campaign-management\/\"]}]},{\"@type\":\"BreadcrumbList\",\"@id\":\"https:\/\/www.lreply.com\/platform\/campaign-management\/#breadcrumb\",\"itemListElement\":[{\"@type\":\"ListItem\",\"position\":1,\"name\":\"Home\",\"item\":\"https:\/\/www.lreply.com\/\"},{\"@type\":\"ListItem\",\"position\":2,\"name\":\"Platform\",\"item\":\"https:\/\/www.lreply.com\/platform\/\"},{\"@type\":\"ListItem\",\"position\":3,\"name\":\"Campaign Management\"}]}]}<\/script>\n<!-- \/ Yoast SEO plugin. -->","yoast_head_json":{"title":"Scheduling and configuring a campaign","description":"Schedule a campaign at the optimal time. Create and publish campaigns in advance, Plan your campaign.","robots":{"index":"index","follow":"follow","max-snippet":"max-snippet:-1","max-image-preview":"max-image-preview:large","max-video-preview":"max-video-preview:-1"},"canonical":"https:\/\/www.lreply.com\/fr\/plate-forme\/planification-campagne\/","og_locale":"fr_FR","og_type":"article","og_title":"Scheduling and configuring a campaign","og_description":"Schedule a campaign at the optimal time. Create and publish campaigns in advance, Plan your campaign.","og_url":"https:\/\/www.lreply.com\/fr\/plate-forme\/planification-campagne\/","og_site_name":"LReply","article_modified_time":"2024-09-19T01:22:10+00:00","og_image":[{"width":1200,"height":800,"url":"https:\/\/www.lreply.com\/wp-content\/uploads\/2020\/01\/Timeline-2.gif","type":"image\/gif"}],"twitter_card":"summary_large_image","twitter_misc":{"Est. reading time":"1 minute"},"schema":{"@context":"https:\/\/schema.org","@graph":[{"@type":"Organization","@id":"https:\/\/www.lreply.com\/#organization","name":"LReply","url":"https:\/\/www.lreply.com\/","sameAs":[],"logo":{"@type":"ImageObject","inLanguage":"fr-FR","@id":"https:\/\/www.lreply.com\/#\/schema\/logo\/image\/","url":"https:\/\/www.lreply.com\/wp-content\/uploads\/2021\/09\/Logo-LReply-Standart.png","contentUrl":"https:\/\/www.lreply.com\/wp-content\/uploads\/2021\/09\/Logo-LReply-Standart.png","width":512,"height":512,"caption":"LReply"},"image":{"@id":"https:\/\/www.lreply.com\/#\/schema\/logo\/image\/"}},{"@type":"WebSite","@id":"https:\/\/www.lreply.com\/#website","url":"https:\/\/www.lreply.com\/","name":"LReply","description":"Marketing success through differentiation","publisher":{"@id":"https:\/\/www.lreply.com\/#organization"},"potentialAction":[{"@type":"SearchAction","target":{"@type":"EntryPoint","urlTemplate":"https:\/\/www.lreply.com\/?s={search_term_string}"},"query-input":"required name=search_term_string"}],"inLanguage":"fr-FR"},{"@type":"WebPage","@id":"https:\/\/www.lreply.com\/platform\/campaign-management\/","url":"https:\/\/www.lreply.com\/platform\/campaign-management\/","name":"Scheduling and configuring a campaign","isPartOf":{"@id":"https:\/\/www.lreply.com\/#website"},"datePublished":"2020-01-08T16:53:02+00:00","dateModified":"2024-09-19T01:22:10+00:00","description":"Schedule a campaign at the optimal time. Create and publish campaigns in advance, Plan your campaign.","breadcrumb":{"@id":"https:\/\/www.lreply.com\/platform\/campaign-management\/#breadcrumb"},"inLanguage":"fr-FR","potentialAction":[{"@type":"ReadAction","target":["https:\/\/www.lreply.com\/platform\/campaign-management\/"]}]},{"@type":"BreadcrumbList","@id":"https:\/\/www.lreply.com\/platform\/campaign-management\/#breadcrumb","itemListElement":[{"@type":"ListItem","position":1,"name":"Home","item":"https:\/\/www.lreply.com\/"},{"@type":"ListItem","position":2,"name":"Platform","item":"https:\/\/www.lreply.com\/platform\/"},{"@type":"ListItem","position":3,"name":"Campaign Management"}]}]}},"_links":{"self":[{"href":"https:\/\/www.lreply.com\/fr\/wp-json\/wp\/v2\/pages\/135"}],"collection":[{"href":"https:\/\/www.lreply.com\/fr\/wp-json\/wp\/v2\/pages"}],"about":[{"href":"https:\/\/www.lreply.com\/fr\/wp-json\/wp\/v2\/types\/page"}],"author":[{"embeddable":true,"href":"https:\/\/www.lreply.com\/fr\/wp-json\/wp\/v2\/users\/1"}],"replies":[{"embeddable":true,"href":"https:\/\/www.lreply.com\/fr\/wp-json\/wp\/v2\/comments?post=135"}],"version-history":[{"count":5,"href":"https:\/\/www.lreply.com\/fr\/wp-json\/wp\/v2\/pages\/135\/revisions"}],"predecessor-version":[{"id":5008,"href":"https:\/\/www.lreply.com\/fr\/wp-json\/wp\/v2\/pages\/135\/revisions\/5008"}],"up":[{"embeddable":true,"href":"https:\/\/www.lreply.com\/fr\/wp-json\/wp\/v2\/pages\/110"}],"wp:featuredmedia":[{"embeddable":true,"href":"https:\/\/www.lreply.com\/fr\/wp-json\/wp\/v2\/media\/424"}],"wp:attachment":[{"href":"https:\/\/www.lreply.com\/fr\/wp-json\/wp\/v2\/media?parent=135"}],"curies":[{"name":"wp","href":"https:\/\/api.w.org\/{rel}","templated":true}]}}