{"id":143,"date":"2020-01-08T16:55:29","date_gmt":"2020-01-08T16:55:29","guid":{"rendered":"https:\/\/www.lreply.com\/?page_id=143"},"modified":"2024-09-19T00:50:14","modified_gmt":"2024-09-19T00:50:14","slug":"reports-analysis","status":"publish","type":"page","link":"https:\/\/www.lreply.com\/fr\/plate-forme\/sondage\/","title":{"rendered":"Rapports et analyses"},"content":{"rendered":"<h2 class=\"has-text-align-center\">Nous planifications, distribuons, concevons des sondages pour cr\u00e9er des donn\u00e9es de test puissantes pour analyser l\u2019it\u00e9ration de votre public cible.<\/h2>\n\n\n\n<p class=\"has-text-align-center\">D\u00e9couvrez pourquoi les fonctionnalit\u00e9s de collaboration, de s\u00e9curit\u00e9 et d'int\u00e9gration de LReply en font la solution leader pour les organisations de toutes tailles. Notre plateforme offre de multiples fa\u00e7ons de consulter la communaut\u00e9 de mani\u00e8re simple. Qu'il s'agisse de partager des informations ou de consulter des opinions \u00e0 l'aide d'un sondage, ou d'amorcer un dialogue, tout se passe facilement.<\/p>\n\n\n\n<figure class=\"wp-block-gallery aligncenter columns-1 is-cropped\"><ul class=\"blocks-gallery-grid\"><li class=\"blocks-gallery-item\"><figure><img loading=\"lazy\" width=\"1024\" height=\"330\" src=\"https:\/\/www.lreply.com\/wp-content\/uploads\/2020\/08\/online-1024x330.png\" alt=\"\" data-id=\"1841\" data-full-url=\"https:\/\/www.lreply.com\/wp-content\/uploads\/2020\/08\/online.png\" data-link=\"https:\/\/www.lreply.com\/platform\/survey\/online\/\" class=\"wp-image-1841\" srcset=\"https:\/\/www.lreply.com\/wp-content\/uploads\/2020\/08\/online-1024x330.png 1024w, https:\/\/www.lreply.com\/wp-content\/uploads\/2020\/08\/online-300x97.png 300w, https:\/\/www.lreply.com\/wp-content\/uploads\/2020\/08\/online-768x248.png 768w, https:\/\/www.lreply.com\/wp-content\/uploads\/2020\/08\/online-1536x495.png 1536w, https:\/\/www.lreply.com\/wp-content\/uploads\/2020\/08\/online-600x193.png 600w, https:\/\/www.lreply.com\/wp-content\/uploads\/2020\/08\/online.png 1886w\" sizes=\"(max-width: 1024px) 100vw, 1024px\" \/><\/figure><\/li><\/ul><\/figure>","protected":false},"excerpt":{"rendered":"<p>We plan, Distribute, Design Survey to create powerful test data to Analyze the iteration of your Target Audience. See why LReply&#8217;s collaboration, security, and integration features make it the leading solution for organizations of all sizes. Our platform offers multiple [&hellip;]<\/p>","protected":false},"author":1,"featured_media":0,"parent":110,"menu_order":0,"comment_status":"closed","ping_status":"closed","template":"","meta":{"content-type":"","_monsterinsights_skip_tracking":false,"_monsterinsights_sitenote_active":false,"_monsterinsights_sitenote_note":"","_monsterinsights_sitenote_category":0},"yoast_head":"<!-- This site is optimized with the Yoast SEO plugin v19.4 - https:\/\/yoast.com\/wordpress\/plugins\/seo\/ -->\n<title>Customer Satisfaction Survey | LReply<\/title>\n<meta name=\"description\" content=\"We use survey tools for customer research, behaviors. We provide you with the statistical data required to evaluate your defined goals.\" \/>\n<meta name=\"robots\" content=\"index, follow, max-snippet:-1, max-image-preview:large, max-video-preview:-1\" \/>\n<link rel=\"canonical\" href=\"https:\/\/www.lreply.com\/fr\/plate-forme\/sondage\/\" \/>\n<meta property=\"og:locale\" content=\"fr_FR\" \/>\n<meta property=\"og:type\" content=\"article\" \/>\n<meta property=\"og:title\" content=\"Customer Satisfaction Survey | LReply\" \/>\n<meta property=\"og:description\" content=\"We use survey tools for customer research, behaviors. We provide you with the statistical data required to evaluate your defined goals.\" \/>\n<meta property=\"og:url\" content=\"https:\/\/www.lreply.com\/fr\/plate-forme\/sondage\/\" \/>\n<meta property=\"og:site_name\" content=\"LReply\" \/>\n<meta property=\"article:modified_time\" content=\"2024-09-19T00:50:14+00:00\" \/>\n<meta property=\"og:image\" content=\"https:\/\/www.lreply.com\/wp-content\/uploads\/2020\/08\/online-1024x330.png\" \/>\n<meta name=\"twitter:card\" content=\"summary_large_image\" \/>\n<meta name=\"twitter:label1\" content=\"Est. reading time\" \/>\n\t<meta name=\"twitter:data1\" content=\"1 minute\" \/>\n<script type=\"application\/ld+json\" class=\"yoast-schema-graph\">{\"@context\":\"https:\/\/schema.org\",\"@graph\":[{\"@type\":\"Organization\",\"@id\":\"https:\/\/www.lreply.com\/#organization\",\"name\":\"LReply\",\"url\":\"https:\/\/www.lreply.com\/\",\"sameAs\":[],\"logo\":{\"@type\":\"ImageObject\",\"inLanguage\":\"fr-FR\",\"@id\":\"https:\/\/www.lreply.com\/#\/schema\/logo\/image\/\",\"url\":\"https:\/\/www.lreply.com\/wp-content\/uploads\/2021\/09\/Logo-LReply-Standart.png\",\"contentUrl\":\"https:\/\/www.lreply.com\/wp-content\/uploads\/2021\/09\/Logo-LReply-Standart.png\",\"width\":512,\"height\":512,\"caption\":\"LReply\"},\"image\":{\"@id\":\"https:\/\/www.lreply.com\/#\/schema\/logo\/image\/\"}},{\"@type\":\"WebSite\",\"@id\":\"https:\/\/www.lreply.com\/#website\",\"url\":\"https:\/\/www.lreply.com\/\",\"name\":\"LReply\",\"description\":\"Marketing success through differentiation\",\"publisher\":{\"@id\":\"https:\/\/www.lreply.com\/#organization\"},\"potentialAction\":[{\"@type\":\"SearchAction\",\"target\":{\"@type\":\"EntryPoint\",\"urlTemplate\":\"https:\/\/www.lreply.com\/?s={search_term_string}\"},\"query-input\":\"required name=search_term_string\"}],\"inLanguage\":\"fr-FR\"},{\"@type\":\"WebPage\",\"@id\":\"https:\/\/www.lreply.com\/platform\/reports-analysis\/\",\"url\":\"https:\/\/www.lreply.com\/platform\/reports-analysis\/\",\"name\":\"Customer Satisfaction Survey | LReply\",\"isPartOf\":{\"@id\":\"https:\/\/www.lreply.com\/#website\"},\"datePublished\":\"2020-01-08T16:55:29+00:00\",\"dateModified\":\"2024-09-19T00:50:14+00:00\",\"description\":\"We use survey tools for customer research, behaviors. We provide you with the statistical data required to evaluate your defined goals.\",\"breadcrumb\":{\"@id\":\"https:\/\/www.lreply.com\/platform\/reports-analysis\/#breadcrumb\"},\"inLanguage\":\"fr-FR\",\"potentialAction\":[{\"@type\":\"ReadAction\",\"target\":[\"https:\/\/www.lreply.com\/platform\/reports-analysis\/\"]}]},{\"@type\":\"BreadcrumbList\",\"@id\":\"https:\/\/www.lreply.com\/platform\/reports-analysis\/#breadcrumb\",\"itemListElement\":[{\"@type\":\"ListItem\",\"position\":1,\"name\":\"Home\",\"item\":\"https:\/\/www.lreply.com\/\"},{\"@type\":\"ListItem\",\"position\":2,\"name\":\"Platform\",\"item\":\"https:\/\/www.lreply.com\/platform\/\"},{\"@type\":\"ListItem\",\"position\":3,\"name\":\"Reports &#038; Analysis\"}]}]}<\/script>\n<!-- \/ Yoast SEO plugin. -->","yoast_head_json":{"title":"Customer Satisfaction Survey | LReply","description":"We use survey tools for customer research, behaviors. We provide you with the statistical data required to evaluate your defined goals.","robots":{"index":"index","follow":"follow","max-snippet":"max-snippet:-1","max-image-preview":"max-image-preview:large","max-video-preview":"max-video-preview:-1"},"canonical":"https:\/\/www.lreply.com\/fr\/plate-forme\/sondage\/","og_locale":"fr_FR","og_type":"article","og_title":"Customer Satisfaction Survey | LReply","og_description":"We use survey tools for customer research, behaviors. We provide you with the statistical data required to evaluate your defined goals.","og_url":"https:\/\/www.lreply.com\/fr\/plate-forme\/sondage\/","og_site_name":"LReply","article_modified_time":"2024-09-19T00:50:14+00:00","og_image":[{"url":"https:\/\/www.lreply.com\/wp-content\/uploads\/2020\/08\/online-1024x330.png"}],"twitter_card":"summary_large_image","twitter_misc":{"Est. reading time":"1 minute"},"schema":{"@context":"https:\/\/schema.org","@graph":[{"@type":"Organization","@id":"https:\/\/www.lreply.com\/#organization","name":"LReply","url":"https:\/\/www.lreply.com\/","sameAs":[],"logo":{"@type":"ImageObject","inLanguage":"fr-FR","@id":"https:\/\/www.lreply.com\/#\/schema\/logo\/image\/","url":"https:\/\/www.lreply.com\/wp-content\/uploads\/2021\/09\/Logo-LReply-Standart.png","contentUrl":"https:\/\/www.lreply.com\/wp-content\/uploads\/2021\/09\/Logo-LReply-Standart.png","width":512,"height":512,"caption":"LReply"},"image":{"@id":"https:\/\/www.lreply.com\/#\/schema\/logo\/image\/"}},{"@type":"WebSite","@id":"https:\/\/www.lreply.com\/#website","url":"https:\/\/www.lreply.com\/","name":"LReply","description":"Marketing success through differentiation","publisher":{"@id":"https:\/\/www.lreply.com\/#organization"},"potentialAction":[{"@type":"SearchAction","target":{"@type":"EntryPoint","urlTemplate":"https:\/\/www.lreply.com\/?s={search_term_string}"},"query-input":"required name=search_term_string"}],"inLanguage":"fr-FR"},{"@type":"WebPage","@id":"https:\/\/www.lreply.com\/platform\/reports-analysis\/","url":"https:\/\/www.lreply.com\/platform\/reports-analysis\/","name":"Customer Satisfaction Survey | LReply","isPartOf":{"@id":"https:\/\/www.lreply.com\/#website"},"datePublished":"2020-01-08T16:55:29+00:00","dateModified":"2024-09-19T00:50:14+00:00","description":"We use survey tools for customer research, behaviors. We provide you with the statistical data required to evaluate your defined goals.","breadcrumb":{"@id":"https:\/\/www.lreply.com\/platform\/reports-analysis\/#breadcrumb"},"inLanguage":"fr-FR","potentialAction":[{"@type":"ReadAction","target":["https:\/\/www.lreply.com\/platform\/reports-analysis\/"]}]},{"@type":"BreadcrumbList","@id":"https:\/\/www.lreply.com\/platform\/reports-analysis\/#breadcrumb","itemListElement":[{"@type":"ListItem","position":1,"name":"Home","item":"https:\/\/www.lreply.com\/"},{"@type":"ListItem","position":2,"name":"Platform","item":"https:\/\/www.lreply.com\/platform\/"},{"@type":"ListItem","position":3,"name":"Reports &#038; Analysis"}]}]}},"_links":{"self":[{"href":"https:\/\/www.lreply.com\/fr\/wp-json\/wp\/v2\/pages\/143"}],"collection":[{"href":"https:\/\/www.lreply.com\/fr\/wp-json\/wp\/v2\/pages"}],"about":[{"href":"https:\/\/www.lreply.com\/fr\/wp-json\/wp\/v2\/types\/page"}],"author":[{"embeddable":true,"href":"https:\/\/www.lreply.com\/fr\/wp-json\/wp\/v2\/users\/1"}],"replies":[{"embeddable":true,"href":"https:\/\/www.lreply.com\/fr\/wp-json\/wp\/v2\/comments?post=143"}],"version-history":[{"count":5,"href":"https:\/\/www.lreply.com\/fr\/wp-json\/wp\/v2\/pages\/143\/revisions"}],"predecessor-version":[{"id":5006,"href":"https:\/\/www.lreply.com\/fr\/wp-json\/wp\/v2\/pages\/143\/revisions\/5006"}],"up":[{"embeddable":true,"href":"https:\/\/www.lreply.com\/fr\/wp-json\/wp\/v2\/pages\/110"}],"wp:attachment":[{"href":"https:\/\/www.lreply.com\/fr\/wp-json\/wp\/v2\/media?parent=143"}],"curies":[{"name":"wp","href":"https:\/\/api.w.org\/{rel}","templated":true}]}}