{"id":2531,"date":"2021-09-24T11:13:30","date_gmt":"2021-09-24T11:13:30","guid":{"rendered":"https:\/\/www.lreply.com\/?page_id=2531"},"modified":"2024-11-23T16:00:41","modified_gmt":"2024-11-23T16:00:41","slug":"management","status":"publish","type":"page","link":"https:\/\/www.lreply.com\/fr\/a-propos-de-nous\/management\/","title":{"rendered":"Managment"},"content":{"rendered":"<h2 class=\"has-text-align-center\">Nous disposons d'une \u00e9quipe de direction talentueuse.<\/h2>\n\n\n\n<p>Derri\u00e8re chaque grand projet de transformation se cache une grande \u00e9quipe. Obtenez des conseils d'experts et des r\u00e9ponses \u00e0 vos questions avec l'un de nos experts. Connectez-vous et un responsable de compte vous contactera !<\/p>\n\n\n\n<h2>Christoph Konrad<\/h2>\n\n\n\n<h5> Chief Executive Officer (CEO)<\/h5>\n\n\n\n<div class=\"wp-block-image\"><figure class=\"alignleft size-full\"><img loading=\"lazy\" width=\"144\" height=\"144\" src=\"https:\/\/www.lreply.com\/wp-content\/uploads\/2024\/11\/christoph-conrad_w144.png\" alt=\"Christoph Konrad\" class=\"wp-image-5103\" srcset=\"https:\/\/www.lreply.com\/wp-content\/uploads\/2024\/11\/christoph-conrad_w144.png 144w, https:\/\/www.lreply.com\/wp-content\/uploads\/2024\/11\/christoph-conrad_w144-12x12.png 12w\" sizes=\"(max-width: 144px) 100vw, 144px\" \/><\/figure><\/div>\n\n\n\n<p>Christoph Konrad est responsable de la direction g\u00e9n\u00e9rale et de la vision de la soci\u00e9t\u00e9.<\/p>\n\n\n\n<p>Avant LReply, Christoph a \u00e9t\u00e9 chez WestMedia, une soci\u00e9t\u00e9 mondiale de m\u00e9dias et de divertissement, pendant pr\u00e8s de 8 ans.<\/p>\n\n\n\n<p><\/p>\n\n\n\n<p><\/p>\n\n\n\n<p><\/p>\n\n\n\n<div style=\"clear: left\"><\/div>\n\n\n\n<h2>Maggie Achucarro<\/h2>\n\n\n\n<h5>Assistante de direction<\/h5>\n\n\n\n<div class=\"wp-block-image\"><figure class=\"alignleft size-full\"><img loading=\"lazy\" width=\"144\" height=\"144\" src=\"https:\/\/www.lreply.com\/wp-content\/uploads\/2022\/02\/maggie.jpg\" alt=\"\" class=\"wp-image-2838\" srcset=\"https:\/\/www.lreply.com\/wp-content\/uploads\/2022\/02\/maggie.jpg 144w, https:\/\/www.lreply.com\/wp-content\/uploads\/2022\/02\/maggie-12x12.jpg 12w\" sizes=\"(max-width: 144px) 100vw, 144px\" \/><\/figure><\/div>\n\n\n\n<p><\/p>\n\n\n\n<p><\/p>\n\n\n\n<p><\/p>\n\n\n\n<p><\/p>\n\n\n\n<p><\/p>\n\n\n\n<div style=\"clear: left\"><\/div>\n\n\n\n<h2>Linus Schmitt<\/h2>\n\n\n\n<div class=\"wp-block-image\"><figure class=\"alignleft size-full\"><img loading=\"lazy\" width=\"144\" height=\"144\" src=\"https:\/\/www.lreply.com\/wp-content\/uploads\/2024\/08\/linus-schmitt_w_144.jpg\" alt=\"\" class=\"wp-image-4947\" srcset=\"https:\/\/www.lreply.com\/wp-content\/uploads\/2024\/08\/linus-schmitt_w_144.jpg 144w, https:\/\/www.lreply.com\/wp-content\/uploads\/2024\/08\/linus-schmitt_w_144-12x12.jpg 12w\" sizes=\"(max-width: 144px) 100vw, 144px\" \/><\/figure><\/div>\n\n\n\n<h5>Linus Schmitt (Product Owner)<\/h5>\n\n\n\n<p>Linus Schmitt est responsable de la communication avec les parties prenantes telles que les clients, les dirigeants et l'\u00e9quipe de d\u00e9veloppement.<\/p>\n\n\n\n<p><\/p>\n\n\n\n<p><\/p>\n\n\n\n<p><\/p>\n\n\n\n<div style=\"clear: left\"><\/div>\n\n\n\n<h2>Willy Claude Makend<\/h2>\n\n\n\n<div class=\"wp-block-image\"><figure class=\"alignleft size-large\"><img loading=\"lazy\" width=\"145\" height=\"145\" src=\"https:\/\/www.lreply.com\/wp-content\/uploads\/2021\/06\/Willy.jpg\" alt=\"Willy Claude Makend\" class=\"wp-image-2441\" srcset=\"https:\/\/www.lreply.com\/wp-content\/uploads\/2021\/06\/Willy.jpg 145w, https:\/\/www.lreply.com\/wp-content\/uploads\/2021\/06\/Willy-12x12.jpg 12w, https:\/\/www.lreply.com\/wp-content\/uploads\/2021\/06\/Willy-100x100.jpg 100w\" sizes=\"(max-width: 145px) 100vw, 145px\" \/><\/figure><\/div>\n\n\n\n<h5>Directeur de la technologie (CTO)<\/h5>\n\n\n\n<p>Willy Makend est actuellement ing\u00e9nieur logiciel principal chez LReply.<\/p>\n\n\n\n<p>Il a pass\u00e9 4 ans en tant qu\u2019architecte logiciel en chef pour la gestion de l\u2019\u00e9valuation multidimensionnelle des fournisseurs dans deux des plus grands constructeurs automobiles dans le monde.<\/p>\n\n\n\n<p>Ses int\u00e9r\u00eats de recherche incluent les syst\u00e8mes de base de donn\u00e9es, l\u2019ing\u00e9nierie logicielle, les syst\u00e8mes d\u2019exploitation, les syst\u00e8mes de base de donn\u00e9es fournisseurs, le syst\u00e8me de stockage, la gestion de r\u00e9seau, les syst\u00e8mes distribu\u00e9s.<\/p>","protected":false},"excerpt":{"rendered":"<p>We have a talented executive management team. Behind every great transformation journey is a great team. Get expert guidance and your questions answered with one of our experts. Sign-in and an account executive will be in touch! Christoph Konrad Chief [&hellip;]<\/p>","protected":false},"author":1,"featured_media":0,"parent":76,"menu_order":0,"comment_status":"closed","ping_status":"closed","template":"","meta":{"content-type":"","_monsterinsights_skip_tracking":false,"_monsterinsights_sitenote_active":false,"_monsterinsights_sitenote_note":"","_monsterinsights_sitenote_category":0},"yoast_head":"<!-- This site is optimized with the Yoast SEO plugin v19.4 - https:\/\/yoast.com\/wordpress\/plugins\/seo\/ -->\n<title>Management - Know our leaders | LReply<\/title>\n<meta name=\"description\" content=\"Know our leaders, Managers. We Help our clients achieve their goals is our first priority.\" \/>\n<meta name=\"robots\" content=\"index, follow, max-snippet:-1, max-image-preview:large, max-video-preview:-1\" \/>\n<link rel=\"canonical\" href=\"https:\/\/www.lreply.com\/fr\/a-propos-de-nous\/management\/\" \/>\n<meta property=\"og:locale\" content=\"fr_FR\" \/>\n<meta property=\"og:type\" content=\"article\" \/>\n<meta property=\"og:title\" content=\"Management - Know our leaders | LReply\" \/>\n<meta property=\"og:description\" content=\"Know our leaders, Managers. We Help our clients achieve their goals is our first priority.\" \/>\n<meta property=\"og:url\" content=\"https:\/\/www.lreply.com\/fr\/a-propos-de-nous\/management\/\" \/>\n<meta property=\"og:site_name\" content=\"LReply\" \/>\n<meta property=\"article:modified_time\" content=\"2024-11-23T16:00:41+00:00\" \/>\n<meta property=\"og:image\" content=\"https:\/\/www.lreply.com\/wp-content\/uploads\/2024\/11\/christoph-conrad_w144.png\" \/>\n<meta name=\"twitter:card\" content=\"summary_large_image\" \/>\n<meta name=\"twitter:label1\" content=\"Est. reading time\" \/>\n\t<meta name=\"twitter:data1\" content=\"2 minutes\" \/>\n<script type=\"application\/ld+json\" class=\"yoast-schema-graph\">{\"@context\":\"https:\/\/schema.org\",\"@graph\":[{\"@type\":\"Organization\",\"@id\":\"https:\/\/www.lreply.com\/#organization\",\"name\":\"LReply\",\"url\":\"https:\/\/www.lreply.com\/\",\"sameAs\":[],\"logo\":{\"@type\":\"ImageObject\",\"inLanguage\":\"fr-FR\",\"@id\":\"https:\/\/www.lreply.com\/#\/schema\/logo\/image\/\",\"url\":\"https:\/\/www.lreply.com\/wp-content\/uploads\/2021\/09\/Logo-LReply-Standart.png\",\"contentUrl\":\"https:\/\/www.lreply.com\/wp-content\/uploads\/2021\/09\/Logo-LReply-Standart.png\",\"width\":512,\"height\":512,\"caption\":\"LReply\"},\"image\":{\"@id\":\"https:\/\/www.lreply.com\/#\/schema\/logo\/image\/\"}},{\"@type\":\"WebSite\",\"@id\":\"https:\/\/www.lreply.com\/#website\",\"url\":\"https:\/\/www.lreply.com\/\",\"name\":\"LReply\",\"description\":\"Marketing success through differentiation\",\"publisher\":{\"@id\":\"https:\/\/www.lreply.com\/#organization\"},\"potentialAction\":[{\"@type\":\"SearchAction\",\"target\":{\"@type\":\"EntryPoint\",\"urlTemplate\":\"https:\/\/www.lreply.com\/?s={search_term_string}\"},\"query-input\":\"required name=search_term_string\"}],\"inLanguage\":\"fr-FR\"},{\"@type\":\"WebPage\",\"@id\":\"https:\/\/www.lreply.com\/about-us\/management\/\",\"url\":\"https:\/\/www.lreply.com\/about-us\/management\/\",\"name\":\"Management - Know our leaders | LReply\",\"isPartOf\":{\"@id\":\"https:\/\/www.lreply.com\/#website\"},\"datePublished\":\"2021-09-24T11:13:30+00:00\",\"dateModified\":\"2024-11-23T16:00:41+00:00\",\"description\":\"Know our leaders, Managers. We Help our clients achieve their goals is our first priority.\",\"breadcrumb\":{\"@id\":\"https:\/\/www.lreply.com\/about-us\/management\/#breadcrumb\"},\"inLanguage\":\"fr-FR\",\"potentialAction\":[{\"@type\":\"ReadAction\",\"target\":[\"https:\/\/www.lreply.com\/about-us\/management\/\"]}]},{\"@type\":\"BreadcrumbList\",\"@id\":\"https:\/\/www.lreply.com\/about-us\/management\/#breadcrumb\",\"itemListElement\":[{\"@type\":\"ListItem\",\"position\":1,\"name\":\"Home\",\"item\":\"https:\/\/www.lreply.com\/\"},{\"@type\":\"ListItem\",\"position\":2,\"name\":\"About Us\",\"item\":\"https:\/\/www.lreply.com\/about-us\/\"},{\"@type\":\"ListItem\",\"position\":3,\"name\":\"Management\"}]}]}<\/script>\n<!-- \/ Yoast SEO plugin. -->","yoast_head_json":{"title":"Management - Know our leaders | LReply","description":"Know our leaders, Managers. We Help our clients achieve their goals is our first priority.","robots":{"index":"index","follow":"follow","max-snippet":"max-snippet:-1","max-image-preview":"max-image-preview:large","max-video-preview":"max-video-preview:-1"},"canonical":"https:\/\/www.lreply.com\/fr\/a-propos-de-nous\/management\/","og_locale":"fr_FR","og_type":"article","og_title":"Management - Know our leaders | LReply","og_description":"Know our leaders, Managers. We Help our clients achieve their goals is our first priority.","og_url":"https:\/\/www.lreply.com\/fr\/a-propos-de-nous\/management\/","og_site_name":"LReply","article_modified_time":"2024-11-23T16:00:41+00:00","og_image":[{"url":"https:\/\/www.lreply.com\/wp-content\/uploads\/2024\/11\/christoph-conrad_w144.png"}],"twitter_card":"summary_large_image","twitter_misc":{"Est. reading time":"2 minutes"},"schema":{"@context":"https:\/\/schema.org","@graph":[{"@type":"Organization","@id":"https:\/\/www.lreply.com\/#organization","name":"LReply","url":"https:\/\/www.lreply.com\/","sameAs":[],"logo":{"@type":"ImageObject","inLanguage":"fr-FR","@id":"https:\/\/www.lreply.com\/#\/schema\/logo\/image\/","url":"https:\/\/www.lreply.com\/wp-content\/uploads\/2021\/09\/Logo-LReply-Standart.png","contentUrl":"https:\/\/www.lreply.com\/wp-content\/uploads\/2021\/09\/Logo-LReply-Standart.png","width":512,"height":512,"caption":"LReply"},"image":{"@id":"https:\/\/www.lreply.com\/#\/schema\/logo\/image\/"}},{"@type":"WebSite","@id":"https:\/\/www.lreply.com\/#website","url":"https:\/\/www.lreply.com\/","name":"LReply","description":"Marketing success through differentiation","publisher":{"@id":"https:\/\/www.lreply.com\/#organization"},"potentialAction":[{"@type":"SearchAction","target":{"@type":"EntryPoint","urlTemplate":"https:\/\/www.lreply.com\/?s={search_term_string}"},"query-input":"required name=search_term_string"}],"inLanguage":"fr-FR"},{"@type":"WebPage","@id":"https:\/\/www.lreply.com\/about-us\/management\/","url":"https:\/\/www.lreply.com\/about-us\/management\/","name":"Management - Know our leaders | LReply","isPartOf":{"@id":"https:\/\/www.lreply.com\/#website"},"datePublished":"2021-09-24T11:13:30+00:00","dateModified":"2024-11-23T16:00:41+00:00","description":"Know our leaders, Managers. We Help our clients achieve their goals is our first priority.","breadcrumb":{"@id":"https:\/\/www.lreply.com\/about-us\/management\/#breadcrumb"},"inLanguage":"fr-FR","potentialAction":[{"@type":"ReadAction","target":["https:\/\/www.lreply.com\/about-us\/management\/"]}]},{"@type":"BreadcrumbList","@id":"https:\/\/www.lreply.com\/about-us\/management\/#breadcrumb","itemListElement":[{"@type":"ListItem","position":1,"name":"Home","item":"https:\/\/www.lreply.com\/"},{"@type":"ListItem","position":2,"name":"About Us","item":"https:\/\/www.lreply.com\/about-us\/"},{"@type":"ListItem","position":3,"name":"Management"}]}]}},"_links":{"self":[{"href":"https:\/\/www.lreply.com\/fr\/wp-json\/wp\/v2\/pages\/2531"}],"collection":[{"href":"https:\/\/www.lreply.com\/fr\/wp-json\/wp\/v2\/pages"}],"about":[{"href":"https:\/\/www.lreply.com\/fr\/wp-json\/wp\/v2\/types\/page"}],"author":[{"embeddable":true,"href":"https:\/\/www.lreply.com\/fr\/wp-json\/wp\/v2\/users\/1"}],"replies":[{"embeddable":true,"href":"https:\/\/www.lreply.com\/fr\/wp-json\/wp\/v2\/comments?post=2531"}],"version-history":[{"count":5,"href":"https:\/\/www.lreply.com\/fr\/wp-json\/wp\/v2\/pages\/2531\/revisions"}],"predecessor-version":[{"id":5106,"href":"https:\/\/www.lreply.com\/fr\/wp-json\/wp\/v2\/pages\/2531\/revisions\/5106"}],"up":[{"embeddable":true,"href":"https:\/\/www.lreply.com\/fr\/wp-json\/wp\/v2\/pages\/76"}],"wp:attachment":[{"href":"https:\/\/www.lreply.com\/fr\/wp-json\/wp\/v2\/media?parent=2531"}],"curies":[{"name":"wp","href":"https:\/\/api.w.org\/{rel}","templated":true}]}}