{"id":257,"date":"2020-01-12T15:23:02","date_gmt":"2020-01-12T15:23:02","guid":{"rendered":"https:\/\/www.lreply.com\/?page_id=257"},"modified":"2022-11-18T06:06:08","modified_gmt":"2022-11-18T06:06:08","slug":"solutions","status":"publish","type":"page","link":"https:\/\/www.lreply.com\/fr\/notre-compagnie\/solutions\/","title":{"rendered":"Solutions"},"content":{"rendered":"<h2 class=\"has-text-align-center\">La plate-forme de gestion des testeurs pour le placement de produits qui g\u00e9n\u00e8re des r\u00e9sultats r\u00e9els pour votre entreprise.<\/h2>\n\n\n\n<p><p style=\"text-align: center\">Nous sommes heureux de vous offrir les bonnes opportunit\u00e9s de croissance pour votre entreprise. En savoir plus sur nos programmes ci-dessous et trouver la solution qui vous convient le mieux.<\/p><\/p>\n\n\n\n<figure class=\"wp-block-image size-large\"><img loading=\"lazy\" width=\"1024\" height=\"505\" src=\"https:\/\/www.lreply.com\/wp-content\/uploads\/2022\/11\/LReply-Concept-Industry-1024x505.png\" alt=\"LReply-Concept-Industry\" class=\"wp-image-3351\" srcset=\"https:\/\/www.lreply.com\/wp-content\/uploads\/2022\/11\/LReply-Concept-Industry-1024x505.png 1024w, https:\/\/www.lreply.com\/wp-content\/uploads\/2022\/11\/LReply-Concept-Industry-300x148.png 300w, https:\/\/www.lreply.com\/wp-content\/uploads\/2022\/11\/LReply-Concept-Industry-768x379.png 768w, https:\/\/www.lreply.com\/wp-content\/uploads\/2022\/11\/LReply-Concept-Industry-18x9.png 18w, https:\/\/www.lreply.com\/wp-content\/uploads\/2022\/11\/LReply-Concept-Industry.png 1253w\" sizes=\"(max-width: 1024px) 100vw, 1024px\" \/><\/figure>\n\n\n\n<p class=\"has-text-align-center\">Nous offrons une interface utilisateur graphique pour concevoir, ex\u00e9cuter et mesurer la communication ax\u00e9e sur le client sur tous nos canaux. Gr\u00e2ce \u00e0 notre plateforme, vous pouvez g\u00e9n\u00e9rer des rapports tout au long de la campagne. Notre outil marketing vous permet de comprendre le succ\u00e8s de vos campagnes marketing. Notre outil a un r\u00e9sum\u00e9 des points cl\u00e9s: Interface utilisateur tr\u00e8s simple, Conserve l\u2019historique de toutes les campagnes de marketing, Permet aux utilisateurs d\u2019\u00eatre suivi pour chaque campagne, Fournit des rapports simplifi\u00e9s des r\u00e9sultats de la campagne.<\/p>\n\n\n\n<div class=\"wp-block-image\"><figure class=\"aligncenter size-large\"><img loading=\"lazy\" width=\"874\" height=\"515\" src=\"https:\/\/www.lreply.com\/wp-content\/uploads\/2020\/08\/product-test.png\" alt=\"LReply Community Dashboard\" class=\"wp-image-1892\" srcset=\"https:\/\/www.lreply.com\/wp-content\/uploads\/2020\/08\/product-test.png 874w, https:\/\/www.lreply.com\/wp-content\/uploads\/2020\/08\/product-test-300x177.png 300w, https:\/\/www.lreply.com\/wp-content\/uploads\/2020\/08\/product-test-768x453.png 768w, https:\/\/www.lreply.com\/wp-content\/uploads\/2020\/08\/product-test-600x354.png 600w\" sizes=\"(max-width: 874px) 100vw, 874px\" \/><\/figure><\/div>","protected":false},"excerpt":{"rendered":"<p>The Customer Review management platform for product placement that drives real results for your business. We are pleased to offer you the right growth opportunities for your business. Find out more about our programs below and find the solution that [&hellip;]<\/p>","protected":false},"author":1,"featured_media":0,"parent":114,"menu_order":0,"comment_status":"closed","ping_status":"closed","template":"","meta":{"content-type":"","_monsterinsights_skip_tracking":false,"_monsterinsights_sitenote_active":false,"_monsterinsights_sitenote_note":"","_monsterinsights_sitenote_category":0},"yoast_head":"<!-- This site is optimized with the Yoast SEO plugin v19.4 - https:\/\/yoast.com\/wordpress\/plugins\/seo\/ -->\n<title>Our solution is your solution | LReply<\/title>\n<meta name=\"description\" content=\"We provide Customer Review management platform as testing solutions that drives real results for your business.\" \/>\n<meta name=\"robots\" content=\"index, follow, max-snippet:-1, max-image-preview:large, max-video-preview:-1\" \/>\n<link rel=\"canonical\" href=\"https:\/\/www.lreply.com\/fr\/notre-compagnie\/solutions\/\" \/>\n<meta property=\"og:locale\" content=\"fr_FR\" \/>\n<meta property=\"og:type\" content=\"article\" \/>\n<meta property=\"og:title\" content=\"Our solution is your solution | LReply\" \/>\n<meta property=\"og:description\" content=\"We provide Customer Review management platform as testing solutions that drives real results for your business.\" \/>\n<meta property=\"og:url\" content=\"https:\/\/www.lreply.com\/fr\/notre-compagnie\/solutions\/\" \/>\n<meta property=\"og:site_name\" content=\"LReply\" \/>\n<meta property=\"article:modified_time\" content=\"2022-11-18T06:06:08+00:00\" \/>\n<meta property=\"og:image\" content=\"https:\/\/www.lreply.com\/wp-content\/uploads\/2022\/11\/LReply-Concept-Industry-1024x505.png\" \/>\n<meta name=\"twitter:card\" content=\"summary_large_image\" \/>\n<meta name=\"twitter:label1\" content=\"Est. reading time\" \/>\n\t<meta name=\"twitter:data1\" content=\"1 minute\" \/>\n<script type=\"application\/ld+json\" class=\"yoast-schema-graph\">{\"@context\":\"https:\/\/schema.org\",\"@graph\":[{\"@type\":\"Organization\",\"@id\":\"https:\/\/www.lreply.com\/#organization\",\"name\":\"LReply\",\"url\":\"https:\/\/www.lreply.com\/\",\"sameAs\":[],\"logo\":{\"@type\":\"ImageObject\",\"inLanguage\":\"fr-FR\",\"@id\":\"https:\/\/www.lreply.com\/#\/schema\/logo\/image\/\",\"url\":\"https:\/\/www.lreply.com\/wp-content\/uploads\/2021\/09\/Logo-LReply-Standart.png\",\"contentUrl\":\"https:\/\/www.lreply.com\/wp-content\/uploads\/2021\/09\/Logo-LReply-Standart.png\",\"width\":512,\"height\":512,\"caption\":\"LReply\"},\"image\":{\"@id\":\"https:\/\/www.lreply.com\/#\/schema\/logo\/image\/\"}},{\"@type\":\"WebSite\",\"@id\":\"https:\/\/www.lreply.com\/#website\",\"url\":\"https:\/\/www.lreply.com\/\",\"name\":\"LReply\",\"description\":\"Marketing success through differentiation\",\"publisher\":{\"@id\":\"https:\/\/www.lreply.com\/#organization\"},\"potentialAction\":[{\"@type\":\"SearchAction\",\"target\":{\"@type\":\"EntryPoint\",\"urlTemplate\":\"https:\/\/www.lreply.com\/?s={search_term_string}\"},\"query-input\":\"required name=search_term_string\"}],\"inLanguage\":\"fr-FR\"},{\"@type\":\"WebPage\",\"@id\":\"https:\/\/www.lreply.com\/our-company\/solutions\/\",\"url\":\"https:\/\/www.lreply.com\/our-company\/solutions\/\",\"name\":\"Our solution is your solution | LReply\",\"isPartOf\":{\"@id\":\"https:\/\/www.lreply.com\/#website\"},\"datePublished\":\"2020-01-12T15:23:02+00:00\",\"dateModified\":\"2022-11-18T06:06:08+00:00\",\"description\":\"We provide Customer Review management platform as testing solutions that drives real results for your business.\",\"breadcrumb\":{\"@id\":\"https:\/\/www.lreply.com\/our-company\/solutions\/#breadcrumb\"},\"inLanguage\":\"fr-FR\",\"potentialAction\":[{\"@type\":\"ReadAction\",\"target\":[\"https:\/\/www.lreply.com\/our-company\/solutions\/\"]}]},{\"@type\":\"BreadcrumbList\",\"@id\":\"https:\/\/www.lreply.com\/our-company\/solutions\/#breadcrumb\",\"itemListElement\":[{\"@type\":\"ListItem\",\"position\":1,\"name\":\"Home\",\"item\":\"https:\/\/www.lreply.com\/\"},{\"@type\":\"ListItem\",\"position\":2,\"name\":\"Our Company\",\"item\":\"https:\/\/www.lreply.com\/our-company\/\"},{\"@type\":\"ListItem\",\"position\":3,\"name\":\"Solutions\"}]}]}<\/script>\n<!-- \/ Yoast SEO plugin. -->","yoast_head_json":{"title":"Our solution is your solution | LReply","description":"We provide Customer Review management platform as testing solutions that drives real results for your business.","robots":{"index":"index","follow":"follow","max-snippet":"max-snippet:-1","max-image-preview":"max-image-preview:large","max-video-preview":"max-video-preview:-1"},"canonical":"https:\/\/www.lreply.com\/fr\/notre-compagnie\/solutions\/","og_locale":"fr_FR","og_type":"article","og_title":"Our solution is your solution | LReply","og_description":"We provide Customer Review management platform as testing solutions that drives real results for your business.","og_url":"https:\/\/www.lreply.com\/fr\/notre-compagnie\/solutions\/","og_site_name":"LReply","article_modified_time":"2022-11-18T06:06:08+00:00","og_image":[{"url":"https:\/\/www.lreply.com\/wp-content\/uploads\/2022\/11\/LReply-Concept-Industry-1024x505.png"}],"twitter_card":"summary_large_image","twitter_misc":{"Est. reading time":"1 minute"},"schema":{"@context":"https:\/\/schema.org","@graph":[{"@type":"Organization","@id":"https:\/\/www.lreply.com\/#organization","name":"LReply","url":"https:\/\/www.lreply.com\/","sameAs":[],"logo":{"@type":"ImageObject","inLanguage":"fr-FR","@id":"https:\/\/www.lreply.com\/#\/schema\/logo\/image\/","url":"https:\/\/www.lreply.com\/wp-content\/uploads\/2021\/09\/Logo-LReply-Standart.png","contentUrl":"https:\/\/www.lreply.com\/wp-content\/uploads\/2021\/09\/Logo-LReply-Standart.png","width":512,"height":512,"caption":"LReply"},"image":{"@id":"https:\/\/www.lreply.com\/#\/schema\/logo\/image\/"}},{"@type":"WebSite","@id":"https:\/\/www.lreply.com\/#website","url":"https:\/\/www.lreply.com\/","name":"LReply","description":"Marketing success through differentiation","publisher":{"@id":"https:\/\/www.lreply.com\/#organization"},"potentialAction":[{"@type":"SearchAction","target":{"@type":"EntryPoint","urlTemplate":"https:\/\/www.lreply.com\/?s={search_term_string}"},"query-input":"required name=search_term_string"}],"inLanguage":"fr-FR"},{"@type":"WebPage","@id":"https:\/\/www.lreply.com\/our-company\/solutions\/","url":"https:\/\/www.lreply.com\/our-company\/solutions\/","name":"Our solution is your solution | LReply","isPartOf":{"@id":"https:\/\/www.lreply.com\/#website"},"datePublished":"2020-01-12T15:23:02+00:00","dateModified":"2022-11-18T06:06:08+00:00","description":"We provide Customer Review management platform as testing solutions that drives real results for your business.","breadcrumb":{"@id":"https:\/\/www.lreply.com\/our-company\/solutions\/#breadcrumb"},"inLanguage":"fr-FR","potentialAction":[{"@type":"ReadAction","target":["https:\/\/www.lreply.com\/our-company\/solutions\/"]}]},{"@type":"BreadcrumbList","@id":"https:\/\/www.lreply.com\/our-company\/solutions\/#breadcrumb","itemListElement":[{"@type":"ListItem","position":1,"name":"Home","item":"https:\/\/www.lreply.com\/"},{"@type":"ListItem","position":2,"name":"Our Company","item":"https:\/\/www.lreply.com\/our-company\/"},{"@type":"ListItem","position":3,"name":"Solutions"}]}]}},"_links":{"self":[{"href":"https:\/\/www.lreply.com\/fr\/wp-json\/wp\/v2\/pages\/257"}],"collection":[{"href":"https:\/\/www.lreply.com\/fr\/wp-json\/wp\/v2\/pages"}],"about":[{"href":"https:\/\/www.lreply.com\/fr\/wp-json\/wp\/v2\/types\/page"}],"author":[{"embeddable":true,"href":"https:\/\/www.lreply.com\/fr\/wp-json\/wp\/v2\/users\/1"}],"replies":[{"embeddable":true,"href":"https:\/\/www.lreply.com\/fr\/wp-json\/wp\/v2\/comments?post=257"}],"version-history":[{"count":5,"href":"https:\/\/www.lreply.com\/fr\/wp-json\/wp\/v2\/pages\/257\/revisions"}],"predecessor-version":[{"id":3354,"href":"https:\/\/www.lreply.com\/fr\/wp-json\/wp\/v2\/pages\/257\/revisions\/3354"}],"up":[{"embeddable":true,"href":"https:\/\/www.lreply.com\/fr\/wp-json\/wp\/v2\/pages\/114"}],"wp:attachment":[{"href":"https:\/\/www.lreply.com\/fr\/wp-json\/wp\/v2\/media?parent=257"}],"curies":[{"name":"wp","href":"https:\/\/api.w.org\/{rel}","templated":true}]}}