{"id":259,"date":"2020-01-12T15:23:44","date_gmt":"2020-01-12T15:23:44","guid":{"rendered":"https:\/\/www.lreply.com\/?page_id=259"},"modified":"2022-10-17T09:08:41","modified_gmt":"2022-10-17T09:08:41","slug":"industries","status":"publish","type":"page","link":"https:\/\/www.lreply.com\/fr\/notre-compagnie\/industries\/","title":{"rendered":"Industries"},"content":{"rendered":"<h2 class=\"has-text-align-center\">LReply a aid\u00e9 les industries de marque mondiales. Cela inclut en particulier les biens de consommation dits en mouvement rapide ou FMCG pour faire court dans toutes les grandes industries.<\/h2>\n\n\n\n<p class=\"has-text-align-left\" style=\"padding-buttom: 20px\"> En ces temps sans pr\u00e9c\u00e9dent, la priorit\u00e9 num\u00e9ro un de LReply est de s\u2019occuper de nos employ\u00e9s et de leurs familles, de nos clients et de nos partenaires d\u2019affaires. Nous nous engageons \u00e0 offrir le meilleur service, en r\u00e9pondant \u00e0 la situation de chacun de nos clients.  cela peut \u00eatre pendant le lancement du produit physique. Bien que nous puissions avoir besoin de maintenir une distance physique s\u00fbre, il n\u2019a jamais \u00e9t\u00e9 aussi important pour nous d\u2019assurer des liens sociaux forts parce qu\u2019aujourd\u2019hui les relations comptent plus que jamais.  <\/p><p><\/p>\n\n\n\n<figure class=\"wp-block-image size-large\"><img loading=\"lazy\" width=\"1024\" height=\"679\" src=\"https:\/\/www.lreply.com\/wp-content\/uploads\/2020\/10\/prototype-test-boutelle-1024x679.png\" alt=\"\" class=\"wp-image-2157\" srcset=\"https:\/\/www.lreply.com\/wp-content\/uploads\/2020\/10\/prototype-test-boutelle-1024x679.png 1024w, https:\/\/www.lreply.com\/wp-content\/uploads\/2020\/10\/prototype-test-boutelle-300x199.png 300w, https:\/\/www.lreply.com\/wp-content\/uploads\/2020\/10\/prototype-test-boutelle-768x509.png 768w, https:\/\/www.lreply.com\/wp-content\/uploads\/2020\/10\/prototype-test-boutelle-1536x1018.png 1536w, https:\/\/www.lreply.com\/wp-content\/uploads\/2020\/10\/prototype-test-boutelle-600x398.png 600w\" sizes=\"(max-width: 1024px) 100vw, 1024px\" \/><\/figure>\n\n\n\n<p>La transformation num\u00e9rique, autrefois un voyage n\u00e9cessaire, est d\u00e9sormais une priorit\u00e9 urgente pour les marques de produits de consommation. Partant d'une compr\u00e9hension approfondie de votre entreprise et de l'industrie des produits de consommation, nous vous aidons \u00e0 trouver les bons cas d'utilisation pour d\u00e9velopper les capacit\u00e9s num\u00e9riques qui alimentent l'innovation centr\u00e9e sur le consommateur.<\/p>\n\n\n\n<p>Ma\u00eetriser le num\u00e9rique avec des tests de produits peut signifier un grand jeu de rattrapage qui affecte votre cha\u00eene de valeur, votre mix de canaux et votre position dans l'\u00e9cosyst\u00e8me de la vente au d\u00e9tail au sens large. Nous commen\u00e7ons nos services en nous associant \u00e0 vous pour d\u00e9finir, tester et prouver comment la collecte de donn\u00e9es avanc\u00e9es et l'analyse d'am\u00e9liorations suppl\u00e9mentaires cr\u00e9eront de la valeur, avant d'\u00e9tendre ou d'int\u00e9grer ces capacit\u00e9s dans votre mod\u00e8le d'exploitation.<\/p>\n\n\n\n<figure class=\"wp-block-image size-large\"><img loading=\"lazy\" width=\"1024\" height=\"630\" src=\"https:\/\/www.lreply.com\/wp-content\/uploads\/2022\/10\/LReply-API-Web_Jesterday_Euxmeme-1024x630.png\" alt=\"\" class=\"wp-image-3265\" srcset=\"https:\/\/www.lreply.com\/wp-content\/uploads\/2022\/10\/LReply-API-Web_Jesterday_Euxmeme-1024x630.png 1024w, https:\/\/www.lreply.com\/wp-content\/uploads\/2022\/10\/LReply-API-Web_Jesterday_Euxmeme-300x185.png 300w, https:\/\/www.lreply.com\/wp-content\/uploads\/2022\/10\/LReply-API-Web_Jesterday_Euxmeme-768x473.png 768w, https:\/\/www.lreply.com\/wp-content\/uploads\/2022\/10\/LReply-API-Web_Jesterday_Euxmeme-1536x946.png 1536w, https:\/\/www.lreply.com\/wp-content\/uploads\/2022\/10\/LReply-API-Web_Jesterday_Euxmeme-18x12.png 18w\" sizes=\"(max-width: 1024px) 100vw, 1024px\" \/><\/figure>\n\n\n\n<p>Les produits de grande consommation sont des produits qui se vendent rapidement et ont une courte dur\u00e9e de conservation, soit en raison d'une forte demande des consommateurs, soit parce que le produit se d\u00e9t\u00e9riore rapidement. G\u00e9n\u00e9ralement, le profit par article est relativement faible, mais comme ils se vendent en grande quantit\u00e9, le profit cumul\u00e9 peut \u00eatre important. Dans cette th\u00e8se, il est important de comprendre le terme car les implications marketing peuvent diff\u00e9rer de celles des biens plus durables.<\/p>","protected":false},"excerpt":{"rendered":"<p>LReply has helped global brand Industries. That includes especially the so-called fast moving consumer goods or FMCG for short across all major industries. During these unprecedented times, in your physical product life cycle, LReply\u2019s number one priority is to look [&hellip;]<\/p>","protected":false},"author":1,"featured_media":0,"parent":114,"menu_order":2,"comment_status":"closed","ping_status":"closed","template":"","meta":{"content-type":"","_monsterinsights_skip_tracking":false,"_monsterinsights_sitenote_active":false,"_monsterinsights_sitenote_note":"","_monsterinsights_sitenote_category":0},"yoast_head":"<!-- This site is optimized with the Yoast SEO plugin v19.4 - https:\/\/yoast.com\/wordpress\/plugins\/seo\/ -->\n<title>The Industries that work with us<\/title>\n<meta name=\"description\" content=\"LReply has helped global brand Industries. hat includes especially the so-called fast moving consumer goods or FMCG for short across all major industries.\" \/>\n<meta name=\"robots\" content=\"index, follow, max-snippet:-1, max-image-preview:large, max-video-preview:-1\" \/>\n<link rel=\"canonical\" href=\"https:\/\/www.lreply.com\/fr\/notre-compagnie\/industries\/\" \/>\n<meta property=\"og:locale\" content=\"fr_FR\" \/>\n<meta property=\"og:type\" content=\"article\" \/>\n<meta property=\"og:title\" content=\"The Industries that work with us\" \/>\n<meta property=\"og:description\" content=\"LReply has helped global brand Industries. hat includes especially the so-called fast moving consumer goods or FMCG for short across all major industries.\" \/>\n<meta property=\"og:url\" content=\"https:\/\/www.lreply.com\/fr\/notre-compagnie\/industries\/\" \/>\n<meta property=\"og:site_name\" content=\"LReply\" \/>\n<meta property=\"article:modified_time\" content=\"2022-10-17T09:08:41+00:00\" \/>\n<meta property=\"og:image\" content=\"https:\/\/www.lreply.com\/wp-content\/uploads\/2020\/10\/prototype-test-boutelle-1024x679.png\" \/>\n<meta name=\"twitter:card\" content=\"summary_large_image\" \/>\n<meta name=\"twitter:label1\" content=\"Est. reading time\" \/>\n\t<meta name=\"twitter:data1\" content=\"2 minutes\" \/>\n<script type=\"application\/ld+json\" class=\"yoast-schema-graph\">{\"@context\":\"https:\/\/schema.org\",\"@graph\":[{\"@type\":\"Organization\",\"@id\":\"https:\/\/www.lreply.com\/#organization\",\"name\":\"LReply\",\"url\":\"https:\/\/www.lreply.com\/\",\"sameAs\":[],\"logo\":{\"@type\":\"ImageObject\",\"inLanguage\":\"fr-FR\",\"@id\":\"https:\/\/www.lreply.com\/#\/schema\/logo\/image\/\",\"url\":\"https:\/\/www.lreply.com\/wp-content\/uploads\/2021\/09\/Logo-LReply-Standart.png\",\"contentUrl\":\"https:\/\/www.lreply.com\/wp-content\/uploads\/2021\/09\/Logo-LReply-Standart.png\",\"width\":512,\"height\":512,\"caption\":\"LReply\"},\"image\":{\"@id\":\"https:\/\/www.lreply.com\/#\/schema\/logo\/image\/\"}},{\"@type\":\"WebSite\",\"@id\":\"https:\/\/www.lreply.com\/#website\",\"url\":\"https:\/\/www.lreply.com\/\",\"name\":\"LReply\",\"description\":\"Marketing success through differentiation\",\"publisher\":{\"@id\":\"https:\/\/www.lreply.com\/#organization\"},\"potentialAction\":[{\"@type\":\"SearchAction\",\"target\":{\"@type\":\"EntryPoint\",\"urlTemplate\":\"https:\/\/www.lreply.com\/?s={search_term_string}\"},\"query-input\":\"required name=search_term_string\"}],\"inLanguage\":\"fr-FR\"},{\"@type\":\"WebPage\",\"@id\":\"https:\/\/www.lreply.com\/our-company\/industries\/\",\"url\":\"https:\/\/www.lreply.com\/our-company\/industries\/\",\"name\":\"The Industries that work with us\",\"isPartOf\":{\"@id\":\"https:\/\/www.lreply.com\/#website\"},\"datePublished\":\"2020-01-12T15:23:44+00:00\",\"dateModified\":\"2022-10-17T09:08:41+00:00\",\"description\":\"LReply has helped global brand Industries. hat includes especially the so-called fast moving consumer goods or FMCG for short across all major industries.\",\"breadcrumb\":{\"@id\":\"https:\/\/www.lreply.com\/our-company\/industries\/#breadcrumb\"},\"inLanguage\":\"fr-FR\",\"potentialAction\":[{\"@type\":\"ReadAction\",\"target\":[\"https:\/\/www.lreply.com\/our-company\/industries\/\"]}]},{\"@type\":\"BreadcrumbList\",\"@id\":\"https:\/\/www.lreply.com\/our-company\/industries\/#breadcrumb\",\"itemListElement\":[{\"@type\":\"ListItem\",\"position\":1,\"name\":\"Home\",\"item\":\"https:\/\/www.lreply.com\/\"},{\"@type\":\"ListItem\",\"position\":2,\"name\":\"Our Company\",\"item\":\"https:\/\/www.lreply.com\/our-company\/\"},{\"@type\":\"ListItem\",\"position\":3,\"name\":\"Industries\"}]}]}<\/script>\n<!-- \/ Yoast SEO plugin. -->","yoast_head_json":{"title":"The Industries that work with us","description":"LReply has helped global brand Industries. hat includes especially the so-called fast moving consumer goods or FMCG for short across all major industries.","robots":{"index":"index","follow":"follow","max-snippet":"max-snippet:-1","max-image-preview":"max-image-preview:large","max-video-preview":"max-video-preview:-1"},"canonical":"https:\/\/www.lreply.com\/fr\/notre-compagnie\/industries\/","og_locale":"fr_FR","og_type":"article","og_title":"The Industries that work with us","og_description":"LReply has helped global brand Industries. hat includes especially the so-called fast moving consumer goods or FMCG for short across all major industries.","og_url":"https:\/\/www.lreply.com\/fr\/notre-compagnie\/industries\/","og_site_name":"LReply","article_modified_time":"2022-10-17T09:08:41+00:00","og_image":[{"url":"https:\/\/www.lreply.com\/wp-content\/uploads\/2020\/10\/prototype-test-boutelle-1024x679.png"}],"twitter_card":"summary_large_image","twitter_misc":{"Est. reading time":"2 minutes"},"schema":{"@context":"https:\/\/schema.org","@graph":[{"@type":"Organization","@id":"https:\/\/www.lreply.com\/#organization","name":"LReply","url":"https:\/\/www.lreply.com\/","sameAs":[],"logo":{"@type":"ImageObject","inLanguage":"fr-FR","@id":"https:\/\/www.lreply.com\/#\/schema\/logo\/image\/","url":"https:\/\/www.lreply.com\/wp-content\/uploads\/2021\/09\/Logo-LReply-Standart.png","contentUrl":"https:\/\/www.lreply.com\/wp-content\/uploads\/2021\/09\/Logo-LReply-Standart.png","width":512,"height":512,"caption":"LReply"},"image":{"@id":"https:\/\/www.lreply.com\/#\/schema\/logo\/image\/"}},{"@type":"WebSite","@id":"https:\/\/www.lreply.com\/#website","url":"https:\/\/www.lreply.com\/","name":"LReply","description":"Marketing success through differentiation","publisher":{"@id":"https:\/\/www.lreply.com\/#organization"},"potentialAction":[{"@type":"SearchAction","target":{"@type":"EntryPoint","urlTemplate":"https:\/\/www.lreply.com\/?s={search_term_string}"},"query-input":"required name=search_term_string"}],"inLanguage":"fr-FR"},{"@type":"WebPage","@id":"https:\/\/www.lreply.com\/our-company\/industries\/","url":"https:\/\/www.lreply.com\/our-company\/industries\/","name":"The Industries that work with us","isPartOf":{"@id":"https:\/\/www.lreply.com\/#website"},"datePublished":"2020-01-12T15:23:44+00:00","dateModified":"2022-10-17T09:08:41+00:00","description":"LReply has helped global brand Industries. hat includes especially the so-called fast moving consumer goods or FMCG for short across all major industries.","breadcrumb":{"@id":"https:\/\/www.lreply.com\/our-company\/industries\/#breadcrumb"},"inLanguage":"fr-FR","potentialAction":[{"@type":"ReadAction","target":["https:\/\/www.lreply.com\/our-company\/industries\/"]}]},{"@type":"BreadcrumbList","@id":"https:\/\/www.lreply.com\/our-company\/industries\/#breadcrumb","itemListElement":[{"@type":"ListItem","position":1,"name":"Home","item":"https:\/\/www.lreply.com\/"},{"@type":"ListItem","position":2,"name":"Our Company","item":"https:\/\/www.lreply.com\/our-company\/"},{"@type":"ListItem","position":3,"name":"Industries"}]}]}},"_links":{"self":[{"href":"https:\/\/www.lreply.com\/fr\/wp-json\/wp\/v2\/pages\/259"}],"collection":[{"href":"https:\/\/www.lreply.com\/fr\/wp-json\/wp\/v2\/pages"}],"about":[{"href":"https:\/\/www.lreply.com\/fr\/wp-json\/wp\/v2\/types\/page"}],"author":[{"embeddable":true,"href":"https:\/\/www.lreply.com\/fr\/wp-json\/wp\/v2\/users\/1"}],"replies":[{"embeddable":true,"href":"https:\/\/www.lreply.com\/fr\/wp-json\/wp\/v2\/comments?post=259"}],"version-history":[{"count":4,"href":"https:\/\/www.lreply.com\/fr\/wp-json\/wp\/v2\/pages\/259\/revisions"}],"predecessor-version":[{"id":3268,"href":"https:\/\/www.lreply.com\/fr\/wp-json\/wp\/v2\/pages\/259\/revisions\/3268"}],"up":[{"embeddable":true,"href":"https:\/\/www.lreply.com\/fr\/wp-json\/wp\/v2\/pages\/114"}],"wp:attachment":[{"href":"https:\/\/www.lreply.com\/fr\/wp-json\/wp\/v2\/media?parent=259"}],"curies":[{"name":"wp","href":"https:\/\/api.w.org\/{rel}","templated":true}]}}