{"id":2680,"date":"2021-11-14T00:59:06","date_gmt":"2021-11-14T00:59:06","guid":{"rendered":"https:\/\/www.lreply.com\/?page_id=2680"},"modified":"2021-11-15T11:50:10","modified_gmt":"2021-11-15T11:50:10","slug":"better-products","status":"publish","type":"page","link":"https:\/\/www.lreply.com\/fr\/better-products\/","title":{"rendered":"De meilleurs produits"},"content":{"rendered":"<h1 class=\"has-text-align-center\">Better Products. Better Retailing.<\/h1>\n\n\n\n<p class=\"has-text-align-center\">Aucun esprit, voix ou entreprise n'a la r\u00e9ponse \u00e0 tous les d\u00e9fis de l'avenir. Les meilleures solutions sont cr\u00e9\u00e9es ensemble.<br>Gr\u00e2ce \u00e0 sa plate-forme LReply, les consommateurs ainsi que l'industrie des biens de consommation ont \u00e9t\u00e9 r\u00e9unis pour d\u00e9velopper de meilleurs produits. Cela se produit gr\u00e2ce \u00e0 des tests scientifiques approfondis.<\/p>\n\n\n\n<p class=\"has-text-align-center\">Nous travaillons avec l'ensemble du secteur (Industrie des biens de consommation - FMCG) pour recueillir des avis, acc\u00e9l\u00e9rer l'innovation, faire entendre la voix des clients et partager les informations les plus pr\u00e9cieuses pour le d\u00e9veloppement de produits.<\/p>\n\n\n\n<p><\/p>\n\n\n\n<div class=\"wp-block-buttons is-content-justification-center\">\n<div class=\"wp-block-button\"><a class=\"wp-block-button__link\" href=\"https:\/\/www.lreply.com\/fr\/demande-demo\/\">Demander une d\u00e9mo<\/a><\/div>\n<\/div>\n\n\n\n<p><\/p>\n\n\n\n<div class=\"wp-block-group alignfull has-background\" style=\"background-color:#f2f0e9\"><div class=\"wp-block-group__inner-container\">\n<div style=\"height:70px\" aria-hidden=\"true\" class=\"wp-block-spacer\"><\/div>\n\n\n\n<div class=\"wp-block-columns alignwide are-vertically-aligned-center\">\n<div class=\"wp-block-column\" style=\"flex-basis:50%\">\n<p class=\"has-text-color\" style=\"color:#000000;font-size:30px;line-height:1.1\"><strong>Trois piliers dans le focus<\/strong><\/p>\n<\/div>\n\n\n\n<div class=\"wp-block-column\" style=\"flex-basis:50%\">\n<hr class=\"wp-block-separator has-text-color has-background is-style-wide\" style=\"background-color:#000000;color:#000000\"\/>\n<\/div>\n<\/div>\n\n\n\n<div class=\"wp-block-columns alignwide\">\n<div class=\"wp-block-column\">\n<figure class=\"wp-block-image size-large\"><img loading=\"lazy\" width=\"1024\" height=\"684\" src=\"https:\/\/www.lreply.com\/wp-content\/uploads\/2021\/11\/complexity-1024x684.jpg\" alt=\"\" class=\"wp-image-2670\" srcset=\"https:\/\/www.lreply.com\/wp-content\/uploads\/2021\/11\/complexity-1024x684.jpg 1024w, https:\/\/www.lreply.com\/wp-content\/uploads\/2021\/11\/complexity-300x200.jpg 300w, https:\/\/www.lreply.com\/wp-content\/uploads\/2021\/11\/complexity-768x513.jpg 768w, https:\/\/www.lreply.com\/wp-content\/uploads\/2021\/11\/complexity-18x12.jpg 18w, https:\/\/www.lreply.com\/wp-content\/uploads\/2021\/11\/complexity.jpg 1500w\" sizes=\"(max-width: 1024px) 100vw, 1024px\" \/><\/figure>\n\n\n\n<h2>Informations technologiques <\/h2>\n\n\n\n<p class=\"has-black-color has-text-color\">Nous n'attendons pas l'avenir. Nous courons vers elle. Gr\u00e2ce \u00e0 nos syst\u00e8mes (tests de produits, tests de prototypes, Verbraucherverhalten, Neukunde, WOM), nous travaillons avec l'industrie des biens de consommation (FMCG) pour cr\u00e9er des exp\u00e9riences qui red\u00e9finiront le d\u00e9veloppement de produits.<\/p>\n<\/div>\n\n\n\n<div class=\"wp-block-column\">\n<figure class=\"wp-block-image size-large\"><img loading=\"lazy\" width=\"1024\" height=\"683\" src=\"https:\/\/www.lreply.com\/wp-content\/uploads\/2020\/06\/Consumer-Goods-1024x683.jpg\" alt=\"Consumer-Goods Konsumg\u00fcter\" class=\"wp-image-1752\" srcset=\"https:\/\/www.lreply.com\/wp-content\/uploads\/2020\/06\/Consumer-Goods-1024x683.jpg 1024w, https:\/\/www.lreply.com\/wp-content\/uploads\/2020\/06\/Consumer-Goods-300x200.jpg 300w, https:\/\/www.lreply.com\/wp-content\/uploads\/2020\/06\/Consumer-Goods-768x512.jpg 768w, https:\/\/www.lreply.com\/wp-content\/uploads\/2020\/06\/Consumer-Goods-600x400.jpg 600w, https:\/\/www.lreply.com\/wp-content\/uploads\/2020\/06\/Consumer-Goods.jpg 1500w\" sizes=\"(max-width: 1024px) 100vw, 1024px\" \/><\/figure>\n\n\n\n<h2>Voix du client<\/h2>\n\n\n\n<p class=\"has-text-color has-extra-small-font-size\" style=\"color:#000000\">\u00cates-vous entendu? Notre plateforme permet \u00e0 nos testeurs d'avoir leur mot \u00e0 dire dans la conception de vos produits et de votre roadmap. En partageant des dialogues, nous aidons \u00e0 cr\u00e9er les outils qui vous conviennent et \u00e0 relever les d\u00e9fis de votre industrie.<\/p>\n<\/div>\n\n\n\n<div class=\"wp-block-column\">\n<figure class=\"wp-block-image size-large\"><img loading=\"lazy\" width=\"1024\" height=\"658\" src=\"https:\/\/www.lreply.com\/wp-content\/uploads\/2020\/01\/conversation-dialog-1024x658.jpg\" alt=\"Conversation\" class=\"wp-image-496\" srcset=\"https:\/\/www.lreply.com\/wp-content\/uploads\/2020\/01\/conversation-dialog-1024x658.jpg 1024w, https:\/\/www.lreply.com\/wp-content\/uploads\/2020\/01\/conversation-dialog-300x193.jpg 300w, https:\/\/www.lreply.com\/wp-content\/uploads\/2020\/01\/conversation-dialog-768x493.jpg 768w, https:\/\/www.lreply.com\/wp-content\/uploads\/2020\/01\/conversation-dialog-1536x987.jpg 1536w, https:\/\/www.lreply.com\/wp-content\/uploads\/2020\/01\/conversation-dialog-600x386.jpg 600w\" sizes=\"(max-width: 1024px) 100vw, 1024px\" \/><\/figure>\n\n\n\n<h2>Informations utiles<\/h2>\n\n\n\n<p class=\"has-text-color has-extra-small-font-size\" style=\"color:#000000\">Les analystes de LReply et mondiaux m\u00e8nent et publient des recherches, des donn\u00e9es et des informations fond\u00e9es qui \u00e9clairent la prise de d\u00e9cision et inspirent le changement de l'industrie.<\/p>\n<\/div>\n<\/div>\n\n\n\n<div style=\"height:40px\" aria-hidden=\"true\" class=\"wp-block-spacer\"><\/div>\n<\/div><\/div>\n\n\n\n<p><\/p>","protected":false},"excerpt":{"rendered":"<p>Better Products. Better Retailing. No single mind, voice or company has the answer to all of the challenges of the future. The best solutions are created together.Through its LReply platform unites consumers as well as the consumer goods industry to [&hellip;]<\/p>","protected":false},"author":1,"featured_media":0,"parent":0,"menu_order":0,"comment_status":"closed","ping_status":"closed","template":"","meta":{"content-type":"","_monsterinsights_skip_tracking":false,"_monsterinsights_sitenote_active":false,"_monsterinsights_sitenote_note":"","_monsterinsights_sitenote_category":0},"yoast_head":"<!-- This site is optimized with the Yoast SEO plugin v19.4 - https:\/\/yoast.com\/wordpress\/plugins\/seo\/ -->\n<title>Better Products<\/title>\n<meta name=\"description\" content=\"We work with the industry (Fast Moving Customer goods) to gather feedback on technology, accelerate innovation, elevate customer voices, and share the most valuable insights.\" \/>\n<meta name=\"robots\" content=\"index, follow, max-snippet:-1, max-image-preview:large, max-video-preview:-1\" \/>\n<link rel=\"canonical\" href=\"https:\/\/www.lreply.com\/fr\/better-products\/\" \/>\n<meta property=\"og:locale\" content=\"fr_FR\" \/>\n<meta property=\"og:type\" content=\"article\" \/>\n<meta property=\"og:title\" content=\"Better Products\" \/>\n<meta property=\"og:description\" content=\"We work with the industry (Fast Moving Customer goods) to gather feedback on technology, accelerate innovation, elevate customer voices, and share the most valuable insights.\" \/>\n<meta property=\"og:url\" content=\"https:\/\/www.lreply.com\/fr\/better-products\/\" \/>\n<meta property=\"og:site_name\" content=\"LReply\" \/>\n<meta property=\"article:modified_time\" content=\"2021-11-15T11:50:10+00:00\" \/>\n<meta property=\"og:image\" content=\"https:\/\/www.lreply.com\/wp-content\/uploads\/2021\/11\/complexity-1024x684.jpg\" \/>\n<meta name=\"twitter:card\" content=\"summary_large_image\" \/>\n<meta name=\"twitter:label1\" content=\"Est. reading time\" \/>\n\t<meta name=\"twitter:data1\" content=\"2 minutes\" \/>\n<script type=\"application\/ld+json\" class=\"yoast-schema-graph\">{\"@context\":\"https:\/\/schema.org\",\"@graph\":[{\"@type\":\"Organization\",\"@id\":\"https:\/\/www.lreply.com\/#organization\",\"name\":\"LReply\",\"url\":\"https:\/\/www.lreply.com\/\",\"sameAs\":[],\"logo\":{\"@type\":\"ImageObject\",\"inLanguage\":\"fr-FR\",\"@id\":\"https:\/\/www.lreply.com\/#\/schema\/logo\/image\/\",\"url\":\"https:\/\/www.lreply.com\/wp-content\/uploads\/2021\/09\/Logo-LReply-Standart.png\",\"contentUrl\":\"https:\/\/www.lreply.com\/wp-content\/uploads\/2021\/09\/Logo-LReply-Standart.png\",\"width\":512,\"height\":512,\"caption\":\"LReply\"},\"image\":{\"@id\":\"https:\/\/www.lreply.com\/#\/schema\/logo\/image\/\"}},{\"@type\":\"WebSite\",\"@id\":\"https:\/\/www.lreply.com\/#website\",\"url\":\"https:\/\/www.lreply.com\/\",\"name\":\"LReply\",\"description\":\"Marketing success through differentiation\",\"publisher\":{\"@id\":\"https:\/\/www.lreply.com\/#organization\"},\"potentialAction\":[{\"@type\":\"SearchAction\",\"target\":{\"@type\":\"EntryPoint\",\"urlTemplate\":\"https:\/\/www.lreply.com\/?s={search_term_string}\"},\"query-input\":\"required name=search_term_string\"}],\"inLanguage\":\"fr-FR\"},{\"@type\":\"WebPage\",\"@id\":\"https:\/\/www.lreply.com\/fr\/better-products\/\",\"url\":\"https:\/\/www.lreply.com\/fr\/better-products\/\",\"name\":\"Better Products\",\"isPartOf\":{\"@id\":\"https:\/\/www.lreply.com\/#website\"},\"datePublished\":\"2021-11-14T00:59:06+00:00\",\"dateModified\":\"2021-11-15T11:50:10+00:00\",\"description\":\"We work with the industry (Fast Moving Customer goods) to gather feedback on technology, accelerate innovation, elevate customer voices, and share the most valuable insights.\",\"breadcrumb\":{\"@id\":\"https:\/\/www.lreply.com\/fr\/better-products\/#breadcrumb\"},\"inLanguage\":\"fr-FR\",\"potentialAction\":[{\"@type\":\"ReadAction\",\"target\":[\"https:\/\/www.lreply.com\/fr\/better-products\/\"]}]},{\"@type\":\"BreadcrumbList\",\"@id\":\"https:\/\/www.lreply.com\/fr\/better-products\/#breadcrumb\",\"itemListElement\":[{\"@type\":\"ListItem\",\"position\":1,\"name\":\"Home\",\"item\":\"https:\/\/www.lreply.com\/\"},{\"@type\":\"ListItem\",\"position\":2,\"name\":\"Better Products\"}]}]}<\/script>\n<!-- \/ Yoast SEO plugin. -->","yoast_head_json":{"title":"Better Products","description":"We work with the industry (Fast Moving Customer goods) to gather feedback on technology, accelerate innovation, elevate customer voices, and share the most valuable insights.","robots":{"index":"index","follow":"follow","max-snippet":"max-snippet:-1","max-image-preview":"max-image-preview:large","max-video-preview":"max-video-preview:-1"},"canonical":"https:\/\/www.lreply.com\/fr\/better-products\/","og_locale":"fr_FR","og_type":"article","og_title":"Better Products","og_description":"We work with the industry (Fast Moving Customer goods) to gather feedback on technology, accelerate innovation, elevate customer voices, and share the most valuable insights.","og_url":"https:\/\/www.lreply.com\/fr\/better-products\/","og_site_name":"LReply","article_modified_time":"2021-11-15T11:50:10+00:00","og_image":[{"url":"https:\/\/www.lreply.com\/wp-content\/uploads\/2021\/11\/complexity-1024x684.jpg"}],"twitter_card":"summary_large_image","twitter_misc":{"Est. reading time":"2 minutes"},"schema":{"@context":"https:\/\/schema.org","@graph":[{"@type":"Organization","@id":"https:\/\/www.lreply.com\/#organization","name":"LReply","url":"https:\/\/www.lreply.com\/","sameAs":[],"logo":{"@type":"ImageObject","inLanguage":"fr-FR","@id":"https:\/\/www.lreply.com\/#\/schema\/logo\/image\/","url":"https:\/\/www.lreply.com\/wp-content\/uploads\/2021\/09\/Logo-LReply-Standart.png","contentUrl":"https:\/\/www.lreply.com\/wp-content\/uploads\/2021\/09\/Logo-LReply-Standart.png","width":512,"height":512,"caption":"LReply"},"image":{"@id":"https:\/\/www.lreply.com\/#\/schema\/logo\/image\/"}},{"@type":"WebSite","@id":"https:\/\/www.lreply.com\/#website","url":"https:\/\/www.lreply.com\/","name":"LReply","description":"Marketing success through differentiation","publisher":{"@id":"https:\/\/www.lreply.com\/#organization"},"potentialAction":[{"@type":"SearchAction","target":{"@type":"EntryPoint","urlTemplate":"https:\/\/www.lreply.com\/?s={search_term_string}"},"query-input":"required name=search_term_string"}],"inLanguage":"fr-FR"},{"@type":"WebPage","@id":"https:\/\/www.lreply.com\/fr\/better-products\/","url":"https:\/\/www.lreply.com\/fr\/better-products\/","name":"Better Products","isPartOf":{"@id":"https:\/\/www.lreply.com\/#website"},"datePublished":"2021-11-14T00:59:06+00:00","dateModified":"2021-11-15T11:50:10+00:00","description":"We work with the industry (Fast Moving Customer goods) to gather feedback on technology, accelerate innovation, elevate customer voices, and share the most valuable insights.","breadcrumb":{"@id":"https:\/\/www.lreply.com\/fr\/better-products\/#breadcrumb"},"inLanguage":"fr-FR","potentialAction":[{"@type":"ReadAction","target":["https:\/\/www.lreply.com\/fr\/better-products\/"]}]},{"@type":"BreadcrumbList","@id":"https:\/\/www.lreply.com\/fr\/better-products\/#breadcrumb","itemListElement":[{"@type":"ListItem","position":1,"name":"Home","item":"https:\/\/www.lreply.com\/"},{"@type":"ListItem","position":2,"name":"Better Products"}]}]}},"_links":{"self":[{"href":"https:\/\/www.lreply.com\/fr\/wp-json\/wp\/v2\/pages\/2680"}],"collection":[{"href":"https:\/\/www.lreply.com\/fr\/wp-json\/wp\/v2\/pages"}],"about":[{"href":"https:\/\/www.lreply.com\/fr\/wp-json\/wp\/v2\/types\/page"}],"author":[{"embeddable":true,"href":"https:\/\/www.lreply.com\/fr\/wp-json\/wp\/v2\/users\/1"}],"replies":[{"embeddable":true,"href":"https:\/\/www.lreply.com\/fr\/wp-json\/wp\/v2\/comments?post=2680"}],"version-history":[{"count":4,"href":"https:\/\/www.lreply.com\/fr\/wp-json\/wp\/v2\/pages\/2680\/revisions"}],"predecessor-version":[{"id":2710,"href":"https:\/\/www.lreply.com\/fr\/wp-json\/wp\/v2\/pages\/2680\/revisions\/2710"}],"wp:attachment":[{"href":"https:\/\/www.lreply.com\/fr\/wp-json\/wp\/v2\/media?parent=2680"}],"curies":[{"name":"wp","href":"https:\/\/api.w.org\/{rel}","templated":true}]}}