{"id":2966,"date":"2022-08-21T15:52:53","date_gmt":"2022-08-21T15:52:53","guid":{"rendered":"https:\/\/www.lreply.com\/?page_id=2966"},"modified":"2022-08-21T16:26:24","modified_gmt":"2022-08-21T16:26:24","slug":"events","status":"publish","type":"page","link":"https:\/\/www.lreply.com\/fr\/evenements\/","title":{"rendered":"Ev\u00e9nements"},"content":{"rendered":"<h2>Des id\u00e9es et des exp\u00e9riences \u00e0 la pointe du secteur pour dynamiser votre entreprise<\/h2>\n\n\n\n<div class=\"wp-container-69e09161819bb wp-block-group\" style=\"padding-top:30px;padding-right:30px;padding-bottom:30px;padding-left:30px\"><div class=\"wp-block-group__inner-container\">\n<div class=\"wp-block-columns\">\n<div class=\"wp-block-column\">\n<figure class=\"wp-block-image size-full\"><img loading=\"lazy\" width=\"1024\" height=\"576\" src=\"https:\/\/www.lreply.com\/wp-content\/uploads\/2022\/08\/Lreply-x-succet-1.png\" alt=\"\" class=\"wp-image-3031\" srcset=\"https:\/\/www.lreply.com\/wp-content\/uploads\/2022\/08\/Lreply-x-succet-1.png 1024w, https:\/\/www.lreply.com\/wp-content\/uploads\/2022\/08\/Lreply-x-succet-1-300x169.png 300w, https:\/\/www.lreply.com\/wp-content\/uploads\/2022\/08\/Lreply-x-succet-1-768x432.png 768w, https:\/\/www.lreply.com\/wp-content\/uploads\/2022\/08\/Lreply-x-succet-1-18x10.png 18w\" sizes=\"(max-width: 1024px) 100vw, 1024px\" \/><\/figure>\n\n\n\n<h2><a href=\"https:\/\/www.lreply.com\/fr\/2022\/08\/19\/lreply-succeet22\/\">La r\u00e9ponse est \u00e0 SUCCEET 2022.<\/a><\/h2>\n<\/div>\n\n\n\n<div class=\"wp-block-column\">\n<figure class=\"wp-block-image size-full\"><img loading=\"lazy\" width=\"1024\" height=\"576\" src=\"https:\/\/www.lreply.com\/wp-content\/uploads\/2022\/08\/Lreply-x-insights.png\" alt=\"\" class=\"wp-image-3028\" srcset=\"https:\/\/www.lreply.com\/wp-content\/uploads\/2022\/08\/Lreply-x-insights.png 1024w, https:\/\/www.lreply.com\/wp-content\/uploads\/2022\/08\/Lreply-x-insights-300x169.png 300w, https:\/\/www.lreply.com\/wp-content\/uploads\/2022\/08\/Lreply-x-insights-768x432.png 768w, https:\/\/www.lreply.com\/wp-content\/uploads\/2022\/08\/Lreply-x-insights-18x10.png 18w\" sizes=\"(max-width: 1024px) 100vw, 1024px\" \/><\/figure>\n\n\n\n<h2><a href=\"https:\/\/www.lreply.com\/fr\/2022\/08\/19\/lreply-nimmt-an-planunganalyse-insights-2022-teil\/\">LReply est present au planung&amp;analyse Insights 2022.<\/a><\/h2>\n<\/div>\n<\/div>\n<\/div><\/div>\n<style>.wp-container-69e09161819bb .alignleft { float: left; margin-right: 2em; }.wp-container-69e09161819bb .alignright { float: right; margin-left: 2em; }<\/style>\n\n\n<div class=\"wp-container-69e0916181a0c wp-block-group\" style=\"padding-top:30px;padding-right:30px;padding-bottom:30px;padding-left:30px\"><div class=\"wp-block-group__inner-container\">\n<div class=\"wp-block-columns\">\n<div class=\"wp-block-column\">\n<figure class=\"wp-block-image size-large\"><img loading=\"lazy\" width=\"1024\" height=\"576\" src=\"https:\/\/www.lreply.com\/wp-content\/uploads\/2022\/08\/csm_Start-up-Pitch_2022_Sieger_LReply-1024x576.png\" alt=\"\" class=\"wp-image-2986\" srcset=\"https:\/\/www.lreply.com\/wp-content\/uploads\/2022\/08\/csm_Start-up-Pitch_2022_Sieger_LReply-1024x576.png 1024w, https:\/\/www.lreply.com\/wp-content\/uploads\/2022\/08\/csm_Start-up-Pitch_2022_Sieger_LReply-300x169.png 300w, https:\/\/www.lreply.com\/wp-content\/uploads\/2022\/08\/csm_Start-up-Pitch_2022_Sieger_LReply-768x432.png 768w, https:\/\/www.lreply.com\/wp-content\/uploads\/2022\/08\/csm_Start-up-Pitch_2022_Sieger_LReply-18x10.png 18w, https:\/\/www.lreply.com\/wp-content\/uploads\/2022\/08\/csm_Start-up-Pitch_2022_Sieger_LReply.png 1200w\" sizes=\"(max-width: 1024px) 100vw, 1024px\" \/><\/figure>\n\n\n\n<h2><a href=\"https:\/\/www.marktforschung.de\/aktuelles\/marktforschung\/epap-klarer-sieger-des-4-start-up-pitches\/\">LReply prend la 3\u00e8me place dans les pitchs de startup.<\/a><\/h2>\n<\/div>\n\n\n\n<div class=\"wp-block-column\"><\/div>\n<\/div>\n<\/div><\/div>\n<style>.wp-container-69e0916181a0c .alignleft { float: left; margin-right: 2em; }.wp-container-69e0916181a0c .alignright { float: right; margin-left: 2em; }<\/style>","protected":false},"excerpt":{"rendered":"<p>Industry-Leading Insights and Experiences to Power Your Business LReply is at SUCCEET 2022. LReply is at planung&amp;analyse Insights 2022. LReply takes 3rd place in startup pitches.<\/p>","protected":false},"author":2,"featured_media":2958,"parent":0,"menu_order":0,"comment_status":"closed","ping_status":"closed","template":"","meta":{"content-type":"","_monsterinsights_skip_tracking":false,"_monsterinsights_sitenote_active":false,"_monsterinsights_sitenote_note":"","_monsterinsights_sitenote_category":0},"yoast_head":"<!-- This site is optimized with the Yoast SEO plugin v19.4 - https:\/\/yoast.com\/wordpress\/plugins\/seo\/ -->\n<title>Events<\/title>\n<meta name=\"description\" content=\"Industry-Leading Insights and Experiences to Power Your Business\" \/>\n<meta name=\"robots\" content=\"index, follow, max-snippet:-1, max-image-preview:large, max-video-preview:-1\" \/>\n<link rel=\"canonical\" href=\"https:\/\/www.lreply.com\/fr\/evenements\/\" \/>\n<meta property=\"og:locale\" content=\"fr_FR\" \/>\n<meta property=\"og:type\" content=\"article\" \/>\n<meta property=\"og:title\" content=\"Events\" \/>\n<meta property=\"og:description\" content=\"Industry-Leading Insights and Experiences to Power Your Business\" \/>\n<meta property=\"og:url\" content=\"https:\/\/www.lreply.com\/fr\/evenements\/\" \/>\n<meta property=\"og:site_name\" content=\"LReply\" \/>\n<meta property=\"article:modified_time\" content=\"2022-08-21T16:26:24+00:00\" \/>\n<meta property=\"og:image\" content=\"https:\/\/www.lreply.com\/wp-content\/uploads\/2022\/07\/coiffure.jpg\" \/>\n\t<meta property=\"og:image:width\" content=\"1500\" \/>\n\t<meta property=\"og:image:height\" content=\"1000\" \/>\n\t<meta property=\"og:image:type\" content=\"image\/jpeg\" \/>\n<meta name=\"twitter:card\" content=\"summary_large_image\" \/>\n<meta name=\"twitter:label1\" content=\"Est. reading time\" \/>\n\t<meta name=\"twitter:data1\" content=\"1 minute\" \/>\n<script type=\"application\/ld+json\" class=\"yoast-schema-graph\">{\"@context\":\"https:\/\/schema.org\",\"@graph\":[{\"@type\":\"Organization\",\"@id\":\"https:\/\/www.lreply.com\/#organization\",\"name\":\"LReply\",\"url\":\"https:\/\/www.lreply.com\/\",\"sameAs\":[],\"logo\":{\"@type\":\"ImageObject\",\"inLanguage\":\"fr-FR\",\"@id\":\"https:\/\/www.lreply.com\/#\/schema\/logo\/image\/\",\"url\":\"https:\/\/www.lreply.com\/wp-content\/uploads\/2021\/09\/Logo-LReply-Standart.png\",\"contentUrl\":\"https:\/\/www.lreply.com\/wp-content\/uploads\/2021\/09\/Logo-LReply-Standart.png\",\"width\":512,\"height\":512,\"caption\":\"LReply\"},\"image\":{\"@id\":\"https:\/\/www.lreply.com\/#\/schema\/logo\/image\/\"}},{\"@type\":\"WebSite\",\"@id\":\"https:\/\/www.lreply.com\/#website\",\"url\":\"https:\/\/www.lreply.com\/\",\"name\":\"LReply\",\"description\":\"Marketing success through differentiation\",\"publisher\":{\"@id\":\"https:\/\/www.lreply.com\/#organization\"},\"potentialAction\":[{\"@type\":\"SearchAction\",\"target\":{\"@type\":\"EntryPoint\",\"urlTemplate\":\"https:\/\/www.lreply.com\/?s={search_term_string}\"},\"query-input\":\"required name=search_term_string\"}],\"inLanguage\":\"fr-FR\"},{\"@type\":\"WebPage\",\"@id\":\"https:\/\/www.lreply.com\/events\/\",\"url\":\"https:\/\/www.lreply.com\/events\/\",\"name\":\"Events\",\"isPartOf\":{\"@id\":\"https:\/\/www.lreply.com\/#website\"},\"datePublished\":\"2022-08-21T15:52:53+00:00\",\"dateModified\":\"2022-08-21T16:26:24+00:00\",\"description\":\"Industry-Leading Insights and Experiences to Power Your Business\",\"breadcrumb\":{\"@id\":\"https:\/\/www.lreply.com\/events\/#breadcrumb\"},\"inLanguage\":\"fr-FR\",\"potentialAction\":[{\"@type\":\"ReadAction\",\"target\":[\"https:\/\/www.lreply.com\/events\/\"]}]},{\"@type\":\"BreadcrumbList\",\"@id\":\"https:\/\/www.lreply.com\/events\/#breadcrumb\",\"itemListElement\":[{\"@type\":\"ListItem\",\"position\":1,\"name\":\"Home\",\"item\":\"https:\/\/www.lreply.com\/\"},{\"@type\":\"ListItem\",\"position\":2,\"name\":\"Events\"}]}]}<\/script>\n<!-- \/ Yoast SEO plugin. -->","yoast_head_json":{"title":"Events","description":"Industry-Leading Insights and Experiences to Power Your Business","robots":{"index":"index","follow":"follow","max-snippet":"max-snippet:-1","max-image-preview":"max-image-preview:large","max-video-preview":"max-video-preview:-1"},"canonical":"https:\/\/www.lreply.com\/fr\/evenements\/","og_locale":"fr_FR","og_type":"article","og_title":"Events","og_description":"Industry-Leading Insights and Experiences to Power Your Business","og_url":"https:\/\/www.lreply.com\/fr\/evenements\/","og_site_name":"LReply","article_modified_time":"2022-08-21T16:26:24+00:00","og_image":[{"width":1500,"height":1000,"url":"https:\/\/www.lreply.com\/wp-content\/uploads\/2022\/07\/coiffure.jpg","type":"image\/jpeg"}],"twitter_card":"summary_large_image","twitter_misc":{"Est. reading time":"1 minute"},"schema":{"@context":"https:\/\/schema.org","@graph":[{"@type":"Organization","@id":"https:\/\/www.lreply.com\/#organization","name":"LReply","url":"https:\/\/www.lreply.com\/","sameAs":[],"logo":{"@type":"ImageObject","inLanguage":"fr-FR","@id":"https:\/\/www.lreply.com\/#\/schema\/logo\/image\/","url":"https:\/\/www.lreply.com\/wp-content\/uploads\/2021\/09\/Logo-LReply-Standart.png","contentUrl":"https:\/\/www.lreply.com\/wp-content\/uploads\/2021\/09\/Logo-LReply-Standart.png","width":512,"height":512,"caption":"LReply"},"image":{"@id":"https:\/\/www.lreply.com\/#\/schema\/logo\/image\/"}},{"@type":"WebSite","@id":"https:\/\/www.lreply.com\/#website","url":"https:\/\/www.lreply.com\/","name":"LReply","description":"Marketing success through differentiation","publisher":{"@id":"https:\/\/www.lreply.com\/#organization"},"potentialAction":[{"@type":"SearchAction","target":{"@type":"EntryPoint","urlTemplate":"https:\/\/www.lreply.com\/?s={search_term_string}"},"query-input":"required name=search_term_string"}],"inLanguage":"fr-FR"},{"@type":"WebPage","@id":"https:\/\/www.lreply.com\/events\/","url":"https:\/\/www.lreply.com\/events\/","name":"Events","isPartOf":{"@id":"https:\/\/www.lreply.com\/#website"},"datePublished":"2022-08-21T15:52:53+00:00","dateModified":"2022-08-21T16:26:24+00:00","description":"Industry-Leading Insights and Experiences to Power Your Business","breadcrumb":{"@id":"https:\/\/www.lreply.com\/events\/#breadcrumb"},"inLanguage":"fr-FR","potentialAction":[{"@type":"ReadAction","target":["https:\/\/www.lreply.com\/events\/"]}]},{"@type":"BreadcrumbList","@id":"https:\/\/www.lreply.com\/events\/#breadcrumb","itemListElement":[{"@type":"ListItem","position":1,"name":"Home","item":"https:\/\/www.lreply.com\/"},{"@type":"ListItem","position":2,"name":"Events"}]}]}},"_links":{"self":[{"href":"https:\/\/www.lreply.com\/fr\/wp-json\/wp\/v2\/pages\/2966"}],"collection":[{"href":"https:\/\/www.lreply.com\/fr\/wp-json\/wp\/v2\/pages"}],"about":[{"href":"https:\/\/www.lreply.com\/fr\/wp-json\/wp\/v2\/types\/page"}],"author":[{"embeddable":true,"href":"https:\/\/www.lreply.com\/fr\/wp-json\/wp\/v2\/users\/2"}],"replies":[{"embeddable":true,"href":"https:\/\/www.lreply.com\/fr\/wp-json\/wp\/v2\/comments?post=2966"}],"version-history":[{"count":4,"href":"https:\/\/www.lreply.com\/fr\/wp-json\/wp\/v2\/pages\/2966\/revisions"}],"predecessor-version":[{"id":3069,"href":"https:\/\/www.lreply.com\/fr\/wp-json\/wp\/v2\/pages\/2966\/revisions\/3069"}],"wp:featuredmedia":[{"embeddable":true,"href":"https:\/\/www.lreply.com\/fr\/wp-json\/wp\/v2\/media\/2958"}],"wp:attachment":[{"href":"https:\/\/www.lreply.com\/fr\/wp-json\/wp\/v2\/media?parent=2966"}],"curies":[{"name":"wp","href":"https:\/\/api.w.org\/{rel}","templated":true}]}}