{"id":3,"date":"2020-01-05T23:02:45","date_gmt":"2020-01-05T23:02:45","guid":{"rendered":"https:\/\/www.lreply.com\/?page_id=3"},"modified":"2021-10-05T03:32:42","modified_gmt":"2021-10-05T03:32:42","slug":"privacy-policy","status":"publish","type":"page","link":"https:\/\/www.lreply.com\/fr\/politique-de-confidentialite\/","title":{"rendered":"Politique de confidentialit\u00e9"},"content":{"rendered":"<h2>Qui nous sommes<\/h2>\n\n\n\n<p>Our website address is: <a href=\"https:\/\/www.lreply.com\/fr\/\" target=\"_blank\" rel=\"noreferrer noopener\">https:\/\/www.<\/a><a href=\"https:\/\/www.lreply.com\/fr\/\">lreply<\/a><a href=\"https:\/\/www.lreply.com\/fr\/\" target=\"_blank\" rel=\"noreferrer noopener\">.com<\/a>.<\/p>\n\n\n\n<h2>Quelles donn\u00e9es personnelles nous collectons et pourquoi nous les collectons<\/h2>\n\n\n\n<h3>Commentaires<\/h3>\n\n\n\n<p>Lorsque les visiteurs laissent des commentaires sur le site, nous collectons les donn\u00e9es affich\u00e9es dans le formulaire de commentaires, ainsi que l'adresse IP du visiteur et la cha\u00eene de l'agent utilisateur du navigateur pour faciliter la d\u00e9tection du spam.<\/p>\n\n\n\n<p>Une cha\u00eene anonymis\u00e9e cr\u00e9\u00e9e \u00e0 partir de votre adresse e-mail (\u00e9galement appel\u00e9e hachage) peut \u00eatre fournie au service Gravatar pour voir si vous l'utilisez. La politique de confidentialit\u00e9 du service Gravatar est disponible ici : https:\/\/automattic.com\/privacy\/. Apr\u00e8s validation de votre commentaire, votre photo de profil est visible publiquement \u00e0 cot\u00e9 de votre commentaire.<\/p>\n\n\n\n<h3>M\u00e9dias<\/h3>\n\n\n\n<p>Si vous t\u00e9l\u00e9chargez des images sur le site Web, vous devez \u00e9viter de t\u00e9l\u00e9charger des images avec des donn\u00e9es de localisation int\u00e9gr\u00e9es (EXIF GPS) incluses. Les visiteurs du site Web peuvent t\u00e9l\u00e9charger et extraire toutes les donn\u00e9es de localisation des images sur le site Web.<\/p>\n\n\n\n<h3>Formulaires de contact<\/h3>\n\n\n\n<h3>Cookies<\/h3>\n\n\n\n<p>Si vous laissez un commentaire sur notre site, vous pouvez choisir d'enregistrer votre nom, votre adresse e-mail et votre site Web dans les cookies. Ceux-ci sont pour votre commodit\u00e9 afin que vous n'ayez pas \u00e0 ressaisir vos coordonn\u00e9es lorsque vous laissez un autre commentaire. Ces cookies dureront un an.<\/p>\n\n\n\n<p>Si vous visitez notre page de connexion, nous d\u00e9finirons un cookie temporaire pour d\u00e9terminer si votre navigateur accepte les cookies. Ce cookie ne contient aucune donn\u00e9e personnelle et est supprim\u00e9 lorsque vous fermez votre navigateur.<\/p>\n\n\n\n<p>Lors de votre connexion, nous mettrons \u00e9galement en place plusieurs cookies pour enregistrer vos informations de connexion et vos choix d'affichage \u00e0 l'\u00e9cran. Les cookies de connexion durent deux jours et les cookies d'options d'\u00e9cran durent un an. Si vous s\u00e9lectionnez \u00ab\u00a0Se souvenir de moi\u00a0\u00bb, votre connexion persistera pendant deux semaines. Si vous vous d\u00e9connectez de votre compte, les cookies de connexion seront supprim\u00e9s.<\/p>\n\n\n\n<p>Si vous modifiez ou publiez un article, un cookie suppl\u00e9mentaire sera enregistr\u00e9 dans votre navigateur. Ce cookie ne contient aucune donn\u00e9e personnelle et indique simplement l'ID de publication de l'article que vous venez de modifier. Il expire apr\u00e8s 1 jour.<\/p>\n\n\n\n<h3>Contenu int\u00e9gr\u00e9 provenant d'autres sites Web<\/h3>\n\n\n\n<p>Les articles de ce site peuvent inclure du contenu int\u00e9gr\u00e9 (par exemple des vid\u00e9os, des images, des articles, etc.). Le contenu int\u00e9gr\u00e9 d'autres sites Web se comporte exactement de la m\u00eame mani\u00e8re que si le visiteur avait visit\u00e9 l'autre site Web.<\/p>\n\n\n\n<p>Ces sites Web peuvent collecter des donn\u00e9es vous concernant, utiliser des cookies, int\u00e9grer un suivi tiers suppl\u00e9mentaire et surveiller votre interaction avec ce contenu int\u00e9gr\u00e9, y compris le suivi de votre interaction avec le contenu int\u00e9gr\u00e9 si vous avez un compte et \u00eates connect\u00e9 \u00e0 ce site Web.<\/p>\n\n\n\n<h2>Bases l\u00e9gales<\/h2>\n\n\n\n<p>Dans ce qui suit, nous partageons la base juridique du r\u00e8glement g\u00e9n\u00e9ral sur la protection des donn\u00e9es (RGPD), sur la base duquel nous traitons les donn\u00e9es personnelles. Veuillez noter qu'en plus des dispositions du RGPD, les exigences nationales en mati\u00e8re de protection des donn\u00e9es dans votre ou notre pays de r\u00e9sidence et de domicile peuvent s'appliquer. De plus, si des bases juridiques plus sp\u00e9cifiques sont pertinentes dans des cas individuels, nous vous en informerons dans la d\u00e9claration de protection des donn\u00e9es.<\/p>\n\n\n\n<h2>Combien de temps conservons-nous vos donn\u00e9es<\/h2>\n\n\n\n<p>Si vous laissez un commentaire, le commentaire et ses m\u00e9tadonn\u00e9es sont conserv\u00e9s ind\u00e9finiment. C'est ainsi que nous pouvons reconna\u00eetre et approuver automatiquement tous les commentaires de suivi au lieu de les maintenir dans une file d'attente de mod\u00e9ration.<\/p>\n\n\n\n<p>Pour les utilisateurs qui s'inscrivent sur notre site Web (le cas \u00e9ch\u00e9ant), nous stockons \u00e9galement les informations personnelles qu'ils fournissent dans leur profil d'utilisateur. Tous les utilisateurs peuvent voir, modifier ou supprimer leurs informations personnelles \u00e0 tout moment (sauf qu'ils ne peuvent pas changer leur nom d'utilisateur). Les administrateurs de sites Web peuvent \u00e9galement voir et modifier ces informations.<\/p>\n\n\n\n<h2>Quels droits vous avez sur vos donn\u00e9es<\/h2>\n\n\n\n<p>Si vous avez un compte sur ce site, ou avez laiss\u00e9 des commentaires, vous pouvez demander \u00e0 recevoir un fichier export\u00e9 des donn\u00e9es personnelles que nous d\u00e9tenons \u00e0 votre sujet, y compris toutes les donn\u00e9es que vous nous avez fournies. Vous pouvez \u00e9galement demander que nous effacions toutes les donn\u00e9es personnelles que nous d\u00e9tenons \u00e0 votre sujet. Cela n'inclut pas les donn\u00e9es que nous sommes oblig\u00e9s de conserver \u00e0 des fins administratives, juridiques ou de s\u00e9curit\u00e9.<\/p>\n\n\n\n<h2>O\u00f9 nous envoyons vos donn\u00e9es<\/h2>\n\n\n\n<p>Les commentaires des visiteurs peuvent \u00eatre v\u00e9rifi\u00e9s via un service automatis\u00e9 de d\u00e9tection de spam.<\/p>","protected":false},"excerpt":{"rendered":"<p>Who we are Our website address is: https:\/\/www.lreply.com. What personal data we collect and why we collect it Comments When visitors leave comments on the site we collect the data shown in the comments form, and also the visitor\u2019s IP [&hellip;]<\/p>","protected":false},"author":1,"featured_media":0,"parent":0,"menu_order":0,"comment_status":"closed","ping_status":"closed","template":"","meta":{"content-type":"","_monsterinsights_skip_tracking":false,"_monsterinsights_sitenote_active":false,"_monsterinsights_sitenote_note":"","_monsterinsights_sitenote_category":0},"yoast_head":"<!-- This site is optimized with the Yoast SEO plugin v19.4 - https:\/\/yoast.com\/wordpress\/plugins\/seo\/ -->\n<title>Privacy Policy | LReply<\/title>\n<meta name=\"description\" content=\"LReply is committed to protecting the privacy and confidentiality of your personal information.\" \/>\n<meta name=\"robots\" content=\"index, follow, max-snippet:-1, max-image-preview:large, max-video-preview:-1\" \/>\n<link rel=\"canonical\" href=\"https:\/\/www.lreply.com\/fr\/politique-de-confidentialite\/\" \/>\n<meta property=\"og:locale\" content=\"fr_FR\" \/>\n<meta property=\"og:type\" content=\"article\" \/>\n<meta property=\"og:title\" content=\"Privacy Policy | LReply\" \/>\n<meta property=\"og:description\" content=\"LReply is committed to protecting the privacy and confidentiality of your personal information.\" \/>\n<meta property=\"og:url\" content=\"https:\/\/www.lreply.com\/fr\/politique-de-confidentialite\/\" \/>\n<meta property=\"og:site_name\" content=\"LReply\" \/>\n<meta property=\"article:modified_time\" content=\"2021-10-05T03:32:42+00:00\" \/>\n<meta name=\"twitter:card\" content=\"summary_large_image\" \/>\n<meta name=\"twitter:label1\" content=\"Est. reading time\" \/>\n\t<meta name=\"twitter:data1\" content=\"3 minutes\" \/>\n<script type=\"application\/ld+json\" class=\"yoast-schema-graph\">{\"@context\":\"https:\/\/schema.org\",\"@graph\":[{\"@type\":\"Organization\",\"@id\":\"https:\/\/www.lreply.com\/#organization\",\"name\":\"LReply\",\"url\":\"https:\/\/www.lreply.com\/\",\"sameAs\":[],\"logo\":{\"@type\":\"ImageObject\",\"inLanguage\":\"fr-FR\",\"@id\":\"https:\/\/www.lreply.com\/#\/schema\/logo\/image\/\",\"url\":\"https:\/\/www.lreply.com\/wp-content\/uploads\/2021\/09\/Logo-LReply-Standart.png\",\"contentUrl\":\"https:\/\/www.lreply.com\/wp-content\/uploads\/2021\/09\/Logo-LReply-Standart.png\",\"width\":512,\"height\":512,\"caption\":\"LReply\"},\"image\":{\"@id\":\"https:\/\/www.lreply.com\/#\/schema\/logo\/image\/\"}},{\"@type\":\"WebSite\",\"@id\":\"https:\/\/www.lreply.com\/#website\",\"url\":\"https:\/\/www.lreply.com\/\",\"name\":\"LReply\",\"description\":\"Marketing success through differentiation\",\"publisher\":{\"@id\":\"https:\/\/www.lreply.com\/#organization\"},\"potentialAction\":[{\"@type\":\"SearchAction\",\"target\":{\"@type\":\"EntryPoint\",\"urlTemplate\":\"https:\/\/www.lreply.com\/?s={search_term_string}\"},\"query-input\":\"required name=search_term_string\"}],\"inLanguage\":\"fr-FR\"},{\"@type\":\"WebPage\",\"@id\":\"https:\/\/www.lreply.com\/fr\/politique-de-confidentialite\/\",\"url\":\"https:\/\/www.lreply.com\/fr\/politique-de-confidentialite\/\",\"name\":\"Privacy Policy | LReply\",\"isPartOf\":{\"@id\":\"https:\/\/www.lreply.com\/#website\"},\"datePublished\":\"2020-01-05T23:02:45+00:00\",\"dateModified\":\"2021-10-05T03:32:42+00:00\",\"description\":\"LReply is committed to protecting the privacy and confidentiality of your personal information.\",\"breadcrumb\":{\"@id\":\"https:\/\/www.lreply.com\/fr\/politique-de-confidentialite\/#breadcrumb\"},\"inLanguage\":\"fr-FR\",\"potentialAction\":[{\"@type\":\"ReadAction\",\"target\":[\"https:\/\/www.lreply.com\/fr\/politique-de-confidentialite\/\"]}]},{\"@type\":\"BreadcrumbList\",\"@id\":\"https:\/\/www.lreply.com\/fr\/politique-de-confidentialite\/#breadcrumb\",\"itemListElement\":[{\"@type\":\"ListItem\",\"position\":1,\"name\":\"Home\",\"item\":\"https:\/\/www.lreply.com\/\"},{\"@type\":\"ListItem\",\"position\":2,\"name\":\"Privacy Policy\"}]}]}<\/script>\n<!-- \/ Yoast SEO plugin. -->","yoast_head_json":{"title":"Privacy Policy | LReply","description":"LReply is committed to protecting the privacy and confidentiality of your personal information.","robots":{"index":"index","follow":"follow","max-snippet":"max-snippet:-1","max-image-preview":"max-image-preview:large","max-video-preview":"max-video-preview:-1"},"canonical":"https:\/\/www.lreply.com\/fr\/politique-de-confidentialite\/","og_locale":"fr_FR","og_type":"article","og_title":"Privacy Policy | LReply","og_description":"LReply is committed to protecting the privacy and confidentiality of your personal information.","og_url":"https:\/\/www.lreply.com\/fr\/politique-de-confidentialite\/","og_site_name":"LReply","article_modified_time":"2021-10-05T03:32:42+00:00","twitter_card":"summary_large_image","twitter_misc":{"Est. reading time":"3 minutes"},"schema":{"@context":"https:\/\/schema.org","@graph":[{"@type":"Organization","@id":"https:\/\/www.lreply.com\/#organization","name":"LReply","url":"https:\/\/www.lreply.com\/","sameAs":[],"logo":{"@type":"ImageObject","inLanguage":"fr-FR","@id":"https:\/\/www.lreply.com\/#\/schema\/logo\/image\/","url":"https:\/\/www.lreply.com\/wp-content\/uploads\/2021\/09\/Logo-LReply-Standart.png","contentUrl":"https:\/\/www.lreply.com\/wp-content\/uploads\/2021\/09\/Logo-LReply-Standart.png","width":512,"height":512,"caption":"LReply"},"image":{"@id":"https:\/\/www.lreply.com\/#\/schema\/logo\/image\/"}},{"@type":"WebSite","@id":"https:\/\/www.lreply.com\/#website","url":"https:\/\/www.lreply.com\/","name":"LReply","description":"Marketing success through differentiation","publisher":{"@id":"https:\/\/www.lreply.com\/#organization"},"potentialAction":[{"@type":"SearchAction","target":{"@type":"EntryPoint","urlTemplate":"https:\/\/www.lreply.com\/?s={search_term_string}"},"query-input":"required name=search_term_string"}],"inLanguage":"fr-FR"},{"@type":"WebPage","@id":"https:\/\/www.lreply.com\/fr\/politique-de-confidentialite\/","url":"https:\/\/www.lreply.com\/fr\/politique-de-confidentialite\/","name":"Privacy Policy | LReply","isPartOf":{"@id":"https:\/\/www.lreply.com\/#website"},"datePublished":"2020-01-05T23:02:45+00:00","dateModified":"2021-10-05T03:32:42+00:00","description":"LReply is committed to protecting the privacy and confidentiality of your personal information.","breadcrumb":{"@id":"https:\/\/www.lreply.com\/fr\/politique-de-confidentialite\/#breadcrumb"},"inLanguage":"fr-FR","potentialAction":[{"@type":"ReadAction","target":["https:\/\/www.lreply.com\/fr\/politique-de-confidentialite\/"]}]},{"@type":"BreadcrumbList","@id":"https:\/\/www.lreply.com\/fr\/politique-de-confidentialite\/#breadcrumb","itemListElement":[{"@type":"ListItem","position":1,"name":"Home","item":"https:\/\/www.lreply.com\/"},{"@type":"ListItem","position":2,"name":"Privacy Policy"}]}]}},"_links":{"self":[{"href":"https:\/\/www.lreply.com\/fr\/wp-json\/wp\/v2\/pages\/3"}],"collection":[{"href":"https:\/\/www.lreply.com\/fr\/wp-json\/wp\/v2\/pages"}],"about":[{"href":"https:\/\/www.lreply.com\/fr\/wp-json\/wp\/v2\/types\/page"}],"author":[{"embeddable":true,"href":"https:\/\/www.lreply.com\/fr\/wp-json\/wp\/v2\/users\/1"}],"replies":[{"embeddable":true,"href":"https:\/\/www.lreply.com\/fr\/wp-json\/wp\/v2\/comments?post=3"}],"version-history":[{"count":4,"href":"https:\/\/www.lreply.com\/fr\/wp-json\/wp\/v2\/pages\/3\/revisions"}],"predecessor-version":[{"id":2552,"href":"https:\/\/www.lreply.com\/fr\/wp-json\/wp\/v2\/pages\/3\/revisions\/2552"}],"wp:attachment":[{"href":"https:\/\/www.lreply.com\/fr\/wp-json\/wp\/v2\/media?parent=3"}],"curies":[{"name":"wp","href":"https:\/\/api.w.org\/{rel}","templated":true}]}}