{"id":569,"date":"2020-01-22T19:11:10","date_gmt":"2020-01-22T19:11:10","guid":{"rendered":"https:\/\/www.lreply.com\/?page_id=569"},"modified":"2022-12-04T15:03:00","modified_gmt":"2022-12-04T15:03:00","slug":"legal-center","status":"publish","type":"page","link":"https:\/\/www.lreply.com\/fr\/mentions-legales\/","title":{"rendered":"Mentions l\u00e9gales"},"content":{"rendered":"<h2><strong>Cette mention s'applique \u00e0 tous les services t\u00e9l\u00e9m\u00e9dias de LReply GmbH.<\/strong><\/h2>\n\n\n\n<p><strong>LReply GmbH <br><\/strong>Marktstrasse 12 <br>72218 Wildberg <br>Allemagne<\/p>\n\n\n\n<p>Tel: +49 (0)7054 &#8211; 9325086<br>E-Mail: contact@lreply.com<\/p>\n\n\n\n<p>Conseil d'administration : Christoph Konrad, Willy Makend<\/p>\n\n\n\n<p>Toute description dans ce document est uniquement \u00e0 des fins d'information g\u00e9n\u00e9rale et ne constitue pas une offre de vente ou une sollicitation d'une offre d'achat.<\/p>\n\n\n\n<p>Registre du commerce de Stuttgart, n\u00b0 HRB 4562039<\/p>\n\n\n\n<p>Num\u00e9ro de TVA intracommunautaire : DE 279432784<\/p>","protected":false},"excerpt":{"rendered":"<p>This imprint applies to all telemedia services of LReply GmbH. LReply GmbH Marktstrasse 12 72218 Wildberg Germany Tel: +49 (0)7054 &#8211; 9325086E-Mail: contact@lreply.com Board of Management: Christoph Konrad, Willy Makend Any description in this document is for general information purposes [&hellip;]<\/p>","protected":false},"author":1,"featured_media":1985,"parent":0,"menu_order":0,"comment_status":"closed","ping_status":"closed","template":"","meta":{"content-type":"","_monsterinsights_skip_tracking":false,"_monsterinsights_sitenote_active":false,"_monsterinsights_sitenote_note":"","_monsterinsights_sitenote_category":0},"yoast_head":"<!-- This site is optimized with the Yoast SEO plugin v19.4 - https:\/\/yoast.com\/wordpress\/plugins\/seo\/ -->\n<title>Legal Center | LReply<\/title>\n<meta name=\"description\" content=\"Find legal information for LReply here\" \/>\n<meta name=\"robots\" content=\"index, follow, max-snippet:-1, max-image-preview:large, max-video-preview:-1\" \/>\n<link rel=\"canonical\" href=\"https:\/\/www.lreply.com\/fr\/mentions-legales\/\" \/>\n<meta property=\"og:locale\" content=\"fr_FR\" \/>\n<meta property=\"og:type\" content=\"article\" \/>\n<meta property=\"og:title\" content=\"Legal Center | LReply\" \/>\n<meta property=\"og:description\" content=\"Find legal information for LReply here\" \/>\n<meta property=\"og:url\" content=\"https:\/\/www.lreply.com\/fr\/mentions-legales\/\" \/>\n<meta property=\"og:site_name\" content=\"LReply\" \/>\n<meta property=\"article:modified_time\" content=\"2022-12-04T15:03:00+00:00\" \/>\n<meta property=\"og:image\" content=\"https:\/\/www.lreply.com\/wp-content\/uploads\/2020\/09\/law.png\" \/>\n\t<meta property=\"og:image:width\" content=\"2500\" \/>\n\t<meta property=\"og:image:height\" content=\"932\" \/>\n\t<meta property=\"og:image:type\" content=\"image\/png\" \/>\n<meta name=\"twitter:card\" content=\"summary_large_image\" \/>\n<meta name=\"twitter:label1\" content=\"Est. reading time\" \/>\n\t<meta name=\"twitter:data1\" content=\"1 minute\" \/>\n<script type=\"application\/ld+json\" class=\"yoast-schema-graph\">{\"@context\":\"https:\/\/schema.org\",\"@graph\":[{\"@type\":\"Organization\",\"@id\":\"https:\/\/www.lreply.com\/#organization\",\"name\":\"LReply\",\"url\":\"https:\/\/www.lreply.com\/\",\"sameAs\":[],\"logo\":{\"@type\":\"ImageObject\",\"inLanguage\":\"fr-FR\",\"@id\":\"https:\/\/www.lreply.com\/#\/schema\/logo\/image\/\",\"url\":\"https:\/\/www.lreply.com\/wp-content\/uploads\/2021\/09\/Logo-LReply-Standart.png\",\"contentUrl\":\"https:\/\/www.lreply.com\/wp-content\/uploads\/2021\/09\/Logo-LReply-Standart.png\",\"width\":512,\"height\":512,\"caption\":\"LReply\"},\"image\":{\"@id\":\"https:\/\/www.lreply.com\/#\/schema\/logo\/image\/\"}},{\"@type\":\"WebSite\",\"@id\":\"https:\/\/www.lreply.com\/#website\",\"url\":\"https:\/\/www.lreply.com\/\",\"name\":\"LReply\",\"description\":\"Marketing success through differentiation\",\"publisher\":{\"@id\":\"https:\/\/www.lreply.com\/#organization\"},\"potentialAction\":[{\"@type\":\"SearchAction\",\"target\":{\"@type\":\"EntryPoint\",\"urlTemplate\":\"https:\/\/www.lreply.com\/?s={search_term_string}\"},\"query-input\":\"required name=search_term_string\"}],\"inLanguage\":\"fr-FR\"},{\"@type\":\"WebPage\",\"@id\":\"https:\/\/www.lreply.com\/legal-center\/\",\"url\":\"https:\/\/www.lreply.com\/legal-center\/\",\"name\":\"Legal Center | LReply\",\"isPartOf\":{\"@id\":\"https:\/\/www.lreply.com\/#website\"},\"datePublished\":\"2020-01-22T19:11:10+00:00\",\"dateModified\":\"2022-12-04T15:03:00+00:00\",\"description\":\"Find legal information for LReply here\",\"breadcrumb\":{\"@id\":\"https:\/\/www.lreply.com\/legal-center\/#breadcrumb\"},\"inLanguage\":\"fr-FR\",\"potentialAction\":[{\"@type\":\"ReadAction\",\"target\":[\"https:\/\/www.lreply.com\/legal-center\/\"]}]},{\"@type\":\"BreadcrumbList\",\"@id\":\"https:\/\/www.lreply.com\/legal-center\/#breadcrumb\",\"itemListElement\":[{\"@type\":\"ListItem\",\"position\":1,\"name\":\"Home\",\"item\":\"https:\/\/www.lreply.com\/\"},{\"@type\":\"ListItem\",\"position\":2,\"name\":\"Legal Center\"}]}]}<\/script>\n<!-- \/ Yoast SEO plugin. -->","yoast_head_json":{"title":"Legal Center | LReply","description":"Find legal information for LReply here","robots":{"index":"index","follow":"follow","max-snippet":"max-snippet:-1","max-image-preview":"max-image-preview:large","max-video-preview":"max-video-preview:-1"},"canonical":"https:\/\/www.lreply.com\/fr\/mentions-legales\/","og_locale":"fr_FR","og_type":"article","og_title":"Legal Center | LReply","og_description":"Find legal information for LReply here","og_url":"https:\/\/www.lreply.com\/fr\/mentions-legales\/","og_site_name":"LReply","article_modified_time":"2022-12-04T15:03:00+00:00","og_image":[{"width":2500,"height":932,"url":"https:\/\/www.lreply.com\/wp-content\/uploads\/2020\/09\/law.png","type":"image\/png"}],"twitter_card":"summary_large_image","twitter_misc":{"Est. reading time":"1 minute"},"schema":{"@context":"https:\/\/schema.org","@graph":[{"@type":"Organization","@id":"https:\/\/www.lreply.com\/#organization","name":"LReply","url":"https:\/\/www.lreply.com\/","sameAs":[],"logo":{"@type":"ImageObject","inLanguage":"fr-FR","@id":"https:\/\/www.lreply.com\/#\/schema\/logo\/image\/","url":"https:\/\/www.lreply.com\/wp-content\/uploads\/2021\/09\/Logo-LReply-Standart.png","contentUrl":"https:\/\/www.lreply.com\/wp-content\/uploads\/2021\/09\/Logo-LReply-Standart.png","width":512,"height":512,"caption":"LReply"},"image":{"@id":"https:\/\/www.lreply.com\/#\/schema\/logo\/image\/"}},{"@type":"WebSite","@id":"https:\/\/www.lreply.com\/#website","url":"https:\/\/www.lreply.com\/","name":"LReply","description":"Marketing success through differentiation","publisher":{"@id":"https:\/\/www.lreply.com\/#organization"},"potentialAction":[{"@type":"SearchAction","target":{"@type":"EntryPoint","urlTemplate":"https:\/\/www.lreply.com\/?s={search_term_string}"},"query-input":"required name=search_term_string"}],"inLanguage":"fr-FR"},{"@type":"WebPage","@id":"https:\/\/www.lreply.com\/legal-center\/","url":"https:\/\/www.lreply.com\/legal-center\/","name":"Legal Center | LReply","isPartOf":{"@id":"https:\/\/www.lreply.com\/#website"},"datePublished":"2020-01-22T19:11:10+00:00","dateModified":"2022-12-04T15:03:00+00:00","description":"Find legal information for LReply here","breadcrumb":{"@id":"https:\/\/www.lreply.com\/legal-center\/#breadcrumb"},"inLanguage":"fr-FR","potentialAction":[{"@type":"ReadAction","target":["https:\/\/www.lreply.com\/legal-center\/"]}]},{"@type":"BreadcrumbList","@id":"https:\/\/www.lreply.com\/legal-center\/#breadcrumb","itemListElement":[{"@type":"ListItem","position":1,"name":"Home","item":"https:\/\/www.lreply.com\/"},{"@type":"ListItem","position":2,"name":"Legal Center"}]}]}},"_links":{"self":[{"href":"https:\/\/www.lreply.com\/fr\/wp-json\/wp\/v2\/pages\/569"}],"collection":[{"href":"https:\/\/www.lreply.com\/fr\/wp-json\/wp\/v2\/pages"}],"about":[{"href":"https:\/\/www.lreply.com\/fr\/wp-json\/wp\/v2\/types\/page"}],"author":[{"embeddable":true,"href":"https:\/\/www.lreply.com\/fr\/wp-json\/wp\/v2\/users\/1"}],"replies":[{"embeddable":true,"href":"https:\/\/www.lreply.com\/fr\/wp-json\/wp\/v2\/comments?post=569"}],"version-history":[{"count":5,"href":"https:\/\/www.lreply.com\/fr\/wp-json\/wp\/v2\/pages\/569\/revisions"}],"predecessor-version":[{"id":3376,"href":"https:\/\/www.lreply.com\/fr\/wp-json\/wp\/v2\/pages\/569\/revisions\/3376"}],"wp:featuredmedia":[{"embeddable":true,"href":"https:\/\/www.lreply.com\/fr\/wp-json\/wp\/v2\/media\/1985"}],"wp:attachment":[{"href":"https:\/\/www.lreply.com\/fr\/wp-json\/wp\/v2\/media?parent=569"}],"curies":[{"name":"wp","href":"https:\/\/api.w.org\/{rel}","templated":true}]}}