{"id":592,"date":"2020-01-23T11:44:39","date_gmt":"2020-01-23T11:44:39","guid":{"rendered":"https:\/\/www.lreply.com\/?page_id=592"},"modified":"2024-10-14T06:09:18","modified_gmt":"2024-10-14T06:09:18","slug":"how-it-works","status":"publish","type":"page","link":"https:\/\/www.lreply.com\/fr\/comment-ca-fonctionne-3\/","title":{"rendered":"Comment \u00e7a fonctionne"},"content":{"rendered":"<h1 class=\"has-text-align-center\"><span class=\"has-inline-color has-vivid-red-color\">Utiliser une plateforme bas\u00e9e sur l'IA pour diff\u00e9rencier les produits et obtenir un avantage concurrentiel<\/span><\/h1>\n\n\n\n<p><\/p>\n\n\n\n<h2 class=\"has-text-align-center\"><span class=\"has-inline-color has-black-color\">Les fabricants de biens de consommation et de biens industriels cherchent \u00e0 se distinguer de la concurrence par les caract\u00e9ristiques de leurs produits. Nous aidons \u00e0 obtenir un avantage concurrentiel et \u00e0 am\u00e9liorer les performances d'une entreprise.<\/span><\/h2>\n\n\n\n<p><\/p>\n\n\n\n<p><\/p>\n\n\n\n<h2 class=\"has-text-align-center\"><span class=\"has-inline-color has-vivid-red-color\">Mod\u00e8le de recherche<\/span><\/h2>\n\n\n\n<h2 class=\"has-text-align-center\"><span class=\"has-inline-color has-black-color\">Compte tenu de ces \u00e9l\u00e9ments, un mod\u00e8le de recherche a \u00e9t\u00e9 \u00e9labor\u00e9 pour montrer la relation entre toutes les variables de recherche (comme la conception du produit, le marketing, l'emballage et la tarification) et la performance organisationnelle.<\/span><\/h2>\n\n\n\n<div class=\"wp-block-image\"><figure class=\"aligncenter size-full\"><img loading=\"lazy\" width=\"900\" height=\"649\" src=\"https:\/\/www.lreply.com\/wp-content\/uploads\/2023\/02\/French-Dia.png\" alt=\"\" class=\"wp-image-3619\" srcset=\"https:\/\/www.lreply.com\/wp-content\/uploads\/2023\/02\/French-Dia.png 901w, https:\/\/www.lreply.com\/wp-content\/uploads\/2023\/02\/French-Dia-300x240.png 300w, https:\/\/www.lreply.com\/wp-content\/uploads\/2023\/02\/French-Dia-768x615.png 768w, https:\/\/www.lreply.com\/wp-content\/uploads\/2023\/02\/French-Dia-15x12.png 15w\" sizes=\"(max-width: 900px) 100vw, 900px\" \/><\/figure><\/div>\n\n\n\n<h2 class=\"has-text-align-center\"><span class=\"has-inline-color has-vivid-red-color\">Le Framework<\/span><\/h2>\n\n\n\n<h2 class=\"has-text-align-center\"><\/h2>\n\n\n\n<h2 class=\"has-text-align-center\"> <span class=\"has-inline-color has-black-color\">La plateforme permet de diff\u00e9rencier les produits gr\u00e2ce \u00e0 un cycle d'engagement de test en temps r\u00e9el jusqu'\u00e0 la prise de d\u00e9cision au niveau d'un hub central.<\/span> <\/h2>\n\n\n\n<div class=\"wp-block-image\"><figure class=\"aligncenter size-full\"><img loading=\"lazy\" width=\"800\" height=\"651\" src=\"https:\/\/www.lreply.com\/wp-content\/uploads\/2023\/02\/user_experience_monitoring.jpg\" alt=\"\" class=\"wp-image-3571\" srcset=\"https:\/\/www.lreply.com\/wp-content\/uploads\/2023\/02\/user_experience_monitoring.jpg 800w, https:\/\/www.lreply.com\/wp-content\/uploads\/2023\/02\/user_experience_monitoring-300x244.jpg 300w, https:\/\/www.lreply.com\/wp-content\/uploads\/2023\/02\/user_experience_monitoring-768x625.jpg 768w, https:\/\/www.lreply.com\/wp-content\/uploads\/2023\/02\/user_experience_monitoring-15x12.jpg 15w\" sizes=\"(max-width: 800px) 100vw, 800px\" \/><\/figure><\/div>\n\n\n\n<h2 class=\"has-text-align-center\"><span class=\"has-inline-color has-vivid-red-color\">Avantage concurrentiel (A.C.)<\/span><\/h2>\n\n\n\n<h2 class=\"has-text-align-center\"><span class=\"has-inline-color has-black-color\">Au final, nous obtenons les caract\u00e9ristiques d'un avantage concurrentiel bas\u00e9 sur la qualit\u00e9, l'\u00e9tiquetage et la certification des produits. Ceci r\u00e9sulte de l'approche de mod\u00e9lisation des donn\u00e9es sur la concurrence de produits diff\u00e9renci\u00e9s de m\u00eame type.<\/span><\/h2>\n\n\n\n<p><\/p>\n\n\n\n<div class=\"wp-block-image\"><figure class=\"aligncenter size-large is-resized\"><img loading=\"lazy\" src=\"https:\/\/www.lreply.com\/wp-content\/uploads\/2024\/10\/avantage-concurrentiel.png\" alt=\"\" class=\"wp-image-5048\" width=\"768\" height=\"470\" srcset=\"https:\/\/www.lreply.com\/wp-content\/uploads\/2024\/10\/avantage-concurrentiel.png 2560w, https:\/\/www.lreply.com\/wp-content\/uploads\/2024\/10\/avantage-concurrentiel-300x183.png 300w, https:\/\/www.lreply.com\/wp-content\/uploads\/2024\/10\/avantage-concurrentiel-1024x626.png 1024w, https:\/\/www.lreply.com\/wp-content\/uploads\/2024\/10\/avantage-concurrentiel-768x470.png 768w, https:\/\/www.lreply.com\/wp-content\/uploads\/2024\/10\/avantage-concurrentiel-1536x939.png 1536w, https:\/\/www.lreply.com\/wp-content\/uploads\/2024\/10\/avantage-concurrentiel-18x12.png 18w\" sizes=\"(max-width: 768px) 100vw, 768px\" \/><\/figure><\/div>\n\n\n\n<div class=\"wp-block-image\"><figure class=\"aligncenter size-full\"><img loading=\"lazy\" width=\"1010\" height=\"266\" src=\"https:\/\/www.lreply.com\/wp-content\/uploads\/2022\/12\/dialogue-francais.png\" alt=\"Dialogue\" class=\"wp-image-3413\" srcset=\"https:\/\/www.lreply.com\/wp-content\/uploads\/2022\/12\/dialogue-francais.png 1010w, https:\/\/www.lreply.com\/wp-content\/uploads\/2022\/12\/dialogue-francais-300x79.png 300w, https:\/\/www.lreply.com\/wp-content\/uploads\/2022\/12\/dialogue-francais-768x202.png 768w, https:\/\/www.lreply.com\/wp-content\/uploads\/2022\/12\/dialogue-francais-18x5.png 18w\" sizes=\"(max-width: 1010px) 100vw, 1010px\" \/><\/figure><\/div>\n\n\n\n<h2 class=\"has-text-align-center\" style=\"color: #cf2e2e\">Obtenez votre rendez-vous de d\u00e9monstration gratuit et sans engagement<\/h2>\n\n\n\n<p><\/p>\n\n\n\n<div class=\"has-text-align-center\"><button style=\"margin-bottom: 10px; border-radius: 0px; text-align: center;background-color: #bd4231;    border: 2px solid #bd4231 !important;\" type=\"submit\" class=\"eltdf-btn eltdf-btn-medium eltdf-btn-solid\"><span style=\"font-size: 20px; font-weight: 500;\" class=\"eltdf-btn-text\"><a style=\"color: #ffffff !important;\" href=\"https:\/\/calendly.com\/lreply\">R\u00e9servation<\/a><\/span><\/button><\/div>","protected":false},"excerpt":{"rendered":"<p>Using an AI-based platform for product differentiation to gain competitive advantage Fabricators of consumer and industrial goods seek competitive distinction via product features. We help to achieve a competitive advantage and improve the performance of a company. Reseach Model In [&hellip;]<\/p>","protected":false},"author":1,"featured_media":0,"parent":0,"menu_order":0,"comment_status":"closed","ping_status":"closed","template":"","meta":{"content-type":"","_monsterinsights_skip_tracking":false,"_monsterinsights_sitenote_active":false,"_monsterinsights_sitenote_note":"","_monsterinsights_sitenote_category":0},"yoast_head":"<!-- This site is optimized with the Yoast SEO plugin v19.4 - https:\/\/yoast.com\/wordpress\/plugins\/seo\/ -->\n<title>Learn How LReply Works! | LReply<\/title>\n<meta name=\"description\" content=\"We cover the fundamentals of test and measurement including data acquisition, sensors. Gratisproben,\" \/>\n<meta name=\"robots\" content=\"index, follow, max-snippet:-1, max-image-preview:large, max-video-preview:-1\" \/>\n<link rel=\"canonical\" href=\"https:\/\/www.lreply.com\/fr\/comment-ca-fonctionne-3\/\" \/>\n<meta property=\"og:locale\" content=\"fr_FR\" \/>\n<meta property=\"og:type\" content=\"article\" \/>\n<meta property=\"og:title\" content=\"Learn How LReply Works! | LReply\" \/>\n<meta property=\"og:description\" content=\"We cover the fundamentals of test and measurement including data acquisition, sensors. Gratisproben,\" \/>\n<meta property=\"og:url\" content=\"https:\/\/www.lreply.com\/fr\/comment-ca-fonctionne-3\/\" \/>\n<meta property=\"og:site_name\" content=\"LReply\" \/>\n<meta property=\"article:modified_time\" content=\"2024-10-14T06:09:18+00:00\" \/>\n<meta property=\"og:image\" content=\"https:\/\/www.lreply.com\/wp-content\/uploads\/2023\/02\/English-Dia.png\" \/>\n<meta name=\"twitter:card\" content=\"summary_large_image\" \/>\n<meta name=\"twitter:label1\" content=\"Est. reading time\" \/>\n\t<meta name=\"twitter:data1\" content=\"2 minutes\" \/>\n<script type=\"application\/ld+json\" class=\"yoast-schema-graph\">{\"@context\":\"https:\/\/schema.org\",\"@graph\":[{\"@type\":\"Organization\",\"@id\":\"https:\/\/www.lreply.com\/#organization\",\"name\":\"LReply\",\"url\":\"https:\/\/www.lreply.com\/\",\"sameAs\":[],\"logo\":{\"@type\":\"ImageObject\",\"inLanguage\":\"fr-FR\",\"@id\":\"https:\/\/www.lreply.com\/#\/schema\/logo\/image\/\",\"url\":\"https:\/\/www.lreply.com\/wp-content\/uploads\/2021\/09\/Logo-LReply-Standart.png\",\"contentUrl\":\"https:\/\/www.lreply.com\/wp-content\/uploads\/2021\/09\/Logo-LReply-Standart.png\",\"width\":512,\"height\":512,\"caption\":\"LReply\"},\"image\":{\"@id\":\"https:\/\/www.lreply.com\/#\/schema\/logo\/image\/\"}},{\"@type\":\"WebSite\",\"@id\":\"https:\/\/www.lreply.com\/#website\",\"url\":\"https:\/\/www.lreply.com\/\",\"name\":\"LReply\",\"description\":\"Marketing success through differentiation\",\"publisher\":{\"@id\":\"https:\/\/www.lreply.com\/#organization\"},\"potentialAction\":[{\"@type\":\"SearchAction\",\"target\":{\"@type\":\"EntryPoint\",\"urlTemplate\":\"https:\/\/www.lreply.com\/?s={search_term_string}\"},\"query-input\":\"required name=search_term_string\"}],\"inLanguage\":\"fr-FR\"},{\"@type\":\"WebPage\",\"@id\":\"https:\/\/www.lreply.com\/how-it-works\/\",\"url\":\"https:\/\/www.lreply.com\/how-it-works\/\",\"name\":\"Learn How LReply Works! | LReply\",\"isPartOf\":{\"@id\":\"https:\/\/www.lreply.com\/#website\"},\"datePublished\":\"2020-01-23T11:44:39+00:00\",\"dateModified\":\"2024-10-14T06:09:18+00:00\",\"description\":\"We cover the fundamentals of test and measurement including data acquisition, sensors. Gratisproben,\",\"breadcrumb\":{\"@id\":\"https:\/\/www.lreply.com\/how-it-works\/#breadcrumb\"},\"inLanguage\":\"fr-FR\",\"potentialAction\":[{\"@type\":\"ReadAction\",\"target\":[\"https:\/\/www.lreply.com\/how-it-works\/\"]}]},{\"@type\":\"BreadcrumbList\",\"@id\":\"https:\/\/www.lreply.com\/how-it-works\/#breadcrumb\",\"itemListElement\":[{\"@type\":\"ListItem\",\"position\":1,\"name\":\"Home\",\"item\":\"https:\/\/www.lreply.com\/\"},{\"@type\":\"ListItem\",\"position\":2,\"name\":\"How it works\"}]}]}<\/script>\n<!-- \/ Yoast SEO plugin. -->","yoast_head_json":{"title":"Learn How LReply Works! | LReply","description":"We cover the fundamentals of test and measurement including data acquisition, sensors. Gratisproben,","robots":{"index":"index","follow":"follow","max-snippet":"max-snippet:-1","max-image-preview":"max-image-preview:large","max-video-preview":"max-video-preview:-1"},"canonical":"https:\/\/www.lreply.com\/fr\/comment-ca-fonctionne-3\/","og_locale":"fr_FR","og_type":"article","og_title":"Learn How LReply Works! | LReply","og_description":"We cover the fundamentals of test and measurement including data acquisition, sensors. Gratisproben,","og_url":"https:\/\/www.lreply.com\/fr\/comment-ca-fonctionne-3\/","og_site_name":"LReply","article_modified_time":"2024-10-14T06:09:18+00:00","og_image":[{"url":"https:\/\/www.lreply.com\/wp-content\/uploads\/2023\/02\/English-Dia.png"}],"twitter_card":"summary_large_image","twitter_misc":{"Est. reading time":"2 minutes"},"schema":{"@context":"https:\/\/schema.org","@graph":[{"@type":"Organization","@id":"https:\/\/www.lreply.com\/#organization","name":"LReply","url":"https:\/\/www.lreply.com\/","sameAs":[],"logo":{"@type":"ImageObject","inLanguage":"fr-FR","@id":"https:\/\/www.lreply.com\/#\/schema\/logo\/image\/","url":"https:\/\/www.lreply.com\/wp-content\/uploads\/2021\/09\/Logo-LReply-Standart.png","contentUrl":"https:\/\/www.lreply.com\/wp-content\/uploads\/2021\/09\/Logo-LReply-Standart.png","width":512,"height":512,"caption":"LReply"},"image":{"@id":"https:\/\/www.lreply.com\/#\/schema\/logo\/image\/"}},{"@type":"WebSite","@id":"https:\/\/www.lreply.com\/#website","url":"https:\/\/www.lreply.com\/","name":"LReply","description":"Marketing success through differentiation","publisher":{"@id":"https:\/\/www.lreply.com\/#organization"},"potentialAction":[{"@type":"SearchAction","target":{"@type":"EntryPoint","urlTemplate":"https:\/\/www.lreply.com\/?s={search_term_string}"},"query-input":"required name=search_term_string"}],"inLanguage":"fr-FR"},{"@type":"WebPage","@id":"https:\/\/www.lreply.com\/how-it-works\/","url":"https:\/\/www.lreply.com\/how-it-works\/","name":"Learn How LReply Works! | LReply","isPartOf":{"@id":"https:\/\/www.lreply.com\/#website"},"datePublished":"2020-01-23T11:44:39+00:00","dateModified":"2024-10-14T06:09:18+00:00","description":"We cover the fundamentals of test and measurement including data acquisition, sensors. Gratisproben,","breadcrumb":{"@id":"https:\/\/www.lreply.com\/how-it-works\/#breadcrumb"},"inLanguage":"fr-FR","potentialAction":[{"@type":"ReadAction","target":["https:\/\/www.lreply.com\/how-it-works\/"]}]},{"@type":"BreadcrumbList","@id":"https:\/\/www.lreply.com\/how-it-works\/#breadcrumb","itemListElement":[{"@type":"ListItem","position":1,"name":"Home","item":"https:\/\/www.lreply.com\/"},{"@type":"ListItem","position":2,"name":"How it works"}]}]}},"_links":{"self":[{"href":"https:\/\/www.lreply.com\/fr\/wp-json\/wp\/v2\/pages\/592"}],"collection":[{"href":"https:\/\/www.lreply.com\/fr\/wp-json\/wp\/v2\/pages"}],"about":[{"href":"https:\/\/www.lreply.com\/fr\/wp-json\/wp\/v2\/types\/page"}],"author":[{"embeddable":true,"href":"https:\/\/www.lreply.com\/fr\/wp-json\/wp\/v2\/users\/1"}],"replies":[{"embeddable":true,"href":"https:\/\/www.lreply.com\/fr\/wp-json\/wp\/v2\/comments?post=592"}],"version-history":[{"count":6,"href":"https:\/\/www.lreply.com\/fr\/wp-json\/wp\/v2\/pages\/592\/revisions"}],"predecessor-version":[{"id":5065,"href":"https:\/\/www.lreply.com\/fr\/wp-json\/wp\/v2\/pages\/592\/revisions\/5065"}],"wp:attachment":[{"href":"https:\/\/www.lreply.com\/fr\/wp-json\/wp\/v2\/media?parent=592"}],"curies":[{"name":"wp","href":"https:\/\/api.w.org\/{rel}","templated":true}]}}