{"id":662,"date":"2020-01-24T17:56:00","date_gmt":"2020-01-24T17:56:00","guid":{"rendered":"https:\/\/www.lreply.com\/?page_id=662"},"modified":"2024-10-13T21:49:45","modified_gmt":"2024-10-13T21:49:45","slug":"request-demo","status":"publish","type":"page","link":"https:\/\/www.lreply.com\/fr\/demande-demo\/","title":{"rendered":"Demander une d\u00e9mo personnalis\u00e9e"},"content":{"rendered":"<div class=\"eltdf-grid-row\">\n<div class=\"eltdf-column-content eltdf-grid-col-6\">\n<h2>Pour voir ce que Reply peut faire pour vous. Vous pouvez demander une d\u00e9mo.<\/h2>\n<p>\n<\/p><h3>La diff\u00e9renciation ne se limite pas \u00e0 donner aux clients ce qu'ils attendent. Ce qu'ils attendent peut \u00eatre compl\u00e9t\u00e9 par des \u00e9l\u00e9ments auxquels ils n'ont jamais pens\u00e9.<\/h3><p>Veuillez remplir le formulaire pour demander votre appel de d\u00e9monstration gratuit et personnalis\u00e9 et un sp\u00e9cialiste produit vous contactera sous peu.<\/p>\n<div class=\"wp-block-image\"><figure class=\"aligncenter size-large\"><img loading=\"lazy\" width=\"300\" height=\"511\" src=\"https:\/\/www.lreply.com\/wp-content\/uploads\/2023\/08\/ADZ-Siegel-LReply-GmbH_CMYK_v300.png\" alt=\"\" class=\"wp-image-2053\" srcset=\"https:\/\/www.lreply.com\/wp-content\/uploads\/2024\/10\/ADZ-Siegel_Mini_Format_LReply-GmbH_v300-1.png 879w, https:\/\/www.lreply.com\/wp-content\/uploads\/2024\/10\/ADZ-Siegel_Mini_Format_LReply-GmbH_v300-1.png, https:\/\/www.lreply.com\/wp-content\/uploads\/2024\/10\/ADZ-Siegel_Mini_Format_LReply-GmbH_v300-1.png 768w, https:\/\/www.lreply.com\/wp-content\/uploads\/2024\/10\/ADZ-Siegel_Mini_Format_LReply-GmbH_v300-1.png 600w\" sizes=\"(max-width: 879px) 100vw, 879px\"><\/figure><\/div>\n<\/div>\n<div class=\"eltdf-column-content eltdf-grid-col-6\"><p style=\"margin-left: 10px\"><div role=\"form\" class=\"wpcf7\" id=\"wpcf7-f1754-o1\" lang=\"en-US\" dir=\"ltr\">\n<div class=\"screen-reader-response\"><p role=\"status\" aria-live=\"polite\" aria-atomic=\"true\"><\/p> <ul><\/ul><\/div>\n<form action=\"\/fr\/wp-json\/wp\/v2\/pages\/662#wpcf7-f1754-o1\" method=\"post\" class=\"wpcf7-form init\" novalidate=\"novalidate\" data-status=\"init\" data-trp-original-action=\"\/fr\/wp-json\/wp\/v2\/pages\/662#wpcf7-f1754-o1\">\n<div style=\"display: none;\">\n<input type=\"hidden\" name=\"_wpcf7\" value=\"1754\" \/>\n<input type=\"hidden\" name=\"_wpcf7_version\" value=\"5.5.6.1\" \/>\n<input type=\"hidden\" name=\"_wpcf7_locale\" value=\"en_US\" \/>\n<input type=\"hidden\" name=\"_wpcf7_unit_tag\" value=\"wpcf7-f1754-o1\" \/>\n<input type=\"hidden\" name=\"_wpcf7_container_post\" value=\"0\" \/>\n<input type=\"hidden\" name=\"_wpcf7_posted_data_hash\" value=\"\" \/>\n<\/div>\n<p><!--<br \/>\n<h2>Request a Demo<\/h2>\n<p> --><br \/>\n<label>Votre pr\u00e9nom? (*)<br \/>\n    <span class=\"wpcf7-form-control-wrap your-first-name\"><input type=\"text\" name=\"your-first-name\" value=\"\" size=\"40\" class=\"wpcf7-form-control wpcf7-text wpcf7-validates-as-required\" aria-required=\"true\" aria-invalid=\"false\" \/><\/span> <\/label><br \/>\n<label> Votre Nom? (obligatoire)<br \/>\n    <span class=\"wpcf7-form-control-wrap your-last-name\"><input type=\"text\" name=\"your-last-name\" value=\"\" size=\"40\" class=\"wpcf7-form-control wpcf7-text wpcf7-validates-as-required\" aria-required=\"true\" aria-invalid=\"false\" \/><\/span> <\/label><br \/>\n<label> Votre adresse e-mail professionnelle? (obligatoire)<br \/>\n    <span class=\"wpcf7-form-control-wrap your-email\"><input type=\"email\" name=\"your-email\" value=\"\" size=\"40\" class=\"wpcf7-form-control wpcf7-text wpcf7-email wpcf7-validates-as-required wpcf7-validates-as-email\" aria-required=\"true\" aria-invalid=\"false\" \/><\/span> <\/label><br \/>\n<label> Taille de l'entreprise<br \/>\n<span class=\"wpcf7-form-control-wrap menu-790\"><select name=\"menu-790\" class=\"wpcf7-form-control wpcf7-select wpcf7-validates-as-required\" aria-required=\"true\" aria-invalid=\"false\"><option value=\"\">---<\/option><option value=\"0 - 249\">0 - 249<\/option><option value=\"250 - 2499\">250 - 2499<\/option><option value=\"2500 - 4999\">2500 - 4999<\/option><option value=\"5000 +\">5000 +<\/option><\/select><\/span><\/label><br \/>\n<span style=\"font-size: 12px\">En cliquant sur Soumettre, vous acceptez notre <a href=\"https:\/\/www.lreply.com\/fr\/politique-de-confidentialite\/\">politique de confidentialit\u00e9<\/span>.<\/a><br \/>\n&nbsp;&nbsp;&nbsp;<br \/>\n<button type=\"submit\" class=\"wpcf7-form-control wpcf7-submit eltdf-btn eltdf-btn-medium eltdf-btn-solid\"><span class=\"eltdf-btn-text\">SOUMETTRE<\/span><\/button><\/p>\n<div class=\"wpcf7-response-output\" aria-hidden=\"true\"><\/div><input type=\"hidden\" name=\"trp-form-language\" value=\"fr\"\/><\/form><\/div><\/div>\n<\/div>\n\n\n\n<p><\/p>","protected":false},"excerpt":{"rendered":"<p>To see what LReply can do for you. You can request a demo. Differentiation is not limited to giving customers what they expect. What they expect may be augmented by things they have never thought about.Please fill in the form [&hellip;]<\/p>","protected":false},"author":1,"featured_media":0,"parent":0,"menu_order":0,"comment_status":"closed","ping_status":"closed","template":"","meta":{"content-type":"","_monsterinsights_skip_tracking":false,"_monsterinsights_sitenote_active":false,"_monsterinsights_sitenote_note":"","_monsterinsights_sitenote_category":0},"yoast_head":"<!-- This site is optimized with the Yoast SEO plugin v19.4 - https:\/\/yoast.com\/wordpress\/plugins\/seo\/ -->\n<title>Request a Free Demo - LReply<\/title>\n<meta name=\"description\" content=\"To make sure we give you the most relevant information about our products and pricing, please fill out the form to request your free, LReply demo.\" \/>\n<meta name=\"robots\" content=\"index, follow, max-snippet:-1, max-image-preview:large, max-video-preview:-1\" \/>\n<link rel=\"canonical\" href=\"https:\/\/www.lreply.com\/fr\/demande-demo\/\" \/>\n<meta property=\"og:locale\" content=\"fr_FR\" \/>\n<meta property=\"og:type\" content=\"article\" \/>\n<meta property=\"og:title\" content=\"Request a Free Demo - LReply\" \/>\n<meta property=\"og:description\" content=\"To make sure we give you the most relevant information about our products and pricing, please fill out the form to request your free, LReply demo.\" \/>\n<meta property=\"og:url\" content=\"https:\/\/www.lreply.com\/fr\/demande-demo\/\" \/>\n<meta property=\"og:site_name\" content=\"LReply\" \/>\n<meta property=\"article:modified_time\" content=\"2024-10-13T21:49:45+00:00\" \/>\n<meta property=\"og:image\" content=\"https:\/\/www.lreply.com\/wp-content\/uploads\/2023\/08\/ADZ-Siegel-LReply-GmbH_CMYK_v300.png\" \/>\n<meta name=\"twitter:card\" content=\"summary_large_image\" \/>\n<meta name=\"twitter:label1\" content=\"Est. reading time\" \/>\n\t<meta name=\"twitter:data1\" content=\"1 minute\" \/>\n<script type=\"application\/ld+json\" class=\"yoast-schema-graph\">{\"@context\":\"https:\/\/schema.org\",\"@graph\":[{\"@type\":\"Organization\",\"@id\":\"https:\/\/www.lreply.com\/#organization\",\"name\":\"LReply\",\"url\":\"https:\/\/www.lreply.com\/\",\"sameAs\":[],\"logo\":{\"@type\":\"ImageObject\",\"inLanguage\":\"fr-FR\",\"@id\":\"https:\/\/www.lreply.com\/#\/schema\/logo\/image\/\",\"url\":\"https:\/\/www.lreply.com\/wp-content\/uploads\/2021\/09\/Logo-LReply-Standart.png\",\"contentUrl\":\"https:\/\/www.lreply.com\/wp-content\/uploads\/2021\/09\/Logo-LReply-Standart.png\",\"width\":512,\"height\":512,\"caption\":\"LReply\"},\"image\":{\"@id\":\"https:\/\/www.lreply.com\/#\/schema\/logo\/image\/\"}},{\"@type\":\"WebSite\",\"@id\":\"https:\/\/www.lreply.com\/#website\",\"url\":\"https:\/\/www.lreply.com\/\",\"name\":\"LReply\",\"description\":\"Marketing success through differentiation\",\"publisher\":{\"@id\":\"https:\/\/www.lreply.com\/#organization\"},\"potentialAction\":[{\"@type\":\"SearchAction\",\"target\":{\"@type\":\"EntryPoint\",\"urlTemplate\":\"https:\/\/www.lreply.com\/?s={search_term_string}\"},\"query-input\":\"required name=search_term_string\"}],\"inLanguage\":\"fr-FR\"},{\"@type\":\"WebPage\",\"@id\":\"https:\/\/www.lreply.com\/request-demo\/\",\"url\":\"https:\/\/www.lreply.com\/request-demo\/\",\"name\":\"Request a Free Demo - LReply\",\"isPartOf\":{\"@id\":\"https:\/\/www.lreply.com\/#website\"},\"datePublished\":\"2020-01-24T17:56:00+00:00\",\"dateModified\":\"2024-10-13T21:49:45+00:00\",\"description\":\"To make sure we give you the most relevant information about our products and pricing, please fill out the form to request your free, LReply demo.\",\"breadcrumb\":{\"@id\":\"https:\/\/www.lreply.com\/request-demo\/#breadcrumb\"},\"inLanguage\":\"fr-FR\",\"potentialAction\":[{\"@type\":\"ReadAction\",\"target\":[\"https:\/\/www.lreply.com\/request-demo\/\"]}]},{\"@type\":\"BreadcrumbList\",\"@id\":\"https:\/\/www.lreply.com\/request-demo\/#breadcrumb\",\"itemListElement\":[{\"@type\":\"ListItem\",\"position\":1,\"name\":\"Home\",\"item\":\"https:\/\/www.lreply.com\/\"},{\"@type\":\"ListItem\",\"position\":2,\"name\":\"Request a personalized demo\"}]}]}<\/script>\n<!-- \/ Yoast SEO plugin. -->","yoast_head_json":{"title":"Request a Free Demo - LReply","description":"To make sure we give you the most relevant information about our products and pricing, please fill out the form to request your free, LReply demo.","robots":{"index":"index","follow":"follow","max-snippet":"max-snippet:-1","max-image-preview":"max-image-preview:large","max-video-preview":"max-video-preview:-1"},"canonical":"https:\/\/www.lreply.com\/fr\/demande-demo\/","og_locale":"fr_FR","og_type":"article","og_title":"Request a Free Demo - LReply","og_description":"To make sure we give you the most relevant information about our products and pricing, please fill out the form to request your free, LReply demo.","og_url":"https:\/\/www.lreply.com\/fr\/demande-demo\/","og_site_name":"LReply","article_modified_time":"2024-10-13T21:49:45+00:00","og_image":[{"url":"https:\/\/www.lreply.com\/wp-content\/uploads\/2023\/08\/ADZ-Siegel-LReply-GmbH_CMYK_v300.png"}],"twitter_card":"summary_large_image","twitter_misc":{"Est. reading time":"1 minute"},"schema":{"@context":"https:\/\/schema.org","@graph":[{"@type":"Organization","@id":"https:\/\/www.lreply.com\/#organization","name":"LReply","url":"https:\/\/www.lreply.com\/","sameAs":[],"logo":{"@type":"ImageObject","inLanguage":"fr-FR","@id":"https:\/\/www.lreply.com\/#\/schema\/logo\/image\/","url":"https:\/\/www.lreply.com\/wp-content\/uploads\/2021\/09\/Logo-LReply-Standart.png","contentUrl":"https:\/\/www.lreply.com\/wp-content\/uploads\/2021\/09\/Logo-LReply-Standart.png","width":512,"height":512,"caption":"LReply"},"image":{"@id":"https:\/\/www.lreply.com\/#\/schema\/logo\/image\/"}},{"@type":"WebSite","@id":"https:\/\/www.lreply.com\/#website","url":"https:\/\/www.lreply.com\/","name":"LReply","description":"Marketing success through differentiation","publisher":{"@id":"https:\/\/www.lreply.com\/#organization"},"potentialAction":[{"@type":"SearchAction","target":{"@type":"EntryPoint","urlTemplate":"https:\/\/www.lreply.com\/?s={search_term_string}"},"query-input":"required name=search_term_string"}],"inLanguage":"fr-FR"},{"@type":"WebPage","@id":"https:\/\/www.lreply.com\/request-demo\/","url":"https:\/\/www.lreply.com\/request-demo\/","name":"Request a Free Demo - LReply","isPartOf":{"@id":"https:\/\/www.lreply.com\/#website"},"datePublished":"2020-01-24T17:56:00+00:00","dateModified":"2024-10-13T21:49:45+00:00","description":"To make sure we give you the most relevant information about our products and pricing, please fill out the form to request your free, LReply demo.","breadcrumb":{"@id":"https:\/\/www.lreply.com\/request-demo\/#breadcrumb"},"inLanguage":"fr-FR","potentialAction":[{"@type":"ReadAction","target":["https:\/\/www.lreply.com\/request-demo\/"]}]},{"@type":"BreadcrumbList","@id":"https:\/\/www.lreply.com\/request-demo\/#breadcrumb","itemListElement":[{"@type":"ListItem","position":1,"name":"Home","item":"https:\/\/www.lreply.com\/"},{"@type":"ListItem","position":2,"name":"Request a personalized demo"}]}]}},"_links":{"self":[{"href":"https:\/\/www.lreply.com\/fr\/wp-json\/wp\/v2\/pages\/662"}],"collection":[{"href":"https:\/\/www.lreply.com\/fr\/wp-json\/wp\/v2\/pages"}],"about":[{"href":"https:\/\/www.lreply.com\/fr\/wp-json\/wp\/v2\/types\/page"}],"author":[{"embeddable":true,"href":"https:\/\/www.lreply.com\/fr\/wp-json\/wp\/v2\/users\/1"}],"replies":[{"embeddable":true,"href":"https:\/\/www.lreply.com\/fr\/wp-json\/wp\/v2\/comments?post=662"}],"version-history":[{"count":4,"href":"https:\/\/www.lreply.com\/fr\/wp-json\/wp\/v2\/pages\/662\/revisions"}],"predecessor-version":[{"id":5056,"href":"https:\/\/www.lreply.com\/fr\/wp-json\/wp\/v2\/pages\/662\/revisions\/5056"}],"wp:attachment":[{"href":"https:\/\/www.lreply.com\/fr\/wp-json\/wp\/v2\/media?parent=662"}],"curies":[{"name":"wp","href":"https:\/\/api.w.org\/{rel}","templated":true}]}}